{"id":73,"date":"2023-01-02T21:35:25","date_gmt":"2023-01-02T19:35:25","guid":{"rendered":"https:\/\/niuxtech.lt\/?page_id=73"},"modified":"2023-04-01T21:08:31","modified_gmt":"2023-04-01T18:08:31","slug":"%d0%ba%d0%be%d0%bd%d1%82%d0%b0%d0%ba%d1%82%d1%8b","status":"publish","type":"page","link":"https:\/\/niuxtech.lt\/ru\/%d0%ba%d0%be%d0%bd%d1%82%d0%b0%d0%ba%d1%82%d1%8b\/","title":{"rendered":"\u041a\u043e\u043d\u0442\u0430\u043a\u0442\u044b"},"content":{"rendered":"<h2 style=\"\">\u0427\u0430\u0441\u0442\u043e \u0437\u0430\u0434\u0430\u0432\u0430\u0435\u043c\u044b\u0435 \u0432\u043e\u043f\u0440\u043e\u0441\u044b<\/h2>\n<p style=\"\">\u041f\u0435\u0440\u0435\u0434 \u043e\u0431\u0440\u0430\u0449\u0435\u043d\u0438\u0435\u043c \u043a \u043d\u0430\u043c \u0440\u0435\u043a\u043e\u043c\u0435\u043d\u0434\u0443\u0435\u043c \u043e\u0437\u043d\u0430\u043a\u043e\u043c\u0438\u0442\u044c\u0441\u044f \u0441 \u043f\u043e\u0434\u0440\u043e\u0431\u043d\u043e\u0439 \u0438\u043d\u0444\u043e\u0440\u043c\u0430\u0446\u0438\u0435\u0439 \u043e \u0437\u0430\u043a\u0430\u0437\u0435 \u0442\u043e\u0432\u0430\u0440\u0430, \u0432\u0432\u043e\u0434\u0435 \u043a\u043e\u0434\u0430 \u0441\u043a\u0438\u0434\u043a\u0438, \u0434\u043e\u0441\u0442\u0430\u0432\u043a\u0435 \u0438 \u0433\u0430\u0440\u0430\u043d\u0442\u0438\u0438. <a href=\"https:\/\/niuxtech.lt\/ru\/%d1%87%d0%b0%d1%81%d1%82%d0%be-%d0%b7%d0%b0%d0%b4%d0%b0%d0%b2%d0%b0%d0%b5%d0%bc%d1%8b%d0%b5-%d0%b2%d0%be%d0%bf%d1%80%d0%be%d1%81%d1%8b\/\" style=\"outline: none;\"><strong>\u043d\u0430 \u0441\u0442\u0440\u0430\u043d\u0438\u0446\u0435 \u0447\u0430\u0441\u0442\u043e \u0437\u0430\u0434\u0430\u0432\u0430\u0435\u043c\u044b\u0445 \u0432\u043e\u043f\u0440\u043e\u0441\u043e\u0432<\/strong><\/a>. \u0422\u0430\u043a\u0438\u043c \u043e\u0431\u0440\u0430\u0437\u043e\u043c, \u0432\u044b \u0431\u044b\u0441\u0442\u0440\u0435\u0435 \u0432\u0441\u0435\u0433\u043e \u0443\u0437\u043d\u0430\u0435\u0442\u0435 \u043e\u0442\u0432\u0435\u0442 \u043d\u0430 \u0432\u043e\u043b\u043d\u0443\u044e\u0449\u0438\u0439 \u0432\u0430\u0441 \u0432\u043e\u043f\u0440\u043e\u0441. \u041f\u043e \u043e\u0441\u0442\u0430\u043b\u044c\u043d\u044b\u043c \u0432\u043e\u043f\u0440\u043e\u0441\u0430\u043c, \u043a\u043e\u043d\u0441\u0443\u043b\u044c\u0442\u0430\u0446\u0438\u0438, \u0432\u043e\u0437\u043c\u043e\u0436\u043d\u043e\u0441\u0442\u044f\u043c \u0441\u043e\u0442\u0440\u0443\u0434\u043d\u0438\u0447\u0435\u0441\u0442\u0432\u0430 - \u0441\u0432\u044f\u0436\u0438\u0442\u0435\u0441\u044c \u0441 \u043d\u0430\u043c\u0438 \u0443\u0434\u043e\u0431\u043d\u044b\u043c \u0434\u043b\u044f \u0432\u0430\u0441 \u0441\u043f\u043e\u0441\u043e\u0431\u043e\u043c.<\/p>\n<h2 style=\"\">\u041a\u043e\u043d\u0442\u0430\u043a\u0442\u044b<\/h2>\n<p><a href=\"mailto:info@niuxtech.lt\"><span><img data-lazyloaded=\"1\" data-placeholder-resp=\"55x86\" src=\"https:\/\/niuxtech.lt\/wp-content\/uploads\/2023\/01\/email.png\" decoding=\"async\" alt=\"\" data-id=\"324\" data-init-width=\"112\" data-init-height=\"86\" title=\"\" data-src=\"https:\/\/niuxtech.lt\/wp-content\/uploads\/2023\/01\/email.png\" data-width=\"55\" loading=\"lazy\" width=\"55\" data-ll-status=\"loaded\"><\/span><\/p>\n<p style=\"font-size: 18px !important; line-height: 1.1em !important;\">\u042d\u043b\u0435\u043a\u0442\u0440\u043e\u043d\u043d\u0430\u044f \u043f\u043e\u0447\u0442\u0430<\/p>\n<p style=\"line-height: 1.25em !important;\">info@niuxtech.lt<\/p>\n<p><\/a><span><img data-lazyloaded=\"1\" data-placeholder-resp=\"55x112\" src=\"https:\/\/niuxtech.lt\/wp-content\/uploads\/2023\/01\/messenger.png\" decoding=\"async\" alt=\"\" data-id=\"323\" data-init-width=\"122\" data-init-height=\"112\" title=\"\u043f\u043e\u0441\u044b\u043b\u044c\u043d\u044b\u0439\" data-src=\"https:\/\/niuxtech.lt\/wp-content\/uploads\/2023\/01\/messenger.png\" data-width=\"55\" loading=\"lazy\" width=\"55\" data-ll-status=\"loaded\"><\/span><\/p>\n<p style=\"font-size: 18px !important; line-height: 1.1em !important;\">\u041c\u0435\u0441\u0441\u0435\u043d\u0434\u0436\u0435\u0440<\/p>\n<p style=\"\">NiuxTech \u041b\u0438\u0442\u0432\u0430<\/p>","protected":false},"excerpt":{"rendered":"<p>\u0427\u0430\u0441\u0442\u043e \u0437\u0430\u0434\u0430\u0432\u0430\u0435\u043c\u044b\u0435 \u0432\u043e\u043f\u0440\u043e\u0441\u044b \u041f\u0440\u0435\u0436\u0434\u0435 \u0447\u0435\u043c \u043e\u0431\u0440\u0430\u0449\u0430\u0442\u044c\u0441\u044f \u043a \u043d\u0430\u043c, \u0440\u0435\u043a\u043e\u043c\u0435\u043d\u0434\u0443\u0435\u043c \u043e\u0437\u043d\u0430\u043a\u043e\u043c\u0438\u0442\u044c\u0441\u044f \u0441 \u043f\u043e\u0434\u0440\u043e\u0431\u043d\u043e\u0439 \u0438\u043d\u0444\u043e\u0440\u043c\u0430\u0446\u0438\u0435\u0439 \u043e \u0437\u0430\u043a\u0430\u0437\u0435 \u0442\u043e\u0432\u0430\u0440\u0430, \u0432\u0432\u043e\u0434\u0435 \u043a\u043e\u0434\u0430 \u0441\u043a\u0438\u0434\u043a\u0438, \u0434\u043e\u0441\u0442\u0430\u0432\u043a\u0435 \u0438 \u0433\u0430\u0440\u0430\u043d\u0442\u0438\u0438 \u043d\u0430 \u0441\u0442\u0440\u0430\u043d\u0438\u0446\u0435 \u0447\u0430\u0441\u0442\u043e \u0437\u0430\u0434\u0430\u0432\u0430\u0435\u043c\u044b\u0445 \u0432\u043e\u043f\u0440\u043e\u0441\u043e\u0432. \u0422\u0430\u043a\u0438\u043c \u043e\u0431\u0440\u0430\u0437\u043e\u043c, \u0432\u044b \u0431\u044b\u0441\u0442\u0440\u0435\u0435 \u0432\u0441\u0435\u0433\u043e \u0443\u0437\u043d\u0430\u0435\u0442\u0435 \u043e\u0442\u0432\u0435\u0442 \u043d\u0430 \u0432\u043e\u043b\u043d\u0443\u044e\u0449\u0438\u0439 \u0432\u0430\u0441 \u0432\u043e\u043f\u0440\u043e\u0441. \u041f\u043e \u043e\u0441\u0442\u0430\u043b\u044c\u043d\u044b\u043c \u0432\u043e\u043f\u0440\u043e\u0441\u0430\u043c, \u043a\u043e\u043d\u0441\u0443\u043b\u044c\u0442\u0430\u0446\u0438\u0438, \u0432\u043e\u0437\u043c\u043e\u0436\u043d\u043e\u0441\u0442\u044f\u043c \u0441\u043e\u0442\u0440\u0443\u0434\u043d\u0438\u0447\u0435\u0441\u0442\u0432\u0430 - \u0441\u0432\u044f\u0436\u0438\u0442\u0435\u0441\u044c \u0441 \u043d\u0430\u043c\u0438 \u0443\u0434\u043e\u0431\u043d\u044b\u043c \u0434\u043b\u044f \u0432\u0430\u0441 \u0441\u043f\u043e\u0441\u043e\u0431\u043e\u043c. \u041a\u043e\u043d\u0442\u0430\u043a\u0442\u044b \u042d\u043b\u0435\u043a\u0442\u0440\u043e\u043d\u043d\u0430\u044f \u043f\u043e\u0447\u0442\u0430 info@niuxtech.lt Messenger NiuxTech \u041b\u0438\u0442\u0432\u0430<\/p>","protected":false},"author":1,"featured_media":0,"parent":0,"menu_order":0,"comment_status":"closed","ping_status":"closed","template":"","meta":{"footnotes":""},"class_list":["post-73","page","type-page","status-publish","hentry","post-wrapper","thrv_wrapper"],"meta_box":{"duk_temos":[],"puslapio_izanga":"Jei jums reikia patarimo renkantis prek\u0119, perkant i\u0161 <br>pardav\u0117jo ar turite klausim\u0173, susisiekite su mumis."},"_links":{"self":[{"href":"https:\/\/niuxtech.lt\/ru\/wp-json\/wp\/v2\/pages\/73","targetHints":{"allow":["GET"]}}],"collection":[{"href":"https:\/\/niuxtech.lt\/ru\/wp-json\/wp\/v2\/pages"}],"about":[{"href":"https:\/\/niuxtech.lt\/ru\/wp-json\/wp\/v2\/types\/page"}],"author":[{"embeddable":true,"href":"https:\/\/niuxtech.lt\/ru\/wp-json\/wp\/v2\/users\/1"}],"replies":[{"embeddable":true,"href":"https:\/\/niuxtech.lt\/ru\/wp-json\/wp\/v2\/comments?post=73"}],"version-history":[{"count":0,"href":"https:\/\/niuxtech.lt\/ru\/wp-json\/wp\/v2\/pages\/73\/revisions"}],"wp:attachment":[{"href":"https:\/\/niuxtech.lt\/ru\/wp-json\/wp\/v2\/media?parent=73"}],"curies":[{"name":"WP","href":"https:\/\/api.w.org\/{rel}","templated":true}]}}