{"id":290,"date":"2023-01-07T21:33:24","date_gmt":"2023-01-07T19:33:24","guid":{"rendered":"https:\/\/niuxtech.lt\/?page_id=290"},"modified":"2023-05-12T20:34:37","modified_gmt":"2023-05-12T17:34:37","slug":"otzyvy","status":"publish","type":"page","link":"https:\/\/niuxtech.lt\/ru\/otzyvy\/","title":{"rendered":"\u041e\u0431\u0437\u043e\u0440\u044b \u043f\u0440\u043e\u0434\u0443\u043a\u0442\u043e\u0432"},"content":{"rendered":"<p style=\"\"><\/p>\n<p style=\"\"><p class=\"niuxtech_post_modified_date\">2023-01-07<\/p><\/p>\n<h2 style=\"\"><span data-attr-link=\"0\" data-attr-rel=\"0\" data-attr-target=\"0\" data-extra_key=\"\" data-option-inline=\"1\" data-shortcode=\"tcb_post_title\" data-shortcode-name=\"Post title\" style=\"\">\u0420\u043e\u0431\u043e\u0442 \u0434\u043b\u044f \u043c\u043e\u0439\u043a\u0438 \u043e\u043a\u043e\u043d TOOKFUN W1. \u041a\u0430\u043a \u0441\u043b\u0435\u0434\u0443\u0435\u0442 \u0438\u0437 \u043d\u0430\u0437\u0432\u0430\u043d\u0438\u044f, \u044d\u0442\u043e \u0434\u043e\u043b\u0436\u043d\u043e \u0431\u044b\u0442\u044c \u0432\u0435\u0441\u0435\u043b\u043e, \u043d\u043e \u043a\u0430\u043a \u043d\u0430 \u0441\u0430\u043c\u043e\u043c \u0434\u0435\u043b\u0435?<\/span> <\/h2>\n<p style=\"\"><\/p>\n<p style=\"\"><p class=\"niuxtech_post_modified_date\">2023-01-07<\/p><\/p>\n<h2 style=\"\"><span data-attr-link=\"0\" data-attr-rel=\"0\" data-attr-target=\"0\" data-extra_key=\"\" data-option-inline=\"1\" data-shortcode=\"tcb_post_title\" data-shortcode-name=\"Post title\" style=\"\">Roborock Dyad Pro: \u0441\u0442\u043e\u0438\u0442 \u043b\u0438 \u043d\u0430 \u044d\u0442\u043e\u0442 \u043f\u044b\u043b\u0435\u0441\u043e\u0441 \u043e\u0431\u0440\u0430\u0449\u0430\u0442\u044c \u0432\u043d\u0438\u043c\u0430\u043d\u0438\u0435? \u041f\u043b\u044e\u0441\u044b, \u043c\u0438\u043d\u0443\u0441\u044b, \u0432\u0435\u0440\u0434\u0438\u043a\u0442!<\/span> <\/h2>\n<p style=\"\"><\/p>\n<p style=\"\"><p class=\"niuxtech_post_modified_date\">2023-01-07<\/p><\/p>\n<h2 style=\"\"><span data-attr-link=\"0\" data-attr-rel=\"0\" data-attr-target=\"0\" data-extra_key=\"\" data-option-inline=\"1\" data-shortcode=\"tcb_post_title\" data-shortcode-name=\"Post title\" style=\"\">NiuxTech \u043f\u0440\u043e\u0442\u0435\u0441\u0442\u0438\u0440\u043e\u0432\u0430\u043b\u0430 Bluetooth-\u0434\u0438\u043d\u0430\u043c\u0438\u043a\u0438 Tronsmart HALO 100!<\/span> <\/h2>\n<p style=\"\"><\/p>\n<p style=\"\"><p class=\"niuxtech_post_modified_date\">2023-01-07<\/p><\/p>\n<h2 style=\"\"><span data-attr-link=\"0\" data-attr-rel=\"0\" data-attr-target=\"0\" data-extra_key=\"\" data-option-inline=\"1\" data-shortcode=\"tcb_post_title\" data-shortcode-name=\"Post title\" style=\"\">\u041c\u044b \u043f\u0440\u043e\u0442\u0435\u0441\u0442\u0438\u0440\u043e\u0432\u0430\u043b\u0438 \u043d\u043e\u0432\u0435\u0439\u0448\u0438\u0435 \u043d\u0430\u0443\u0448\u043d\u0438\u043a\u0438 Soundcore Liberty 4 \u2014 \u043f\u0435\u0440\u0435\u043e\u0446\u0435\u043d\u0438\u043b\u0438?! \u0414\u0435\u043b\u0438\u043c\u0441\u044f \u0438\u043d\u0441\u0430\u0439\u0442\u0430\u043c\u0438!<\/span> <\/h2>\n<p style=\"\"><\/p>\n<p style=\"\"><p class=\"niuxtech_post_modified_date\">2023-01-07<\/p><\/p>\n<h2 style=\"\"><span data-attr-link=\"0\" data-attr-rel=\"0\" data-attr-target=\"0\" data-extra_key=\"\" data-option-inline=\"1\" data-shortcode=\"tcb_post_title\" data-shortcode-name=\"Post title\" style=\"\">NiuxTech \u043f\u0440\u043e\u0442\u0435\u0441\u0442\u0438\u0440\u043e\u0432\u0430\u043b\u0430 bluetooth-\u043d\u0430\u0443\u0448\u043d\u0438\u043a\u0438 Soundcore Q45! \u0421\u0442\u043e\u0438\u0442 \u043b\u0438 \u043f\u043e\u043a\u0443\u043f\u0430\u0442\u044c \u0437\u0430 \u20ac119?<\/span> <\/h2>\n<p style=\"\"><\/p>\n<p style=\"\"><p class=\"niuxtech_post_modified_date\">2023-01-07<\/p><\/p>\n<h2 style=\"\"><span data-attr-link=\"0\" data-attr-rel=\"0\" data-attr-target=\"0\" data-extra_key=\"\" data-option-inline=\"1\" data-shortcode=\"tcb_post_title\" data-shortcode-name=\"Post title\" style=\"\">\u041a\u0443\u0440\u0442\u043a\u0438 \u0441 \u0444\u0443\u043d\u043a\u0446\u0438\u0435\u0439 \u043e\u0431\u043e\u0433\u0440\u0435\u0432\u0430 \u2013 \u043f\u043e\u0434\u0445\u043e\u0434\u044f\u0442 \u043b\u0438 \u043e\u043d\u0438 \u0434\u043b\u044f \u043b\u0438\u0442\u043e\u0432\u0441\u043a\u043e\u0439 \u0437\u0438\u043c\u044b?<\/span> <\/h2>\n<p style=\"\"><\/p>\n<p style=\"\"><p class=\"niuxtech_post_modified_date\">2023-01-07<\/p><\/p>\n<h2 style=\"\"><span data-attr-link=\"0\" data-attr-rel=\"0\" data-attr-target=\"0\" data-extra_key=\"\" data-option-inline=\"1\" data-shortcode=\"tcb_post_title\" data-shortcode-name=\"Post title\" style=\"\">\u0423\u043c\u043d\u044b\u0439 \u0431\u0440\u0430\u0441\u043b\u0435\u0442 Xiaomi Band 7 Pro \u2014 \u0441\u0442\u043e\u0438\u0442 \u043b\u0438 \u043f\u043e\u043a\u0443\u043f\u0430\u0442\u044c \u00abPRO\u00bb?!<\/span> <\/h2>\n<p style=\"\"><\/p>\n<p style=\"\"><p class=\"niuxtech_post_modified_date\">2023-01-07<\/p><\/p>\n<h2 style=\"\"><span data-attr-link=\"0\" data-attr-rel=\"0\" data-attr-target=\"0\" data-extra_key=\"\" data-option-inline=\"1\" data-shortcode=\"tcb_post_title\" data-shortcode-name=\"Post title\" style=\"\">NECESPOW N1200 \u2014 \u043c\u043e\u0431\u0438\u043b\u044c\u043d\u0430\u044f \u044d\u043b\u0435\u043a\u0442\u0440\u043e\u0441\u0442\u0430\u043d\u0446\u0438\u044f \u0441 \u0430\u043a\u043a\u0443\u043c\u0443\u043b\u044f\u0442\u043e\u0440\u043e\u043c LiFePO4 1280 \u0412\u0442\u00b7\u0447 \u0438 \u043c\u0430\u043a\u0441\u0438\u043c\u0430\u043b\u044c\u043d\u043e\u0439 \u043c\u043e\u0449\u043d\u043e\u0441\u0442\u044c\u044e 2400 \u0412\u0442. \u0432\u043b\u0430\u0441\u0442\u044c!<\/span> <\/h2>\n<p style=\"\"><\/p>\n<p style=\"\"><p class=\"niuxtech_post_modified_date\">2023-01-07<\/p><\/p>\n<h2 style=\"\"><span data-attr-link=\"0\" data-attr-rel=\"0\" data-attr-target=\"0\" data-extra_key=\"\" data-option-inline=\"1\" data-shortcode=\"tcb_post_title\" data-shortcode-name=\"Post title\" style=\"\">\u041a\u043e\u043c\u043f\u0430\u043d\u0438\u044f NiuxTech \u043f\u0440\u043e\u0432\u0435\u043b\u0430 \u0438\u0441\u043f\u044b\u0442\u0430\u043d\u0438\u044f \u0440\u0443\u0447\u043d\u043e\u0433\u043e \u0431\u0435\u0441\u043f\u0440\u043e\u0432\u043e\u0434\u043d\u043e\u0433\u043e \u043f\u044b\u043b\u0435\u0441\u043e\u0441\u0430 Roborock H7. \u0414\u0435\u043b\u0438\u043c\u0441\u044f \u0432\u043f\u0435\u0447\u0430\u0442\u043b\u0435\u043d\u0438\u044f\u043c\u0438!<\/span> <\/h2>\n<p style=\"\"><\/p>\n<p style=\"\"><p class=\"niuxtech_post_modified_date\">2023-01-07<\/p><\/p>\n<h2 style=\"\"><span data-attr-link=\"0\" data-attr-rel=\"0\" data-attr-target=\"0\" data-extra_key=\"\" data-option-inline=\"1\" data-shortcode=\"tcb_post_title\" data-shortcode-name=\"Post title\" style=\"\">BLUETTI EB3A \u2014 \u043b\u0443\u0447\u0448\u0430\u044f \u043c\u043e\u0431\u0438\u043b\u044c\u043d\u0430\u044f \u044d\u043b\u0435\u043a\u0442\u0440\u043e\u0441\u0442\u0430\u043d\u0446\u0438\u044f \u0432 \u0441\u0432\u043e\u0435\u043c \u0441\u0435\u0433\u043c\u0435\u043d\u0442\u0435 \u0434\u043e 350 \u0435\u0432\u0440\u043e.<\/span> <\/h2>\n<p style=\"\"><\/p>\n<p style=\"\"><p class=\"niuxtech_post_modified_date\">2023-01-07<\/p><\/p>\n<h2 style=\"\"><span data-attr-link=\"0\" data-attr-rel=\"0\" data-attr-target=\"0\" data-extra_key=\"\" data-option-inline=\"1\" data-shortcode=\"tcb_post_title\" data-shortcode-name=\"Post title\" style=\"\">\u041c\u044b \u043f\u0440\u043e\u0442\u0435\u0441\u0442\u0438\u0440\u043e\u0432\u0430\u043b\u0438 \u043c\u043e\u0431\u0438\u043b\u044c\u043d\u0443\u044e \u044d\u043b\u0435\u043a\u0442\u0440\u043e\u0441\u0442\u0430\u043d\u0446\u0438\u044e Blitzwolf 500\u0412\u0442 + \u0441\u043e\u043b\u043d\u0435\u0447\u043d\u044b\u0439 \u043c\u043e\u0434\u0443\u043b\u044c 100\u0412\u0442!<\/span> <\/h2>\n<p style=\"\"><\/p>\n<p style=\"\"><p class=\"niuxtech_post_modified_date\">2023-01-07<\/p><\/p>\n<h2 style=\"\"><span data-attr-link=\"0\" data-attr-rel=\"0\" data-attr-target=\"0\" data-extra_key=\"\" data-option-inline=\"1\" data-shortcode=\"tcb_post_title\" data-shortcode-name=\"Post title\" style=\"\">Wanbo T2R Max \u2014 \u043c\u0438\u043d\u0438-\u043f\u0440\u043e\u0435\u043a\u0442\u043e\u0440 \u0432\u0435\u0441\u043e\u043c \u0432\u0441\u0435\u0433\u043e 1 \u043a\u0433 \u0441 \u0440\u0430\u0437\u0440\u0435\u0448\u0435\u043d\u0438\u0435\u043c 1080P!<\/span> <\/h2>\n<p style=\"\"><\/p>\n<p style=\"\"><p class=\"niuxtech_post_modified_date\">2023-01-07<\/p><\/p>\n<h2 style=\"\"><span data-attr-link=\"0\" data-attr-rel=\"0\" data-attr-target=\"0\" data-extra_key=\"\" data-option-inline=\"1\" data-shortcode=\"tcb_post_title\" data-shortcode-name=\"Post title\" style=\"\">Nami Burn E2 Max \u2014 \u0441\u043a\u0443\u0442\u0435\u0440 \u0441 \u0447\u0443\u0434\u043e\u0432\u0438\u0449\u043d\u043e\u0439 \u043c\u043e\u0449\u043d\u043e\u0441\u0442\u044c\u044e 8400 \u0412\u0442 \u0438 \u0441\u043a\u043e\u0440\u043e\u0441\u0442\u044c\u044e 90 \u043a\u043c\/\u0447!<\/span> <\/h2>\n<p style=\"\"><\/p>\n<p style=\"\"><p class=\"niuxtech_post_modified_date\">2023-01-07<\/p><\/p>\n<h2 style=\"\"><span data-attr-link=\"0\" data-attr-rel=\"0\" data-attr-target=\"0\" data-extra_key=\"\" data-option-inline=\"1\" data-shortcode=\"tcb_post_title\" data-shortcode-name=\"Post title\" style=\"\">Tronsmart Force MAX \u2014 \u044d\u0442\u043e \u0441\u0435\u0440\u044c\u0435\u0437\u043d\u0430\u044f Bluetooth-\u043a\u043e\u043b\u043e\u043d\u043a\u0430 \u043c\u043e\u0449\u043d\u043e\u0441\u0442\u044c\u044e 80 \u0412\u0442 \u0441 \u0437\u0430\u0449\u0438\u0442\u043e\u0439 IPX6.<\/span> <\/h2>\n<p style=\"\"><\/p>\n<p style=\"\"><p class=\"niuxtech_post_modified_date\">2023-01-07<\/p><\/p>\n<h2 style=\"\"><span data-attr-link=\"0\" data-attr-rel=\"0\" data-attr-target=\"0\" data-extra_key=\"\" data-option-inline=\"1\" data-shortcode=\"tcb_post_title\" data-shortcode-name=\"Post title\" style=\"\">\u041e\u0431\u0437\u043e\u0440 \u043d\u0430\u0434\u0443\u0432\u043d\u043e\u0433\u043e \u0432\u0435\u0441\u043b\u0430 Funwater! \u041f\u043b\u044e\u0441\u044b, \u043c\u0438\u043d\u0443\u0441\u044b, \u0441\u0442\u043e\u0438\u0442 \u043b\u0438 \u043f\u043e\u043a\u0443\u043f\u0430\u0442\u044c?<\/span> <\/h2>\n<p style=\"\"><\/p>\n<p style=\"\"><p class=\"niuxtech_post_modified_date\">2023-01-07<\/p><\/p>\n<h2 style=\"\"><span data-attr-link=\"0\" data-attr-rel=\"0\" data-attr-target=\"0\" data-extra_key=\"\" data-option-inline=\"1\" data-shortcode=\"tcb_post_title\" data-shortcode-name=\"Post title\" style=\"\">\u041c\u044b \u0442\u0435\u0441\u0442\u0438\u0440\u043e\u0432\u0430\u043b\u0438 \u043d\u0430\u0434\u0443\u0432\u043d\u044b\u0435 SUP \u043e\u0442 gshopper. \u0414\u0435\u043b\u0438\u043c\u0441\u044f \u0441\u0432\u043e\u0438\u043c\u0438 \u043d\u0430\u0431\u043b\u044e\u0434\u0435\u043d\u0438\u044f\u043c\u0438!<\/span> <\/h2>\n<p style=\"\"><\/p>\n<p style=\"\"><p class=\"niuxtech_post_modified_date\">2023-01-07<\/p><\/p>\n<h2 style=\"\"><span data-attr-link=\"0\" data-attr-rel=\"0\" data-attr-target=\"0\" data-extra_key=\"\" data-option-inline=\"1\" data-shortcode=\"tcb_post_title\" data-shortcode-name=\"Post title\" style=\"\">\u042d\u043b\u0435\u043a\u0442\u0440\u0438\u0447\u0435\u0441\u043a\u0438\u0439 \u043b\u043e\u043d\u0433\u0431\u043e\u0440\u0434 LAOTIE X5 \u0441 \u043a\u043e\u0441\u043c\u0438\u0447\u0435\u0441\u043a\u043e\u0439 \u043c\u043e\u0449\u043d\u043e\u0441\u0442\u044c\u044e 3300 \u0412\u0442 \u0438 \u043c\u0430\u043a\u0441\u0438\u043c\u0430\u043b\u044c\u043d\u043e\u0439 \u0441\u043a\u043e\u0440\u043e\u0441\u0442\u044c\u044e 40 \u043a\u043c\/\u0447!<\/span> <\/h2>\n<p style=\"\"><\/p>\n<p style=\"\"><p class=\"niuxtech_post_modified_date\">2023-01-07<\/p><\/p>\n<h2 style=\"\"><span data-attr-link=\"0\" data-attr-rel=\"0\" data-attr-target=\"0\" data-extra_key=\"\" data-option-inline=\"1\" data-shortcode=\"tcb_post_title\" data-shortcode-name=\"Post title\" style=\"\">\u042d\u043b\u0435\u043a\u0442\u0440\u043e\u0441\u0430\u043c\u043e\u043a\u0430\u0442 Segway Ninebot D28E: \u043b\u0443\u0447\u0448\u0435, \u0447\u0435\u043c Xiaomi 1S?<\/span> <\/h2>\n<p style=\"\"><\/p>\n<p style=\"\"><p class=\"niuxtech_post_modified_date\">2023-01-07<\/p><\/p>\n<h2 style=\"\"><span data-attr-link=\"0\" data-attr-rel=\"0\" data-attr-target=\"0\" data-extra_key=\"\" data-option-inline=\"1\" data-shortcode=\"tcb_post_title\" data-shortcode-name=\"Post title\" style=\"\">Kaabo Wolf Warrior KING \u2014 \u043c\u043e\u0449\u043d\u044b\u0439 72-\u0432\u043e\u043b\u044c\u0442\u043e\u0432\u044b\u0439 \u043c\u043e\u043d\u0441\u0442\u0440 \u0434\u043b\u044f \u0431\u0435\u0437\u0434\u043e\u0440\u043e\u0436\u044c\u044f.<\/span> <\/h2>\n<p style=\"\"><\/p>\n<p style=\"\"><p class=\"niuxtech_post_modified_date\">2023-01-07<\/p><\/p>\n<h2 style=\"\"><span data-attr-link=\"0\" data-attr-rel=\"0\" data-attr-target=\"0\" data-extra_key=\"\" data-option-inline=\"1\" data-shortcode=\"tcb_post_title\" data-shortcode-name=\"Post title\" style=\"\">Kaabo Wolf Warrior X Pro \u2014 \u0431\u044b\u0441\u0442\u0440\u044b\u0439 \u0438 \u0432\u0435\u0441\u0435\u043b\u044b\u0439 \u0441\u043a\u0443\u0442\u0435\u0440 \u0434\u043b\u044f \u0431\u0435\u0437\u0434\u043e\u0440\u043e\u0436\u044c\u044f.<\/span> <\/h2>\n<p style=\"\"><\/p>\n<p style=\"\"><p class=\"niuxtech_post_modified_date\">2023-01-07<\/p><\/p>\n<h2 style=\"\"><span data-attr-link=\"0\" data-attr-rel=\"0\" data-attr-target=\"0\" data-extra_key=\"\" data-option-inline=\"1\" data-shortcode=\"tcb_post_title\" data-shortcode-name=\"Post title\" style=\"\">NiuxTech \u043f\u0440\u043e\u0442\u0435\u0441\u0442\u0438\u0440\u043e\u0432\u0430\u043b\u0430 \u044d\u043b\u0435\u043a\u0442\u0440\u043e\u0441\u0430\u043c\u043e\u043a\u0430\u0442 VSETT 10+! \u0421\u0442\u043e\u0438\u0442 \u043b\u0438 \u043f\u043e\u043a\u0443\u043f\u0430\u0442\u044c?<\/span> <\/h2>\n<p style=\"\"><\/p>\n<p style=\"\"><p class=\"niuxtech_post_modified_date\">2023-01-07<\/p><\/p>\n<h2 style=\"\"><span data-attr-link=\"0\" data-attr-rel=\"0\" data-attr-target=\"0\" data-extra_key=\"\" data-option-inline=\"1\" data-shortcode=\"tcb_post_title\" data-shortcode-name=\"Post title\" style=\"\">Fiido D4s \/ D4s Pro \u2014 \u043b\u0443\u0447\u0448\u0438\u0439 \u0433\u043e\u0440\u043e\u0434\u0441\u043a\u043e\u0439 \u044d\u043b\u0435\u043a\u0442\u0440\u043e\u0432\u0435\u043b\u043e\u0441\u0438\u043f\u0435\u0434 \u0434\u043e 700 \u0435\u0432\u0440\u043e?<\/span> <\/h2>\n<p style=\"\"><\/p>\n<p style=\"\"><p class=\"niuxtech_post_modified_date\">2023-01-07<\/p><\/p>\n<h2 style=\"\"><span data-attr-link=\"0\" data-attr-rel=\"0\" data-attr-target=\"0\" data-extra_key=\"\" data-option-inline=\"1\" data-shortcode=\"tcb_post_title\" data-shortcode-name=\"Post title\" style=\"\">Roborock S7 \u2014 \u043b\u0443\u0447\u0448\u0438\u0439 \u0440\u043e\u0431\u043e\u0442-\u043f\u044b\u043b\u0435\u0441\u043e\u0441 2021 \u0433\u043e\u0434\u0430?<\/span> <\/h2>\n<p style=\"\"><\/p>\n<p style=\"\"><p class=\"niuxtech_post_modified_date\">2023-01-07<\/p><\/p>\n<h2 style=\"\"><span data-attr-link=\"0\" data-attr-rel=\"0\" data-attr-target=\"0\" data-extra_key=\"\" data-option-inline=\"1\" data-shortcode=\"tcb_post_title\" data-shortcode-name=\"Post title\" style=\"\">Inokim OXO - \u043b\u0443\u0447\u0448\u0438\u0439 \u0441\u043a\u0443\u0442\u0435\u0440 2020 \u0433\u043e\u0434\u0430?!<\/span> <\/h2>\n<p> <a href=\"javascript:void(0)\"><span style=\"\"><span style=\"\">\u0411\u043e\u043b\u044c\u0448\u0435 \u043e\u0442\u0437\u044b\u0432\u043e\u0432<\/span><\/span><\/a><\/p>","protected":false},"excerpt":{"rendered":"<p>Lang\u0173 valymo robotas TOOKFUN W1. Pagal pavadinim\u0105 tur\u0117t\u0173 b\u016bti smagus, o kaip i\u0161 tikr\u0173j\u0173? Roborock Dyad Pro: ar vertas \u0161is siurblys \u2013 \u0161luota d\u0117mesio? Pliusai, minusai, verdiktas! NiuxTech i\u0161band\u0117 Tronsmart HALO 100 bluetooth kolon\u0117les! I\u0161band\u0117m\u0117 naujausius Soundcore Liberty 4 ausinukus \u2013 overrated?! Dalinam\u0117s \u012f\u017evalgomis! NiuxTech i\u0161band\u0117 Soundcore Q45 bluetooth ausines! Ar verta pirkt u\u017e \u20ac119? [&hellip;]<\/p>\n","protected":false},"author":1,"featured_media":0,"parent":0,"menu_order":0,"comment_status":"closed","ping_status":"closed","template":"","meta":{"footnotes":""},"class_list":["post-290","page","type-page","status-publish","hentry","post-wrapper","thrv_wrapper"],"meta_box":{"duk_temos":[],"puslapio_izanga":"Tech ir elektronikos produkt\u0173 ap\u017evalgos - pirmieji \u012fsp\u016bd\u017eiai ir \u012fvertinimai"},"_links":{"self":[{"href":"https:\/\/niuxtech.lt\/ru\/wp-json\/wp\/v2\/pages\/290","targetHints":{"allow":["GET"]}}],"collection":[{"href":"https:\/\/niuxtech.lt\/ru\/wp-json\/wp\/v2\/pages"}],"about":[{"href":"https:\/\/niuxtech.lt\/ru\/wp-json\/wp\/v2\/types\/page"}],"author":[{"embeddable":true,"href":"https:\/\/niuxtech.lt\/ru\/wp-json\/wp\/v2\/users\/1"}],"replies":[{"embeddable":true,"href":"https:\/\/niuxtech.lt\/ru\/wp-json\/wp\/v2\/comments?post=290"}],"version-history":[{"count":0,"href":"https:\/\/niuxtech.lt\/ru\/wp-json\/wp\/v2\/pages\/290\/revisions"}],"wp:attachment":[{"href":"https:\/\/niuxtech.lt\/ru\/wp-json\/wp\/v2\/media?parent=290"}],"curies":[{"name":"WP","href":"https:\/\/api.w.org\/{rel}","templated":true}]}}