{"id":281,"date":"2023-01-07T20:58:18","date_gmt":"2023-01-07T18:58:18","guid":{"rendered":"https:\/\/niuxtech.lt\/?page_id=281"},"modified":"2023-05-12T20:34:56","modified_gmt":"2023-05-12T17:34:56","slug":"sovety","status":"publish","type":"page","link":"https:\/\/niuxtech.lt\/ru\/sovety\/","title":{"rendered":"\u0421\u043e\u0432\u0435\u0442\u044b"},"content":{"rendered":"<p style=\"\"><p class=\"niuxtech_post_modified_date\">2023-01-07<\/p><\/p>\n<h2 style=\"\"><span data-attr-link=\"0\" data-attr-rel=\"0\" data-attr-target=\"0\" data-extra_key=\"\" data-option-inline=\"1\" data-shortcode=\"tcb_post_title\" data-shortcode-name=\"Post title\" style=\"\">2023 \u0441\u0430\u043c\u044b\u0435 \u043f\u0440\u043e\u0434\u0430\u0432\u0430\u0435\u043c\u044b\u0435 \u044d\u043b\u0435\u043a\u0442\u0440\u0438\u0447\u0435\u0441\u043a\u0438\u0435 \u0432\u0435\u043b\u043e\u0441\u0438\u043f\u0435\u0434\u044b \u0434\u043e 1000 \u0435\u0432\u0440\u043e. \u041c\u044b \u0432\u044b\u0431\u0440\u0430\u043b\u0438 \u0438 \u0441\u0440\u0430\u0432\u043d\u0438\u043b\u0438 \u043b\u0443\u0447\u0448\u0435\u0435!<\/span> <\/h2>\n<p style=\"\"><p class=\"niuxtech_post_modified_date\">2023-01-07<\/p><\/p>\n<h2 style=\"\"><span data-attr-link=\"0\" data-attr-rel=\"0\" data-attr-target=\"0\" data-extra_key=\"\" data-option-inline=\"1\" data-shortcode=\"tcb_post_title\" data-shortcode-name=\"Post title\" style=\"\">\u041b\u0443\u0447\u0448\u0438\u0435 \u044d\u043b\u0435\u043a\u0442\u0440\u043e\u0441\u0430\u043c\u043e\u043a\u0430\u0442\u044b 2023 \u0433\u043e\u0434\u0430 \u043f\u043e \u0432\u0435\u0440\u0441\u0438\u0438 NiuxTech<\/span> <\/h2>\n<p style=\"\"><p class=\"niuxtech_post_modified_date\">2023-01-07<\/p><\/p>\n<h2 style=\"\"><span data-attr-link=\"0\" data-attr-rel=\"0\" data-attr-target=\"0\" data-extra_key=\"\" data-option-inline=\"1\" data-shortcode=\"tcb_post_title\" data-shortcode-name=\"Post title\" style=\"\">\u041a\u043e\u043c\u043f\u0435\u043d\u0441\u0430\u0446\u0438\u044f APVA \u043f\u043e\u0441\u043b\u0435 \u0434\u043e\u0431\u0430\u0432\u043b\u0435\u043d\u0438\u044f \u0430\u0432\u0442\u043e\u043c\u043e\u0431\u0438\u043b\u044f, \u0437\u0430\u0433\u0440\u044f\u0437\u043d\u044f\u044e\u0449\u0435\u0433\u043e \u043e\u043a\u0440\u0443\u0436\u0430\u044e\u0449\u0443\u044e \u0441\u0440\u0435\u0434\u0443 - \u043f\u043e\u043b\u0443\u0447\u0438\u0442\u0435 \u043e\u0431\u0440\u0430\u0442\u043d\u043e \u0434\u043e 1000 \u0435\u0432\u0440\u043e \u0437\u0430 \u044d\u043b. \u0432\u0435\u043b\u043e\u0441\u0438\u043f\u0435\u0434\u044b!<\/span> <\/h2>\n<p style=\"\"><p class=\"niuxtech_post_modified_date\">2023-01-07<\/p><\/p>\n<h2 style=\"\"><span data-attr-link=\"0\" data-attr-rel=\"0\" data-attr-target=\"0\" data-extra_key=\"\" data-option-inline=\"1\" data-shortcode=\"tcb_post_title\" data-shortcode-name=\"Post title\" style=\"\">\u0421\u0440\u0430\u0432\u043d\u0435\u043d\u0438\u0435 \u043b\u0443\u0447\u0448\u0438\u0445 \u0440\u043e\u0431\u043e\u0442\u043e\u0432-\u043d\u0430\u0441\u043e\u0441\u043e\u0432 Roborock \u2014 \u043a\u0430\u043a\u0443\u044e \u043c\u043e\u0434\u0435\u043b\u044c \u0432\u044b\u0431\u0440\u0430\u0442\u044c?<\/span> <\/h2>\n<p style=\"\"><p class=\"niuxtech_post_modified_date\">2023-01-07<\/p><\/p>\n<h2 style=\"\"><span data-attr-link=\"0\" data-attr-rel=\"0\" data-attr-target=\"0\" data-extra_key=\"\" data-option-inline=\"1\" data-shortcode=\"tcb_post_title\" data-shortcode-name=\"Post title\" style=\"\">\u041a\u0430\u043a\u043e\u0439 \u0441\u0430\u043c\u043e\u043a\u0430\u0442 \u043b\u0443\u0447\u0448\u0435: Ninebot MAX G30 \u0438\u043b\u0438 Inmotion S1?<\/span> <\/h2>\n<p style=\"\"><p class=\"niuxtech_post_modified_date\">2023-01-07<\/p><\/p>\n<h2 style=\"\"><span data-attr-link=\"0\" data-attr-rel=\"0\" data-attr-target=\"0\" data-extra_key=\"\" data-option-inline=\"1\" data-shortcode=\"tcb_post_title\" data-shortcode-name=\"Post title\" style=\"\">\u041d\u0435 \u043f\u0440\u043e\u043f\u0443\u0441\u0442\u0438\u0442\u0435! \u0421\u043e\u0445\u0440\u0430\u043d\u044f\u0439\u0442\u0435 \u0438 \u0433\u043e\u0442\u043e\u0432\u044c\u0442\u0435\u0441\u044c \u043a \u0441\u0435\u0437\u043e\u043d\u0443 \u043a\u0430\u0442\u0430\u043d\u0438\u044f 2023 \u0433\u043e\u0434\u0430 \u0437\u0430\u0440\u0430\u043d\u0435\u0435!<\/span> <\/h2>\n<p> <a href=\"javascript:void(0)\"><span style=\"\"><span style=\"\">\u0411\u043e\u043b\u044c\u0448\u0435 \u0441\u043e\u0432\u0435\u0442\u043e\u0432<\/span><\/span><\/a><\/p>","protected":false},"excerpt":{"rendered":"<p>2023 perkamiausi elektriniai dvira\u010diai iki \u20ac1000. Atrinkome ir palyginome geriausius! Geriausi 2023 met\u0173 elektriniai paspirtukai \u2013 by NiuxTech APVA kompensacija pridavus tar\u0161\u0173 automobil\u012f \u2013 atgauk net iki \u20ac1000 u\u017e el. dvira\u010dius! Geriausi\u0173 Roborock robot\u0173 siurbli\u0173 palyginimas \u2013 kur\u012f model\u012f pasirinkti? Kuris paspirtukas geresnis: Ninebot MAX G30 ar Inmotion S1? Nepra\u017eiopsok! Sutaupyk ir pasiruo\u0161k 2023 met\u0173 [&hellip;]<\/p>\n","protected":false},"author":1,"featured_media":0,"parent":0,"menu_order":0,"comment_status":"closed","ping_status":"closed","template":"","meta":{"footnotes":"","tve_updated_post":"[tcb_post_list query=\"{'paged':1,'filter':'custom','post_type':|{|'patarimas'|}|,'related':|{||}|,'orderby':'date','order':'DESC','posts_per_page':'24','offset':'1','no_posts_text':'There are no posts to display.','exclude_current_post':|{||}|,'queried_object':{'ID':281,'post_author':'1'},'dynamic_filter':{'category':'category','tag':'tag','author':'author','search':'search','patarimo_kategorija':'patarimo_kategorija'},'sticky':|{||}|,'rules':|{||}|}\" type=\"grid\" columns-d=\"2\" columns-t=\"1\" columns-m=\"1\" vertical-space-d=\"40\" horizontal-space-d=\"35\" ct=\"post_list--1\" ct-name=\"Default Post List\" tcb-elem-type=\"post_list\" pagination-type=\"load_more\" pages_near_current=\"2\" dynamic_filter='{\"category\":\"category\",\"tag\":\"tag\",\"author\":\"author\",\"search\":\"search\",\"patarimo_kategorija\":\"patarimo_kategorija\"}' element-name=\"Post List\" css=\"tve-u-63b9c0c053f0e4\" posts_per_page=\"24\" featured-content=\"0\" no_posts_text=\"There are no posts to display.\" total_post_count=\"6\" total_sticky_count=\"0\" vertical-space-t=\"40\" disabled-links=\"1\"  class='' ][tcb_post_list_dynamic_style]@media (min-width: 300px){[data-css=\"tve-u-63b9c0c053f0e4\"].tcb-post-list #post-[tcb_the_id] [data-css=\"tve-u-63b9c0c053f189\"]{background-image: url(\"[tcb_featured_image_url size=medium]\") !important;}}[\/tcb_post_list_dynamic_style]\n\t\t\n\t\t\n\n\t\t<div class=\"thrv_wrapper thrv_contentbox_shortcode thrv-content-box tve-elem-default-pad thrive-post-thumbnail\" data-css=\"tve-u-63b9c0c053f1a1\" style=\"\">\n\t<div class=\"tve-content-box-background\" style=\"\" data-css=\"tve-u-63b9c0c053f189\"><\/div>\n\t<div class=\"tve-cb\" style=\"\" data-css=\"tve-u-63b9c0c053f1b1\"><\/div>\n<\/div><div class=\"thrv_wrapper thrv-columns\" style=\"--tcb-col-el-width: 360;\" data-css=\"tve-u-185bc1dbc2d\"><div class=\"tcb-flex-row v-2 tcb-mobile-no-wrap m-edit tcb-resized tcb--cols--2\" style=\"\" data-css=\"tve-u-185bc1dad9d\"><div class=\"tcb-flex-col column-fixed-width\" style=\"\" data-css=\"tve-u-185bc1dfd6c\"><div class=\"tcb-col\" style=\"\"><div class=\"tcb-clear\" data-css=\"tve-u-63b9c0c053f1c9\"><div class=\"thrv_wrapper thrv-button thrv-button-v2 tcb-local-vars-root\" data-css=\"tve-u-63b9c0c053f1d7\" style=\"\" data-float-d=\"1\" data-tcb_hover_state_parent=\"\"><div class=\"thrive-colors-palette-config\" style=\"display: none !important\">__CONFIG_colors_palette__{\"active_palette\":0,\"config\":{\"colors\":{\"62516\":{\"name\":\"Main Accent\",\"parent\":-1}},\"gradients\":[]},\"palettes\":[{\"name\":\"Default Palette\",\"value\":{\"colors\":{\"62516\":{\"val\":\"var(--tcb-color-10)\"}},\"gradients\":[]}}]}__CONFIG_colors_palette__<\/div>\n\t\n\t<a href=\"https:\/\/niuxtech.lt\/nuolaidos\/\" class=\"tcb-button-link tcb-plain-text\">\n\t\t<span class=\"tcb-button-texts\" style=\"\"><span class=\"tcb-button-text thrv-inline-text\" data-css=\"tve-u-63b9c0c053f1e0\" style=\"\">patarimai<\/span><\/span>\n\t<\/a>\n<\/div><\/div><\/div><\/div><div class=\"tcb-flex-col\" style=\"\" data-css=\"tve-u-185bc1e0e3f\"><div class=\"tcb-col\" style=\"\"><div class=\"thrv_wrapper thrv_text_element\" style=\"\"><p data-css=\"tve-u-63b9c0c053f1f8\" style=\"\">[niuxtech_post_modified_date]<\/p><\/div><\/div><\/div><\/div><\/div><div class=\"thrv_wrapper thrv_text_element tve-default-heading\" style=\"\" data-css=\"tve-u-63b9c0c053f206\">\t\t\t<h2 class=\"\" style=\"\" data-css=\"tve-u-63b9c0c053f220\">\t\t\t\t<span class=\"thrive-shortcode-content\" data-attr-link=\"0\" data-attr-rel=\"0\" data-attr-target=\"0\" data-extra_key=\"\" data-option-inline=\"1\" data-shortcode=\"tcb_post_title\" data-shortcode-name=\"Post title\" style=\"\">[tcb_post_title link='0' rel='0' target='0' inline='1']<\/span> \t\t\t<\/h2> \t\t<\/div>\n\n\n\t\t\n\n\t\t\n\t[\/tcb_post_list][tcb_pagination  data-list='tve-u-63b9c0c053f0e4' data-type='load_more' data-ct-name='Default' data-css='tve-u-1880faf5f5c']\n<div class=\"tcb-pagination-load-more-button thrv_wrapper tve_no_icons tcb-local-vars-root tcb-global-button-lcl2u6bl\" data-tcb_hover_state_parent=\"\" data-css=\"tve-u-18811085a06\" data-button-style=\"tcb-global-button-lcl2u6bl\"><div class=\"thrive-colors-palette-config\" style=\"display: none !important\">__CONFIG_colors_palette__{\"active_palette\":0,\"config\":{\"colors\":{\"62516\":{\"name\":\"Main Accent\",\"parent\":-1}},\"gradients\":[]},\"palettes\":[{\"name\":\"Default Palette\",\"value\":{\"colors\":{\"62516\":{\"val\":\"var(--tcb-color-2)\"}},\"gradients\":[]}}]}__CONFIG_colors_palette__<\/div>\n\t<a href=\"javascript:void(0)\" class=\"tcb-button-link tcb-pagination-load-more-link\">\n\t<span class=\"tcb-button-texts\" style=\"\">\n\t\t<span class=\"tcb-button-text thrv-inline-text tcb-global-button-lcl2u6bl-prtext\" style=\"\">\t\t\tDaugiau patarim\u0173<\/span>\n\t<\/span>\n\t<\/a>\n<\/div>\n[\/tcb_pagination]","tve_custom_css":"@media (min-width: 300px){.tcb-post-list[data-css=\"tve-u-63b9c0c053f0e4\"] .post-wrapper.thrv_wrapper { width: calc((100% - 35px) \/ 2); }.thrv-search-form#tve-sf-lcg6ulla { max-width: 450px; float: none; z-index: 3; position: relative; --tve-alignment: center; --tve-border-width: 0px; border: medium none; --tve-applied-border: none; --tve-applied-max-width: 450px !important; margin-left: auto !important; margin-right: auto !important; padding: 0px !important; }[data-css=\"tve-u-63b9c0c053f0e4\"] { margin-top: 0px !important; margin-bottom: 0px !important; }.thrv-search-form#tve-sf-kx4md0me { max-width: 450px; float: none; z-index: 3; position: relative; --tve-alignment: center; --tve-border-width: 0px; border: medium none; --tve-applied-border: none; --tve-applied-max-width: 450px !important; margin-left: auto !important; margin-right: auto !important; padding: 0px !important; }.thrv-search-form#tve-sf-lcl6tgjs { max-width: 450px; float: none; z-index: 3; position: relative; --tve-alignment: center; --tve-border-width: 0px; border: medium none; --tve-applied-border: none; --tve-applied-max-width: 450px !important; margin-left: auto !important; margin-right: auto !important; padding: 0px !important; }[data-css=\"tve-u-63b9c0c053f0e4\"].tcb-post-list .thrv-content-box [data-css=\"tve-u-63b9c0c053f1b1\"] { min-height: 200px; }[data-css=\"tve-u-63b9c0c053f0e4\"].tcb-post-list [data-css=\"tve-u-63b9c0c053f1a1\"] { padding: 0px !important; margin: 0px 0px 20px !important; }[data-css=\"tve-u-63b9c0c053f0e4\"].tcb-post-list [data-css=\"tve-u-63b9c0c053f189\"] { --tve-border-radius: 20px; border-radius: 20px; overflow: hidden; background-image: url(\"[tcb_featured_image_url size=medium]\") !important; --background-image: url(\"[tcb_featured_image_url size=medium]\") !important; --tve-applied-background-image: url(\"[tcb_featured_image_url size=medium]\") !important; background-color: var(--tcb-skin-color-8) !important; --background-color: var(--tcb-skin-color-8) !important; --tve-applied-background-color: var$(--tcb-skin-color-8) !important; background-size: cover !important; background-position: 50% 50% !important; background-attachment: scroll !important; background-repeat: no-repeat !important; --background-size: cover !important; --background-position: 50% 50% !important; --background-attachment: scroll !important; --background-repeat: no-repeat !important; }:not(#tve) [data-css=\"tve-u-63b9c0c053f0e4\"].tcb-post-list [data-css=\"tve-u-63b9c0c053f220\"] { font-size: 17px !important; padding-bottom: 0px !important; margin-bottom: 0px !important; padding-top: 0px !important; margin-top: 0px !important; line-height: 1.5em !important; }[data-css=\"tve-u-63b9c0c053f0e4\"].tcb-post-list [data-css=\"tve-u-63b9c0c053f1d7\"] { float: left; z-index: 3; position: relative; --tve-alignment: left; --tve-font-size: 13px; --tve-color: var(--tcb-color-2); --tve-applied---tve-color: var$(--tcb-color-2); margin: 0px 12px 0px 0px !important; --tcb-local-color-62516: var(--tcb-color-10) !important; }[data-css=\"tve-u-63b9c0c053f0e4\"].tcb-post-list [data-css=\"tve-u-63b9c0c053f206\"] { margin-top: 7px !important; }:not(#tve) [data-css=\"tve-u-63b9c0c053f0e4\"].tcb-post-list [data-css=\"tve-u-63b9c0c053f1f8\"] { padding-top: 0px !important; margin-top: 0px !important; padding-bottom: 0px !important; margin-bottom: 0px !important; }[data-css=\"tve-u-63b9c0c053f1d7\"] { --tve-color: var(--tcb-color-5); --tve-applied---tve-color: var$(--tcb-color-5); --tve-text-transform: uppercase; --tve-font-size: 13px; --tve-font-weight: var(--g-bold-weight,bold); --tve-border-radius: 50px; --tve-alignment: left; --tve-letter-spacing: 1px; --tcb-local-color-62516: var(--tcb-skin-color-0) !important; }[data-css=\"tve-u-63b9c0c053f1d7\"] .tcb-button-link { letter-spacing: var(--tve-letter-spacing,1px); border-radius: 50px; text-align: center; overflow: hidden; border: 1px solid var(--tcb-skin-color-0); --tve-applied-border: 1px solid var$(--tcb-skin-color-0); background-color: transparent !important; background-image: linear-gradient(var(--tcb-skin-color-0),var(--tcb-skin-color-0)) !important; --tve-applied-background-image: linear-gradient(var$(--tcb-skin-color-0),var$(--tcb-skin-color-0)) !important; background-size: auto !important; background-attachment: scroll !important; padding: 8px 12px 7px !important; background-position: 50% 50% !important; background-repeat: no-repeat !important; --background-image: linear-gradient(var(--tcb-skin-color-0),var(--tcb-skin-color-0)) !important; --background-size: auto !important; --background-position: 50% 50% !important; --background-attachment: scroll !important; --background-repeat: no-repeat !important; }[data-css=\"tve-u-63b9c0c053f1d7\"] .tcb-button-link span { color: rgb(255, 255, 255); --tcb-applied-color: #fff; }:not(#tve) [data-css=\"tve-u-63b9c0c053f1d7\"] .tcb-button-link span { color: var(--tve-color,var(--tcb-color-5)); --tve-applied-color: var$(--tve-color,var$(--tcb-color-5)); --tcb-applied-color: var$(--tcb-color-5); text-transform: var(--tve-text-transform,uppercase); font-weight: var(--tve-font-weight,var(--g-bold-weight,bold)); }:not(#tve) [data-css=\"tve-u-63b9c0c053f1d7\"] .tcb-button-link { font-size: var(--tve-font-size,13px) !important; }:not(#tve) [data-css=\"tve-u-63b9c0c053f1d7\"]:hover .tcb-button-link { background-image: none !important; --background-image: none !important; --tve-applied-background-image: none !important; }:not(#tve):not(#tve) [data-css=\"tve-u-63b9c0c053f1d7\"]:hover .tcb-button-link span { color: var(--tve-color,var(--tcb-skin-color-0)) !important; --tve-applied-color: var$(--tve-color,var$(--tcb-skin-color-0)) !important; --tcb-applied-color: var$(--tcb-skin-color-0) !important; }:not(#tve) [data-css=\"tve-u-63b9c0c053f1d7\"]:hover { --tve-color: var(--tcb-skin-color-0) !important; --tve-applied---tve-color: var$(--tcb-skin-color-0) !important; }.tcb-post-list[data-css=\"tve-u-63b9c0c053f0e4\"] .post-wrapper.thrv_wrapper:nth-child(n+3) { margin-top: 40px !important; }.tcb-post-list[data-css=\"tve-u-63b9c0c053f0e4\"] .post-wrapper.thrv_wrapper:not(:nth-child(n+3)) { margin-top: 0px !important; }.tcb-post-list[data-css=\"tve-u-63b9c0c053f0e4\"] .post-wrapper.thrv_wrapper:not(:nth-child(2n)) { margin-right: 35px !important; }.tcb-post-list[data-css=\"tve-u-63b9c0c053f0e4\"] .post-wrapper.thrv_wrapper:nth-child(2n) { margin-right: 0px !important; }[data-css=\"tve-u-63b9c0c053f0e4\"].tcb-post-list [data-css=\"tve-u-63b9c0c053f1d7\"] .tcb-button-link { border: 1px solid var(--tcb-color-10); --tve-applied-border: 1px solid var$(--tcb-color-10); padding: 7px 11px 6px !important; background-image: linear-gradient(var(--tcb-color-10),var(--tcb-color-10)) !important; background-size: auto !important; background-position: 50% 50% !important; background-attachment: scroll !important; background-repeat: no-repeat !important; --background-image: linear-gradient(var(--tcb-color-10),var(--tcb-color-10)) !important; --background-size: auto !important; --background-position: 50% 50% !important; --background-attachment: scroll !important; --background-repeat: no-repeat !important; --tve-applied-background-image: linear-gradient(var$(--tcb-color-10),var$(--tcb-color-10)) !important; }:not(#tve) [data-css=\"tve-u-63b9c0c053f0e4\"].tcb-post-list [data-css=\"tve-u-63b9c0c053f1d7\"] .tcb-button-link { font-size: var(--tve-font-size,13px) !important; }:not(#tve) [data-css=\"tve-u-63b9c0c053f0e4\"].tcb-post-list [data-css=\"tve-u-63b9c0c053f1d7\"]:hover .tcb-button-link { border: 1px solid var(--tcb-color-10) !important; --tve-applied-border: 1px solid var$(--tcb-color-10) !important; }:not(#tve) [data-css=\"tve-u-63b9c0c053f0e4\"].tcb-post-list [data-css=\"tve-u-63b9c0c053f1d7\"]:hover .tcb-button-link span { color: var(--tve-color,var(--tcb-color-10)) !important; --tve-applied-color: var$(--tve-color,var$(--tcb-color-10)) !important; --tcb-applied-color: var$(--tcb-color-10) !important; }:not(#tve) [data-css=\"tve-u-63b9c0c053f0e4\"].tcb-post-list [data-css=\"tve-u-63b9c0c053f1d7\"]:hover { --tve-color: var(--tcb-color-10) !important; --tve-applied---tve-color: var$(--tcb-color-10) !important; }:not(#tve) [data-css=\"tve-u-63b9c0c053f0e4\"].tcb-post-list [data-css=\"tve-u-63b9c0c053f1d7\"] .tcb-button-link span { color: var(--tve-color,var(--tcb-color-2)); --tve-applied-color: var$(--tve-color,var$(--tcb-color-2)); --tcb-applied-color: var$(--tcb-color-2); }[data-css=\"tve-u-63b9c0c053f0e4\"].tcb-post-list [data-css=\"tve-u-185bc1dad9d\"] > .tcb-flex-col { padding-left: 0px; }[data-css=\"tve-u-63b9c0c053f0e4\"].tcb-post-list [data-css=\"tve-u-185bc1dad9d\"] { margin-left: 0px !important; padding: 0px !important; }[data-css=\"tve-u-63b9c0c053f0e4\"].tcb-post-list [data-css=\"tve-u-185bc1dbc2d\"] { margin: 0px !important; }[data-css=\"tve-u-63b9c0c053f0e4\"].tcb-post-list [data-css=\"tve-u-185bc1dfd6c\"] { max-width: 120px; }[data-css=\"tve-u-63b9c0c053f0e4\"].tcb-post-list [data-css=\"tve-u-185bc1e0e3f\"] { max-width: 52.3%; }[data-css=\"tve-u-63b9c0c053f0e4\"].tcb-post-list [data-css=\"tve-u-185bc1dad9d\"] > .tcb-flex-col > .tcb-col { justify-content: center; }[data-css=\"tve-u-1880faf5f5c\"] { border-top: none; padding: 0px !important; margin: 0px !important; }[data-css=\"tve-u-18811085a06\"] { margin-bottom: 20px !important; margin-top: 40px !important; }}@media (max-width: 1023px){[data-css=\"tve-u-63b9c0c053f0e4\"].tcb-post-list [data-css=\"tve-u-63b9c0c053f1d7\"] { --tve-font-size: 11px; margin-top: 0px !important; }.tcb-post-list[data-css=\"tve-u-63b9c0c053f0e4\"] .post-wrapper.thrv_wrapper { width: calc(100% - 0px); }.tcb-post-list[data-css=\"tve-u-63b9c0c053f0e4\"] .post-wrapper.thrv_wrapper:nth-child(n+2) { margin-top: 40px !important; }.tcb-post-list[data-css=\"tve-u-63b9c0c053f0e4\"] .post-wrapper.thrv_wrapper:not(:nth-child(n+2)) { margin-top: 0px !important; }.tcb-post-list[data-css=\"tve-u-63b9c0c053f0e4\"] .post-wrapper.thrv_wrapper:not(:nth-child(n)) { margin-right: 35px !important; }.tcb-post-list[data-css=\"tve-u-63b9c0c053f0e4\"] .post-wrapper.thrv_wrapper:nth-child(n) { margin-right: 0px !important; }:not(#tve) [data-css=\"tve-u-63b9c0c053f0e4\"].tcb-post-list [data-css=\"tve-u-63b9c0c053f220\"] { font-size: 16px !important; }:not(#tve) [data-css=\"tve-u-63b9c0c053f0e4\"].tcb-post-list [data-css=\"tve-u-63b9c0c053f1d7\"] .tcb-button-link { font-size: var(--tve-font-size,11px) !important; }[data-css=\"tve-u-63b9c0c053f0e4\"].tcb-post-list [data-css=\"tve-u-63b9c0c053f1a1\"] { max-width: 100%; }[data-css=\"tve-u-63b9c0c053f0e4\"].tcb-post-list [data-css=\"tve-u-63b9c0c053f206\"] { margin-top: 7px !important; }[data-css=\"tve-u-63b9c0c053f0e4\"].tcb-post-list [data-css=\"tve-u-185bc1dfd6c\"] { max-width: 108px; }[data-css=\"tve-u-63b9c0c053f0e4\"].tcb-post-list [data-css=\"tve-u-185bc1e0e3f\"] { max-width: 74.8%; }}@media (max-width: 767px){.tcb-post-list[data-css=\"tve-u-63b9c0c053f0e4\"] .post-wrapper.thrv_wrapper { width: calc(100% - 0px); }.tcb-post-list[data-css=\"tve-u-63b9c0c053f0e4\"] .post-wrapper.thrv_wrapper:nth-child(n+2) { margin-top: 40px !important; }.tcb-post-list[data-css=\"tve-u-63b9c0c053f0e4\"] .post-wrapper.thrv_wrapper:not(:nth-child(n+2)) { margin-top: 0px !important; }.tcb-post-list[data-css=\"tve-u-63b9c0c053f0e4\"] .post-wrapper.thrv_wrapper:not(:nth-child(n)) { margin-right: 35px !important; }.tcb-post-list[data-css=\"tve-u-63b9c0c053f0e4\"] .post-wrapper.thrv_wrapper:nth-child(n) { margin-right: 0px !important; }[data-css=\"tve-u-63b9c0c053f0e4\"].tcb-post-list .thrv-content-box [data-css=\"tve-u-63b9c0c053f1b1\"] { min-height: 150px; }[data-css=\"tve-u-63b9c0c053f0e4\"].tcb-post-list [data-css=\"tve-u-63b9c0c053f1a1\"] { max-width: 100%; }[data-css=\"tve-u-63b9c0c053f0e4\"].tcb-post-list [data-css=\"tve-u-185bc1dad9d\"] { flex-wrap: nowrap !important; }}","tve_user_custom_css":".thrive-section-142 .header-border-left-color .tve-content-box-background {\n\tborder-left-color: #FCD757!important;\n}\n\n.header-border-left-color::before {\n\tbackground: #FCD757!important;\n}","tve_globals":{"e":"1","font_cls":[]},"tcb2_ready":1,"tcb_editor_enabled":1,"tve_landing_page":"","_tve_header":"","_tve_footer":""},"class_list":["post-281","page","type-page","status-publish","hentry","post-wrapper","thrv_wrapper"],"meta_box":{"duk_temos":[],"puslapio_izanga":"Neapsisprendi, kur\u012f produkt\u0105 pasirinkti? \u0160ioje skiltyje rasi pana\u0161i\u0173 produkt\u0173 palyginimus ir patarimus, k\u0105 rinktis"},"_links":{"self":[{"href":"https:\/\/niuxtech.lt\/ru\/wp-json\/wp\/v2\/pages\/281","targetHints":{"allow":["GET"]}}],"collection":[{"href":"https:\/\/niuxtech.lt\/ru\/wp-json\/wp\/v2\/pages"}],"about":[{"href":"https:\/\/niuxtech.lt\/ru\/wp-json\/wp\/v2\/types\/page"}],"author":[{"embeddable":true,"href":"https:\/\/niuxtech.lt\/ru\/wp-json\/wp\/v2\/users\/1"}],"replies":[{"embeddable":true,"href":"https:\/\/niuxtech.lt\/ru\/wp-json\/wp\/v2\/comments?post=281"}],"version-history":[{"count":0,"href":"https:\/\/niuxtech.lt\/ru\/wp-json\/wp\/v2\/pages\/281\/revisions"}],"wp:attachment":[{"href":"https:\/\/niuxtech.lt\/ru\/wp-json\/wp\/v2\/media?parent=281"}],"curies":[{"name":"WP","href":"https:\/\/api.w.org\/{rel}","templated":true}]}}