{"id":268,"date":"2023-01-07T20:10:20","date_gmt":"2023-01-07T18:10:20","guid":{"rendered":"https:\/\/niuxtech.lt\/?page_id=268"},"modified":"2023-05-12T20:34:16","modified_gmt":"2023-05-12T17:34:16","slug":"novosti","status":"publish","type":"page","link":"https:\/\/niuxtech.lt\/ru\/novosti\/","title":{"rendered":"\u0422\u0435\u0445\u043d\u0438\u0447\u0435\u0441\u043a\u0438\u0435 \u043d\u043e\u0432\u043e\u0441\u0442\u0438"},"content":{"rendered":"<p style=\"\"><p class=\"niuxtech_post_modified_date\">2023-01-07<\/p><\/p>\n<h2 style=\"\"><span data-attr-link=\"0\" data-attr-rel=\"0\" data-attr-target=\"0\" data-extra_key=\"\" data-option-inline=\"1\" data-shortcode=\"tcb_post_title\" data-shortcode-name=\"Post title\" style=\"\">\u0422\u0435\u043b\u0435\u0444\u043e\u043d\u044b POCO F5 \u0438 POCO F5 Pro \u043e\u0444\u0438\u0446\u0438\u0430\u043b\u044c\u043d\u043e \u0432\u044b\u043f\u0443\u0449\u0435\u043d\u044b. \u0423\u0437\u043d\u0430\u0439\u0442\u0435, \u0441\u043a\u043e\u043b\u044c\u043a\u043e \u044d\u0442\u043e \u0431\u0443\u0434\u0435\u0442 \u0441\u0442\u043e\u0438\u0442\u044c!<\/span> <\/h2>\n<p style=\"\"><p class=\"niuxtech_post_modified_date\">2023-01-07<\/p><\/p>\n<h2 style=\"\"><span data-attr-link=\"0\" data-attr-rel=\"0\" data-attr-target=\"0\" data-extra_key=\"\" data-option-inline=\"1\" data-shortcode=\"tcb_post_title\" data-shortcode-name=\"Post title\" style=\"\">\u041e\u0444\u0438\u0446\u0438\u0430\u043b\u044c\u043d\u044b\u0439 \u0437\u0430\u043f\u0443\u0441\u043a \u0442\u0435\u043b\u0435\u0444\u043e\u043d\u043e\u0432 POCO F5 \u0438 F5 Pro \u0441\u043e\u0441\u0442\u043e\u0438\u0442\u0441\u044f 9 \u043c\u0430\u044f. \u041a\u0430\u043a\u043e\u0432\u044b \u043e\u0436\u0438\u0434\u0430\u0435\u043c\u044b\u0435 \u043f\u0430\u0440\u0430\u043c\u0435\u0442\u0440\u044b?<\/span> <\/h2>\n<p style=\"\"><p class=\"niuxtech_post_modified_date\">2023-01-07<\/p><\/p>\n<h2 style=\"\"><span data-attr-link=\"0\" data-attr-rel=\"0\" data-attr-target=\"0\" data-extra_key=\"\" data-option-inline=\"1\" data-shortcode=\"tcb_post_title\" data-shortcode-name=\"Post title\" style=\"\">\u041f\u043e\u0441\u043b\u0435\u0434\u043d\u0438\u0435 \u043f\u0440\u043e\u0434\u0443\u043a\u0442\u044b Xiaomi: Xiaomi Band 8, Xiaomi 13 Ultra, Xiaomi Pad 6\/6 Pro\u2026<\/span> <\/h2>\n<p style=\"\"><p class=\"niuxtech_post_modified_date\">2023-01-07<\/p><\/p>\n<h2 style=\"\"><span data-attr-link=\"0\" data-attr-rel=\"0\" data-attr-target=\"0\" data-extra_key=\"\" data-option-inline=\"1\" data-shortcode=\"tcb_post_title\" data-shortcode-name=\"Post title\" style=\"\">\u041f\u0440\u0435\u0437\u0435\u043d\u0442\u0430\u0446\u0438\u044f Xiaomi Pad 6\/6 Pro \u0438 Xiaomi Band 8 \u0443\u0436\u0435 18 \u0430\u043f\u0440\u0435\u043b\u044f. \u0427\u0442\u043e \u0443\u0436\u0435 \u0438\u0437\u0432\u0435\u0441\u0442\u043d\u043e?<\/span> <\/h2>\n<p style=\"\"><p class=\"niuxtech_post_modified_date\">2023-01-07<\/p><\/p>\n<h2 style=\"\"><span data-attr-link=\"0\" data-attr-rel=\"0\" data-attr-target=\"0\" data-extra_key=\"\" data-option-inline=\"1\" data-shortcode=\"tcb_post_title\" data-shortcode-name=\"Post title\" style=\"\">Xiaomi 13 ULTRA \u043f\u0440\u0435\u0434\u0441\u0442\u0430\u0432\u044f\u0442 18 \u0430\u043f\u0440\u0435\u043b\u044f. \u041a\u0430\u043a\u043e\u0432\u0430 \u043e\u0436\u0438\u0434\u0430\u0435\u043c\u0430\u044f \u0446\u0435\u043d\u0430 \u0438 \u043f\u0430\u0440\u0430\u043c\u0435\u0442\u0440\u044b?<\/span> <\/h2>\n<p style=\"\"><p class=\"niuxtech_post_modified_date\">2023-01-07<\/p><\/p>\n<h2 style=\"\"><span data-attr-link=\"0\" data-attr-rel=\"0\" data-attr-target=\"0\" data-extra_key=\"\" data-option-inline=\"1\" data-shortcode=\"tcb_post_title\" data-shortcode-name=\"Post title\" style=\"\">\u0421\u0442\u0430\u0440\u0442\u043e\u0432\u0430\u043b\u0430 \u043f\u0440\u043e\u0434\u0430\u0436\u0430 \u0440\u043e\u0431\u043e\u0442\u0438\u0437\u0438\u0440\u043e\u0432\u0430\u043d\u043d\u044b\u0445 \u043d\u0430\u0441\u043e\u0441\u043e\u0432 \u043d\u043e\u0432\u043e\u0433\u043e \u043f\u043e\u043a\u043e\u043b\u0435\u043d\u0438\u044f Roborock S8<\/span> <\/h2>\n<p style=\"\"><p class=\"niuxtech_post_modified_date\">2023-01-07<\/p><\/p>\n<h2 style=\"\"><span data-attr-link=\"0\" data-attr-rel=\"0\" data-attr-target=\"0\" data-extra_key=\"\" data-option-inline=\"1\" data-shortcode=\"tcb_post_title\" data-shortcode-name=\"Post title\" style=\"\">\u041d\u043e\u0432\u043e\u0441\u0442\u0438 \u043e\u0442 Xiaomi: \u0442\u0435\u043b\u0435\u0444\u043e\u043d\u044b Series 13, Watch S1 Pro, Buds 4 Pro, Scooter 4 Utra<\/span> <\/h2>\n<p style=\"\"><p class=\"niuxtech_post_modified_date\">2023-01-07<\/p><\/p>\n<h2 style=\"\"><span data-attr-link=\"0\" data-attr-rel=\"0\" data-attr-target=\"0\" data-extra_key=\"\" data-option-inline=\"1\" data-shortcode=\"tcb_post_title\" data-shortcode-name=\"Post title\" style=\"\">Xiaomi Mi Scooter 4 ULTRA \u2014 \u043f\u0435\u0440\u0432\u044b\u0439 \u0441\u0430\u043c\u043e\u043a\u0430\u0442 Xiaomi \u0441 \u0430\u043c\u043e\u0440\u0442\u0438\u0437\u0430\u0442\u043e\u0440\u0430\u043c\u0438!<\/span> <\/h2>\n<p style=\"\"><p class=\"niuxtech_post_modified_date\">2023-01-07<\/p><\/p>\n<h2 style=\"\"><span data-attr-link=\"0\" data-attr-rel=\"0\" data-attr-target=\"0\" data-extra_key=\"\" data-option-inline=\"1\" data-shortcode=\"tcb_post_title\" data-shortcode-name=\"Post title\" style=\"\">\u041f\u0440\u0435\u0434\u0441\u0442\u0430\u0432\u043b\u0435\u043d \u043d\u043e\u0432\u044b\u0439 Segway - \u044d\u043b\u0435\u043a\u0442\u0440\u043e\u0441\u0430\u043c\u043e\u043a\u0430\u0442\u044b Ninebot 2023! \u0421\u0442\u043e\u0438\u0442 \u043b\u0438 \u0436\u0434\u0430\u0442\u044c?<\/span> <\/h2>\n<p style=\"\"><p class=\"niuxtech_post_modified_date\">2023-01-07<\/p><\/p>\n<h2 style=\"\"><span data-attr-link=\"0\" data-attr-rel=\"0\" data-attr-target=\"0\" data-extra_key=\"\" data-option-inline=\"1\" data-shortcode=\"tcb_post_title\" data-shortcode-name=\"Post title\" style=\"\">\u041f\u0440\u043e\u0434\u0430\u0436\u0438 \u044d\u043b\u0435\u043a\u0442\u0440\u043e\u043a\u0430\u0440\u0430 Xiaomi \u00abModena\u00bb MS11 \u0441\u0442\u0430\u0440\u0442\u0443\u044e\u0442 \u0443\u0436\u0435 \u0432 2024 \u0433\u043e\u0434\u0443!?<\/span> <\/h2>\n<p style=\"\"><p class=\"niuxtech_post_modified_date\">2023-01-07<\/p><\/p>\n<h2 style=\"\"><span data-attr-link=\"0\" data-attr-rel=\"0\" data-attr-target=\"0\" data-extra_key=\"\" data-option-inline=\"1\" data-shortcode=\"tcb_post_title\" data-shortcode-name=\"Post title\" style=\"\">\u041f\u0440\u0435\u0434\u0441\u0442\u0430\u0432\u043b\u0435\u043d\u044b \u043d\u043e\u0432\u044b\u0435 \u0440\u043e\u0431\u043e\u0442\u0438\u0437\u0438\u0440\u043e\u0432\u0430\u043d\u043d\u044b\u0435 \u043d\u0430\u0441\u043e\u0441\u044b \u0441\u0435\u0440\u0438\u0438 Roborock S8! \u0427\u0442\u043e \u043d\u043e\u0432\u043e\u0433\u043e \u0438 \u0441\u043a\u043e\u043b\u044c\u043a\u043e \u044d\u0442\u043e \u0431\u0443\u0434\u0435\u0442 \u0441\u0442\u043e\u0438\u0442\u044c?<\/span> <\/h2>\n<p style=\"\"><p class=\"niuxtech_post_modified_date\">2023-01-07<\/p><\/p>\n<h2 style=\"\"><span data-attr-link=\"0\" data-attr-rel=\"0\" data-attr-target=\"0\" data-extra_key=\"\" data-option-inline=\"1\" data-shortcode=\"tcb_post_title\" data-shortcode-name=\"Post title\" style=\"\">Surron Ultra Bee - \u043d\u043e\u0432\u044b\u0439 \u044d\u043b\u0435\u043a\u0442\u0440\u0438\u0447\u0435\u0441\u043a\u0438\u0439 \u043c\u043e\u0442\u043e\u0446\u0438\u043a\u043b \u043c\u043e\u0449\u043d\u043e\u0441\u0442\u044c\u044e 12,5 \u043a\u0412\u0442 \u0438 \u0430\u043a\u043a\u0443\u043c\u0443\u043b\u044f\u0442\u043e\u0440\u043e\u043c 74 \u0412 55 \u0410\u0447<\/span> <\/h2>\n<p style=\"\"><p class=\"niuxtech_post_modified_date\">2023-01-07<\/p><\/p>\n<h2 style=\"\"><span data-attr-link=\"0\" data-attr-rel=\"0\" data-attr-target=\"0\" data-extra_key=\"\" data-option-inline=\"1\" data-shortcode=\"tcb_post_title\" data-shortcode-name=\"Post title\" style=\"\">\u0422\u0435\u043b\u0435\u0444\u043e\u043d OnePlus 11 \u043e\u0444\u0438\u0446\u0438\u0430\u043b\u044c\u043d\u043e \u0432\u044b\u043f\u0443\u0449\u0435\u043d! \u041f\u0430\u0440\u0430\u043c\u0435\u0442\u0440\u044b \u0438 \u0446\u0435\u043d\u044b \u0441\u0442\u0430\u043b\u0438 \u044f\u0441\u043d\u044b<\/span> <\/h2>\n<p> <a href=\"javascript:void(0)\"><span style=\"\"><span style=\"\">\u0415\u0429\u0415 \u043d\u043e\u0432\u043e\u0441\u0442\u0438<\/span><\/span><\/a><\/p>","protected":false},"excerpt":{"rendered":"<p>Oficialiai pristatyti POCO F5 ir POCO F5 Pro telefonai. Su\u017einok kiek kainuos! POCO F5 ir F5 Pro telefon\u0173 oficialus pristatymas gegu\u017e\u0117s 9 d. Kokie numatomi parametrai? Xiaomi naujausi produktai: Xiaomi Band 8, Xiaomi 13 Ultra, Xiaomi Pad 6 \/ 6 Pro&#8230; Xiaomi Pad 6 \/ 6 Pro ir Xiaomi Band 8 pristatymas jau baland\u017eio 18 [&hellip;]<\/p>\n","protected":false},"author":1,"featured_media":0,"parent":0,"menu_order":0,"comment_status":"closed","ping_status":"closed","template":"","meta":{"footnotes":""},"class_list":["post-268","page","type-page","status-publish","hentry","post-wrapper","thrv_wrapper"],"meta_box":{"duk_temos":[],"puslapio_izanga":"Technologij\u0173 ir elektronikos pasaulio produkt\u0173 naujienos"},"_links":{"self":[{"href":"https:\/\/niuxtech.lt\/ru\/wp-json\/wp\/v2\/pages\/268","targetHints":{"allow":["GET"]}}],"collection":[{"href":"https:\/\/niuxtech.lt\/ru\/wp-json\/wp\/v2\/pages"}],"about":[{"href":"https:\/\/niuxtech.lt\/ru\/wp-json\/wp\/v2\/types\/page"}],"author":[{"embeddable":true,"href":"https:\/\/niuxtech.lt\/ru\/wp-json\/wp\/v2\/users\/1"}],"replies":[{"embeddable":true,"href":"https:\/\/niuxtech.lt\/ru\/wp-json\/wp\/v2\/comments?post=268"}],"version-history":[{"count":0,"href":"https:\/\/niuxtech.lt\/ru\/wp-json\/wp\/v2\/pages\/268\/revisions"}],"wp:attachment":[{"href":"https:\/\/niuxtech.lt\/ru\/wp-json\/wp\/v2\/media?parent=268"}],"curies":[{"name":"WP","href":"https:\/\/api.w.org\/{rel}","templated":true}]}}