{"id":20918,"date":"2024-10-27T12:24:18","date_gmt":"2024-10-27T10:24:18","guid":{"rendered":"https:\/\/niuxtech.lt\/?page_id=20918"},"modified":"2024-10-27T12:24:32","modified_gmt":"2024-10-27T10:24:32","slug":"%d0%be%d0%b1%d0%b7%d0%be%d1%80%d1%8b-5","status":"publish","type":"page","link":"https:\/\/niuxtech.lt\/ru\/%d0%be%d0%b1%d0%b7%d0%be%d1%80%d1%8b-5\/","title":{"rendered":"\u041e\u0431\u0437\u043e\u0440\u044b \u043f\u0440\u043e\u0434\u0443\u043a\u0446\u0438\u0438: \u042d\u0434\u0433\u0430\u0440\u0430\u0441"},"content":{"rendered":"<p style=\"\"><\/p>\n<p style=\"\"><p class=\"niuxtech_post_modified_date\">2024-10-27<\/p><\/p>\n<h2 style=\"\"><span data-attr-link=\"0\" data-attr-rel=\"0\" data-attr-target=\"0\" data-extra_key=\"\" data-option-inline=\"1\" data-shortcode=\"tcb_post_title\" data-shortcode-name=\"Post title\" style=\"\">\u042d\u043b\u0435\u043a\u0442\u0440\u043e\u0441\u0430\u043c\u043e\u043a\u0430\u0442 ANGWATT CS1 \u2013 \u044f\u0433\u043d\u0435\u043d\u043e\u043a \u0432 \u0432\u043e\u043b\u0447\u044c\u0435\u0439 \u0448\u043a\u0443\u0440\u0435?!<\/span> <\/h2>\n<p style=\"\"><\/p>\n<p style=\"\"><p class=\"niuxtech_post_modified_date\">2024-10-27<\/p><\/p>\n<h2 style=\"\"><span data-attr-link=\"0\" data-attr-rel=\"0\" data-attr-target=\"0\" data-extra_key=\"\" data-option-inline=\"1\" data-shortcode=\"tcb_post_title\" data-shortcode-name=\"Post title\" style=\"\">\u0424\u0440\u0438\u0442\u044e\u0440\u043d\u0438\u0446\u0430 Chefree AFW01: \u0432\u043e\u0437\u043c\u043e\u0436\u043d\u043e\u0441\u0442\u044c \u043d\u0430\u0441\u043b\u0430\u0434\u0438\u0442\u044c\u0441\u044f \u0443\u0436\u0438\u043d\u043e\u043c \u0437\u0430 15 \u043c\u0438\u043d\u0443\u0442?<\/span> <\/h2>\n<p style=\"\"><\/p>\n<p style=\"\"><p class=\"niuxtech_post_modified_date\">2024-10-27<\/p><\/p>\n<h2 style=\"\"><span data-attr-link=\"0\" data-attr-rel=\"0\" data-attr-target=\"0\" data-extra_key=\"\" data-option-inline=\"1\" data-shortcode=\"tcb_post_title\" data-shortcode-name=\"Post title\" style=\"\">\u0412\u0441\u0435\u043c\u043e\u0433\u0443\u0449\u0438\u0439 OnePlus Pad 2 \u2014 \u0434\u043b\u044f \u0432\u0441\u0435\u0445 \u0438 \u043a\u0430\u0436\u0434\u043e\u0433\u043e?<\/span> <\/h2>\n<p style=\"\"><\/p>\n<p style=\"\"><p class=\"niuxtech_post_modified_date\">2024-10-27<\/p><\/p>\n<h2 style=\"\"><span data-attr-link=\"0\" data-attr-rel=\"0\" data-attr-target=\"0\" data-extra_key=\"\" data-option-inline=\"1\" data-shortcode=\"tcb_post_title\" data-shortcode-name=\"Post title\" style=\"\">Kaabo Mantis KING GT \u2014 \u0441\u043e\u0445\u0440\u0430\u043d\u0438\u0442\u0441\u044f \u043b\u0438 \u0441\u0442\u0430\u0442\u0443\u0441 \u00ab\u043a\u043e\u0440\u043e\u043b\u044f\u00bb \u0432 2024 \u0433\u043e\u0434\u0443?<\/span> <\/h2>\n<p> <a href=\"javascript:void(0)\"><span style=\"\"><span style=\"\">\u0411\u043e\u043b\u044c\u0448\u0435 \u043e\u0442\u0437\u044b\u0432\u043e\u0432<\/span><\/span><\/a><\/p>","protected":false},"excerpt":{"rendered":"<p>\u042d\u043b\u0435\u043a\u0442\u0440\u043e\u0441\u0430\u043c\u043e\u043a\u0430\u0442 ANGWATT CS1 \u2013 \u044f\u0433\u043d\u0435\u043d\u043e\u043a \u0432 \u0432\u043e\u043b\u0447\u044c\u0435\u0439 \u0448\u043a\u0443\u0440\u0435?! \u0424\u0440\u0438\u0442\u044e\u0440\u043d\u0438\u0446\u0430 Chefree AFW01: \u0432\u043e\u0437\u043c\u043e\u0436\u043d\u043e\u0441\u0442\u044c \u043d\u0430\u0441\u043b\u0430\u0434\u0438\u0442\u044c\u0441\u044f \u0443\u0436\u0438\u043d\u043e\u043c \u0437\u0430 15 \u043c\u0438\u043d\u0443\u0442? \u0412\u0441\u0435\u043c\u043e\u0433\u0443\u0449\u0438\u0439 OnePlus Pad 2 \u2013 \u0434\u043b\u044f \u0432\u0441\u0435\u0445? Kaabo Mantis KING GT \u2013 \u0441\u0442\u0430\u0442\u0443\u0441 \u00ab\u043a\u043e\u0440\u043e\u043b\u044f\u00bb \u0441\u043e\u0445\u0440\u0430\u043d\u0438\u0442\u0441\u044f \u0432 2024 \u0433\u043e\u0434\u0443? \u0415\u0449\u0435 \u043e\u0442\u0437\u044b\u0432\u044b<\/p>","protected":false},"author":2,"featured_media":0,"parent":0,"menu_order":0,"comment_status":"closed","ping_status":"closed","template":"","meta":{"footnotes":""},"class_list":["post-20918","page","type-page","status-publish","hentry","post-wrapper","thrv_wrapper"],"meta_box":{"duk_temos":[],"puslapio_izanga":"Tech ir elektronikos produkt\u0173 ap\u017evalgos - pirmieji \u012fsp\u016bd\u017eiai ir \u012fvertinimai"},"_links":{"self":[{"href":"https:\/\/niuxtech.lt\/ru\/wp-json\/wp\/v2\/pages\/20918","targetHints":{"allow":["GET"]}}],"collection":[{"href":"https:\/\/niuxtech.lt\/ru\/wp-json\/wp\/v2\/pages"}],"about":[{"href":"https:\/\/niuxtech.lt\/ru\/wp-json\/wp\/v2\/types\/page"}],"author":[{"embeddable":true,"href":"https:\/\/niuxtech.lt\/ru\/wp-json\/wp\/v2\/users\/2"}],"replies":[{"embeddable":true,"href":"https:\/\/niuxtech.lt\/ru\/wp-json\/wp\/v2\/comments?post=20918"}],"version-history":[{"count":0,"href":"https:\/\/niuxtech.lt\/ru\/wp-json\/wp\/v2\/pages\/20918\/revisions"}],"wp:attachment":[{"href":"https:\/\/niuxtech.lt\/ru\/wp-json\/wp\/v2\/media?parent=20918"}],"curies":[{"name":"WP","href":"https:\/\/api.w.org\/{rel}","templated":true}]}}