{"id":20914,"date":"2024-10-27T12:22:32","date_gmt":"2024-10-27T10:22:32","guid":{"rendered":"https:\/\/niuxtech.lt\/?page_id=20914"},"modified":"2024-10-27T12:23:11","modified_gmt":"2024-10-27T10:23:11","slug":"%d0%be%d0%b1%d0%b7%d0%be%d1%80%d1%8b-4","status":"publish","type":"page","link":"https:\/\/niuxtech.lt\/ru\/%d0%be%d0%b1%d0%b7%d0%be%d1%80%d1%8b-4\/","title":{"rendered":"\u041e\u0431\u0437\u043e\u0440\u044b \u043f\u0440\u043e\u0434\u0443\u043a\u0446\u0438\u0438: \u041e\u0431\u044a\u0435\u043c"},"content":{"rendered":"<p style=\"\"><\/p>\n<p style=\"\"><p class=\"niuxtech_post_modified_date\">2024-10-27<\/p><\/p>\n<h2 style=\"\"><span data-attr-link=\"0\" data-attr-rel=\"0\" data-attr-target=\"0\" data-extra_key=\"\" data-option-inline=\"1\" data-shortcode=\"tcb_post_title\" data-shortcode-name=\"Post title\" style=\"\">\u0412\u0438\u0434\u0435\u043e\u0440\u0435\u0433\u0438\u0441\u0442\u0440\u0430\u0442\u043e\u0440 70mai Dash Cam 4K A810 \u2013 \u0433\u0430\u0440\u0430\u043d\u0442 \u0431\u0435\u0437\u043e\u043f\u0430\u0441\u043d\u043e\u0441\u0442\u0438 \u043f\u0443\u0442\u0435\u0448\u0435\u0441\u0442\u0432\u0438\u0439?<\/span> <\/h2>\n<p style=\"\"><\/p>\n<p style=\"\"><p class=\"niuxtech_post_modified_date\">2024-10-27<\/p><\/p>\n<h2 style=\"\"><span data-attr-link=\"0\" data-attr-rel=\"0\" data-attr-target=\"0\" data-extra_key=\"\" data-option-inline=\"1\" data-shortcode=\"tcb_post_title\" data-shortcode-name=\"Post title\" style=\"\">\u041a\u043e\u043d\u043a\u0443\u0440\u0441 \u0438\u043d\u0442\u0435\u043b\u043b\u0435\u043a\u0442\u0443\u0430\u043b\u044c\u043d\u044b\u0445 \u043a\u0430\u043c\u0435\u0440 \u043d\u0430\u0431\u043b\u044e\u0434\u0435\u043d\u0438\u044f IMILAB EC6 \u0438 EC6 Dual. \u041a\u0430\u043a\u043e\u0439 \u0432\u044b\u0431\u0440\u0430\u0442\u044c?<\/span> <\/h2>\n<p style=\"\"><\/p>\n<p style=\"\"><p class=\"niuxtech_post_modified_date\">2024-10-27<\/p><\/p>\n<h2 style=\"\"><span data-attr-link=\"0\" data-attr-rel=\"0\" data-attr-target=\"0\" data-extra_key=\"\" data-option-inline=\"1\" data-shortcode=\"tcb_post_title\" data-shortcode-name=\"Post title\" style=\"\">Wanbo DaVinci 1 Pro \u2014 \u0427\u0442\u043e \u0434\u0435\u043b\u0430\u0435\u0442 \u044d\u0442\u043e\u0442 \u0431\u044e\u0434\u0436\u0435\u0442\u043d\u044b\u0439 \u043f\u0440\u043e\u0435\u043a\u0442\u043e\u0440? \u041c\u044b \u0441\u0440\u0430\u0432\u043d\u0438\u043b\u0438 \u0435\u0433\u043e \u0441 \u0412\u0430\u043d\u0431\u043e \u041c\u043e\u0446\u0430\u0440\u0442\u043e\u043c 1.<\/span> <\/h2>\n<p> <a href=\"javascript:void(0)\"><span style=\"\"><span style=\"\">\u0411\u043e\u043b\u044c\u0448\u0435 \u043e\u0442\u0437\u044b\u0432\u043e\u0432<\/span><\/span><\/a><\/p>","protected":false},"excerpt":{"rendered":"<p>\u0412\u0438\u0434\u0435\u043e\u0440\u0435\u0433\u0438\u0441\u0442\u0440\u0430\u0442\u043e\u0440 70mai Dash Cam 4K A810 \u2014 \u0433\u0430\u0440\u0430\u043d\u0442\u0438\u044f \u0431\u0435\u0437\u043e\u043f\u0430\u0441\u043d\u043e\u0441\u0442\u0438 \u043f\u0443\u0442\u0435\u0448\u0435\u0441\u0442\u0432\u0438\u0439? \u041a\u043e\u043d\u043a\u0443\u0440\u0435\u043d\u0446\u0438\u044f \u0441\u043c\u0430\u0440\u0442-\u043a\u0430\u043c\u0435\u0440 \u0432\u0438\u0434\u0435\u043e\u043d\u0430\u0431\u043b\u044e\u0434\u0435\u043d\u0438\u044f IMILAB EC6 \u0438 EC6 Dual. \u041a\u0430\u043a\u0443\u044e \u0432\u044b\u0431\u0440\u0430\u0442\u044c? Wanbo DaVinci 1 Pro \u2014 \u043d\u0430 \u0447\u0442\u043e \u0441\u043f\u043e\u0441\u043e\u0431\u0435\u043d \u044d\u0442\u043e\u0442 \u0431\u044e\u0434\u0436\u0435\u0442\u043d\u044b\u0439 \u043f\u0440\u043e\u0435\u043a\u0442\u043e\u0440? \u0421\u0440\u0430\u0432\u043d\u0435\u043d\u0438\u0435 \u0441 Wanbo Mozart 1 \u0415\u0449\u0435 \u043e\u0442\u0437\u044b\u0432\u044b<\/p>","protected":false},"author":2,"featured_media":0,"parent":0,"menu_order":0,"comment_status":"closed","ping_status":"closed","template":"","meta":{"footnotes":""},"class_list":["post-20914","page","type-page","status-publish","hentry","post-wrapper","thrv_wrapper"],"meta_box":{"duk_temos":[],"puslapio_izanga":"Tech ir elektronikos produkt\u0173 ap\u017evalgos - pirmieji \u012fsp\u016bd\u017eiai ir \u012fvertinimai"},"_links":{"self":[{"href":"https:\/\/niuxtech.lt\/ru\/wp-json\/wp\/v2\/pages\/20914","targetHints":{"allow":["GET"]}}],"collection":[{"href":"https:\/\/niuxtech.lt\/ru\/wp-json\/wp\/v2\/pages"}],"about":[{"href":"https:\/\/niuxtech.lt\/ru\/wp-json\/wp\/v2\/types\/page"}],"author":[{"embeddable":true,"href":"https:\/\/niuxtech.lt\/ru\/wp-json\/wp\/v2\/users\/2"}],"replies":[{"embeddable":true,"href":"https:\/\/niuxtech.lt\/ru\/wp-json\/wp\/v2\/comments?post=20914"}],"version-history":[{"count":0,"href":"https:\/\/niuxtech.lt\/ru\/wp-json\/wp\/v2\/pages\/20914\/revisions"}],"wp:attachment":[{"href":"https:\/\/niuxtech.lt\/ru\/wp-json\/wp\/v2\/media?parent=20914"}],"curies":[{"name":"WP","href":"https:\/\/api.w.org\/{rel}","templated":true}]}}