{"id":119,"date":"2023-01-03T20:50:28","date_gmt":"2023-01-03T18:50:28","guid":{"rendered":"https:\/\/niuxtech.lt\/?page_id=119"},"modified":"2023-11-06T21:22:36","modified_gmt":"2023-11-06T19:22:36","slug":"%d0%b7%d0%b0%d0%b3%d0%be%d0%bb%d0%be%d0%b2%d0%be%d0%ba","status":"publish","type":"page","link":"https:\/\/niuxtech.lt\/ru\/","title":{"rendered":"\u0417\u0430\u0433\u043e\u043b\u043e\u0432\u043e\u043a"},"content":{"rendered":"<p><span><img decoding=\"async\" alt=\"\" data-id=\"184\" data-init-width=\"520\" data-init-height=\"520\" title=\"\" src=\"https:\/\/niuxtech.lt\/wp-content\/uploads\/2023\/01\/Roborock-Q7-Max-Plus-robotas-siurblys-NiuxTech.jpg.webp\" data-width=\"446\" style=\"aspect-ratio: auto 520 \/ 520;\" width=\"446\" height=\"520\" loading=\"lazy\"><\/span><\/p>\n<h1 style=\"\">Sutaupyk ir \u012fsigyk norim\u0105 prek\u0119 pigiau!<\/h1>\n<p style=\"\">Kasdien dalinam\u0117s i\u0161skirtin\u0117mis akcijomis, nuolaidos kodais bei technologij\u0173 naujienomis<\/p>\n<h2 style=\"\">Naujausi pasi\u016blymai<\/h2>\n<p style=\"\">Nuolaid\u0173 kodai ir geriausi pasi\u016blymai tech ir elektronikos prek\u0117ms<\/p>\n<p style=\"\"><\/p>\n<p style=\"\"><p class=\"niuxtech_post_modified_date\">2023-01-03<\/p><\/p>\n<h2 style=\"\"><span data-attr-link=\"0\" data-attr-rel=\"0\" data-attr-target=\"0\" data-extra_key=\"\" data-option-inline=\"1\" data-shortcode=\"tcb_post_title\" data-shortcode-name=\"Post title\" style=\"\">Xiaomi 13T naujos serijos telefonas 12+256GB su Leica 50MP kamera ir 144Hz AMOLED ekranu<\/span> <\/h2>\n<p style=\"\"><\/p>\n<p style=\"\"><p class=\"niuxtech_post_modified_date\">2023-01-03<\/p><\/p>\n<h2 style=\"\"><span data-attr-link=\"0\" data-attr-rel=\"0\" data-attr-target=\"0\" data-extra_key=\"\" data-option-inline=\"1\" data-shortcode=\"tcb_post_title\" data-shortcode-name=\"Post title\" style=\"\">Dr\u0117gnai plaunantis siurblys su automatine i\u0161sivalymo stotele Roborock Dyad Pro u\u017e \u20ac290<\/span><\/h2>\n<p style=\"\"><\/p>\n<p style=\"\"><p class=\"niuxtech_post_modified_date\">2023-01-03<\/p><\/p>\n<h2 style=\"\"><span data-attr-link=\"0\" data-attr-rel=\"0\" data-attr-target=\"0\" data-extra_key=\"\" data-option-inline=\"1\" data-shortcode=\"tcb_post_title\" data-shortcode-name=\"Post title\" style=\"\">Roborock S8 premium klas\u0117s robotas siurblys su greitu pristatymu i\u0161 EU sand\u0117lio u\u017e \u20ac445<\/span><\/h2>\n<p style=\"\"><\/p>\n<p style=\"\"><p class=\"niuxtech_post_modified_date\">2023-01-03<\/p><\/p>\n<h2 style=\"\"><span data-attr-link=\"0\" data-attr-rel=\"0\" data-attr-target=\"0\" data-extra_key=\"\" data-option-inline=\"1\" data-shortcode=\"tcb_post_title\" data-shortcode-name=\"Post title\" style=\"\">FOSSiBOT F2400 mobili energijos stotel\u0117 2400W \/ 2048Wh LiFePO4 baterija! Akcija \u20ac835<\/span><\/h2>\n<h2 style=\"\">Produkt\u0173 ap\u017evalgos<\/h2>\n<p style=\"\">Tech ir elektronikos produkt\u0173 ap\u017evalgos &#8211; pirmieji \u012fsp\u016bd\u017eiai ir \u012fvertinimai<\/p>\n<p>[tcb-script type=&#8221;text\/javascript&#8221; src=&#8221;\/\/cdn.jsdelivr.net\/npm\/slick-carousel@1.8.1\/slick\/slick.min.js&#8221;][\/tcb-script]<\/p>\n<p style=\"\"><\/p>\n<p style=\"\"><p class=\"niuxtech_post_modified_date\">2023-01-03<\/p><\/p>\n<h2 style=\"\"><span data-attr-link=\"0\" data-attr-rel=\"0\" data-attr-target=\"0\" data-extra_key=\"\" data-option-inline=\"1\" data-shortcode=\"tcb_post_title\" data-shortcode-name=\"Post title\" style=\"\">DUOTTS F26 \u017ev\u0117riukas su 2* 750W motorais, 17.5Ah baterija ir 50km\/h max. grei\u010diu<\/span> <\/h2>\n<p style=\"\"><\/p>\n<p style=\"\"><p class=\"niuxtech_post_modified_date\">2023-01-03<\/p><\/p>\n<h2 style=\"\"><span data-attr-link=\"0\" data-attr-rel=\"0\" data-attr-target=\"0\" data-extra_key=\"\" data-option-inline=\"1\" data-shortcode=\"tcb_post_title\" data-shortcode-name=\"Post title\" style=\"\">Xiaomi TV Box S (2nd gen) su Google TV &#8211; ar verta atsinaujinti?<\/span> <\/h2>\n<p style=\"\"><\/p>\n<p style=\"\"><p class=\"niuxtech_post_modified_date\">2023-01-03<\/p><\/p>\n<h2 style=\"\"><span data-attr-link=\"0\" data-attr-rel=\"0\" data-attr-target=\"0\" data-extra_key=\"\" data-option-inline=\"1\" data-shortcode=\"tcb_post_title\" data-shortcode-name=\"Post title\" style=\"\">EGWE M20 elektrinis dviratis: pliusai, minusai ir ar vertas savo kainos?<\/span> <\/h2>\n<p style=\"\"><\/p>\n<p style=\"\"><p class=\"niuxtech_post_modified_date\">2023-01-03<\/p><\/p>\n<h2 style=\"\"><span data-attr-link=\"0\" data-attr-rel=\"0\" data-attr-target=\"0\" data-extra_key=\"\" data-option-inline=\"1\" data-shortcode=\"tcb_post_title\" data-shortcode-name=\"Post title\" style=\"\">Eleglide M2 elektrinio dvira\u010dio ap\u017evalga. Pliusai, minusai, ar verta pirkti?<\/span> <\/h2>\n<p style=\"\"><\/p>\n<p style=\"\"><p class=\"niuxtech_post_modified_date\">2023-01-03<\/p><\/p>\n<h2 style=\"\"><span data-attr-link=\"0\" data-attr-rel=\"0\" data-attr-target=\"0\" data-extra_key=\"\" data-option-inline=\"1\" data-shortcode=\"tcb_post_title\" data-shortcode-name=\"Post title\" style=\"\">Funwater pripu\u010diamos SUP irklent\u0117s ap\u017evalga! Pliusai, minusai, ar verta pirkti?<\/span> <\/h2>\n<p style=\"\"><\/p>\n<p style=\"\"><p class=\"niuxtech_post_modified_date\">2023-01-03<\/p><\/p>\n<h2 style=\"\"><span data-attr-link=\"0\" data-attr-rel=\"0\" data-attr-target=\"0\" data-extra_key=\"\" data-option-inline=\"1\" data-shortcode=\"tcb_post_title\" data-shortcode-name=\"Post title\" style=\"\">Elektrinis miesto dviratis DYU C6 &#8211; vienas i\u0161 geresni\u0173 pasirinkim\u0173 savo klas\u0117je?<\/span> <\/h2>\n<p style=\"\"><\/p>\n<p style=\"\"><p class=\"niuxtech_post_modified_date\">2023-01-03<\/p><\/p>\n<h2 style=\"\"><span data-attr-link=\"0\" data-attr-rel=\"0\" data-attr-target=\"0\" data-extra_key=\"\" data-option-inline=\"1\" data-shortcode=\"tcb_post_title\" data-shortcode-name=\"Post title\" style=\"\">Roborock S7 Max ULTRA robotas siurblys \u2013 geriau u\u017e S7 MaxV Ultra ir S7 Pro Ultra?<\/span> <\/h2>\n<p style=\"\"><\/p>\n<p style=\"\"><p class=\"niuxtech_post_modified_date\">2023-01-03<\/p><\/p>\n<h2 style=\"\"><span data-attr-link=\"0\" data-attr-rel=\"0\" data-attr-target=\"0\" data-extra_key=\"\" data-option-inline=\"1\" data-shortcode=\"tcb_post_title\" data-shortcode-name=\"Post title\" style=\"\">Segway NAVIMOW vejos robotas \u2013 \u017eoliapjov\u0117. Geriausias 2023 met\u0173 robotukas ar tik HYPE?<\/span> <\/h2>\n<p style=\"\"><\/p>\n<p style=\"\"><p class=\"niuxtech_post_modified_date\">2023-01-03<\/p><\/p>\n<h2 style=\"\"><span data-attr-link=\"0\" data-attr-rel=\"0\" data-attr-target=\"0\" data-extra_key=\"\" data-option-inline=\"1\" data-shortcode=\"tcb_post_title\" data-shortcode-name=\"Post title\" style=\"\">BLUETTI AC180 mobili energijos stotel\u0117. Pliusai, minusai, ar verta pirkti?<\/span> <\/h2>\n<h2 style=\"\">Patarimai<\/h2>\n<p style=\"\">Neapsisprendi, kur\u012f produkt\u0105 pasirinkti? \u0160ioje skiltyje rasi pana\u0161i\u0173 produkt\u0173 palyginimus ir patarimus, k\u0105 rinktis<\/p>\n<p style=\"\"><p class=\"niuxtech_post_modified_date\">2023-01-03<\/p><\/p>\n<h2 style=\"\"><span data-attr-link=\"0\" data-attr-rel=\"0\" data-attr-target=\"0\" data-extra_key=\"\" data-option-inline=\"1\" data-shortcode=\"tcb_post_title\" data-shortcode-name=\"Post title\" style=\"\">Geriausi 2023 met\u0173 elektriniai paspirtukai \u2013 by NiuxTech<\/span><\/h2>\n<p style=\"\"><p class=\"niuxtech_post_modified_date\">2023-01-03<\/p><\/p>\n<h2 style=\"\"><span data-attr-link=\"0\" data-attr-rel=\"0\" data-attr-target=\"0\" data-extra_key=\"\" data-option-inline=\"1\" data-shortcode=\"tcb_post_title\" data-shortcode-name=\"Post title\" style=\"\">Geriausi\u0173 Roborock robot\u0173 siurbli\u0173 palyginimas \u2013 kur\u012f model\u012f pasirinkti?<\/span><\/h2>\n<p style=\"\"><p class=\"niuxtech_post_modified_date\">2023-01-03<\/p><\/p>\n<h2 style=\"\"><span data-attr-link=\"0\" data-attr-rel=\"0\" data-attr-target=\"0\" data-extra_key=\"\" data-option-inline=\"1\" data-shortcode=\"tcb_post_title\" data-shortcode-name=\"Post title\" style=\"\">2023 perkamiausi elektriniai dvira\u010diai iki \u20ac1000. Atrinkome ir palyginome geriausius!<\/span><\/h2>\n<p style=\"\"><p class=\"niuxtech_post_modified_date\">2023-01-03<\/p><\/p>\n<h2 style=\"\"><span data-attr-link=\"0\" data-attr-rel=\"0\" data-attr-target=\"0\" data-extra_key=\"\" data-option-inline=\"1\" data-shortcode=\"tcb_post_title\" data-shortcode-name=\"Post title\" style=\"\">Kuris paspirtukas geresnis: Ninebot MAX G30 ar Inmotion S1?<\/span><\/h2>\n<h2 style=\"\">Tech naujienos<\/h2>\n<p style=\"\">Su\u017einok apie naujausius tech ir elektronikos produktus pirmas<\/p>\n<p style=\"\"><p class=\"niuxtech_post_modified_date\">2023-01-03<\/p><\/p>\n<h2 style=\"\"><span data-attr-link=\"0\" data-attr-rel=\"0\" data-attr-target=\"0\" data-extra_key=\"\" data-option-inline=\"1\" data-shortcode=\"tcb_post_title\" data-shortcode-name=\"Post title\" style=\"\">Pristatyti Xiaomi 13T serijos telefonai ir Xiaomi Watch 2 Pro su Wear OS &#8211; kiek kainuos?!<\/span> <\/h2>\n<p style=\"\"><p class=\"niuxtech_post_modified_date\">2023-01-03<\/p><\/p>\n<h2 style=\"\"><span data-attr-link=\"0\" data-attr-rel=\"0\" data-attr-target=\"0\" data-extra_key=\"\" data-option-inline=\"1\" data-shortcode=\"tcb_post_title\" data-shortcode-name=\"Post title\" style=\"\">Pristatytas naujas Kaabo Wolf Warrior KING GTR elektrinis paspirtukas!<\/span> <\/h2>\n<p style=\"\"><p class=\"niuxtech_post_modified_date\">2023-01-03<\/p><\/p>\n<h2 style=\"\"><span data-attr-link=\"0\" data-attr-rel=\"0\" data-attr-target=\"0\" data-extra_key=\"\" data-option-inline=\"1\" data-shortcode=\"tcb_post_title\" data-shortcode-name=\"Post title\" style=\"\">Google Pixel Fold, Pixel 7a ir Pixel Tablet plan\u0161et\u0117! Parametrai, kainos ir kur \u012fsigyti?<\/span> <\/h2>\n<p style=\"\"><p class=\"niuxtech_post_modified_date\">2023-01-03<\/p><\/p>\n<h2 style=\"\"><span data-attr-link=\"0\" data-attr-rel=\"0\" data-attr-target=\"0\" data-extra_key=\"\" data-option-inline=\"1\" data-shortcode=\"tcb_post_title\" data-shortcode-name=\"Post title\" style=\"\">Oficialiai pristatyti POCO F5 ir POCO F5 Pro telefonai. Su\u017einok kiek kainuos!<\/span> <\/h2>\n<p style=\"\"><p class=\"niuxtech_post_modified_date\">2023-01-03<\/p><\/p>\n<h2 style=\"\"><span data-attr-link=\"0\" data-attr-rel=\"0\" data-attr-target=\"0\" data-extra_key=\"\" data-option-inline=\"1\" data-shortcode=\"tcb_post_title\" data-shortcode-name=\"Post title\" style=\"\">Pristatyti Xiaomi 13T serijos telefonai ir Xiaomi Watch 2 Pro su Wear OS &#8211; kiek kainuos?!<\/span> <\/h2>\n<p style=\"\"><p class=\"niuxtech_post_modified_date\">2023-01-03<\/p><\/p>\n<h2 style=\"\"><span data-attr-link=\"0\" data-attr-rel=\"0\" data-attr-target=\"0\" data-extra_key=\"\" data-option-inline=\"1\" data-shortcode=\"tcb_post_title\" data-shortcode-name=\"Post title\" style=\"\">Pristatytas naujas Kaabo Wolf Warrior KING GTR elektrinis paspirtukas!<\/span><\/h2>\n<p style=\"\"><p class=\"niuxtech_post_modified_date\">2023-01-03<\/p><\/p>\n<h2 style=\"\"><span data-attr-link=\"0\" data-attr-rel=\"0\" data-attr-target=\"0\" data-extra_key=\"\" data-option-inline=\"1\" data-shortcode=\"tcb_post_title\" data-shortcode-name=\"Post title\" style=\"\">Google Pixel Fold, Pixel 7a ir Pixel Tablet plan\u0161et\u0117! Parametrai, kainos ir kur \u012fsigyti?<\/span><\/h2>\n<p style=\"\"><p class=\"niuxtech_post_modified_date\">2023-01-03<\/p><\/p>\n<h2 style=\"\"><span data-attr-link=\"0\" data-attr-rel=\"0\" data-attr-target=\"0\" data-extra_key=\"\" data-option-inline=\"1\" data-shortcode=\"tcb_post_title\" data-shortcode-name=\"Post title\" style=\"\">Oficialiai pristatyti POCO F5 ir POCO F5 Pro telefonai. Su\u017einok kiek kainuos!<\/span><\/h2>\n","protected":false},"excerpt":{"rendered":"<p>Sutaupyk ir \u012fsigyk norim\u0105 prek\u0119 pigiau! Kasdien dalinam\u0117s i\u0161skirtin\u0117mis akcijomis, nuolaidos kodais bei technologij\u0173 naujienomis Naujausi pasi\u016blymai Nuolaid\u0173 kodai ir geriausi pasi\u016blymai tech ir elektronikos prek\u0117ms Xiaomi 13T naujos serijos telefonas 12+256GB su Leica 50MP kamera ir 144Hz AMOLED ekranu Dr\u0117gnai plaunantis siurblys su automatine i\u0161sivalymo stotele Roborock Dyad Pro u\u017e \u20ac290 Roborock S8 premium [&hellip;]<\/p>\n","protected":false},"author":1,"featured_media":0,"parent":0,"menu_order":0,"comment_status":"closed","ping_status":"closed","template":"","meta":{"footnotes":""},"class_list":["post-119","page","type-page","status-publish","hentry","post-wrapper","thrv_wrapper"],"meta_box":{"duk_temos":[],"puslapio_izanga":""},"_links":{"self":[{"href":"https:\/\/niuxtech.lt\/ru\/wp-json\/wp\/v2\/pages\/119","targetHints":{"allow":["GET"]}}],"collection":[{"href":"https:\/\/niuxtech.lt\/ru\/wp-json\/wp\/v2\/pages"}],"about":[{"href":"https:\/\/niuxtech.lt\/ru\/wp-json\/wp\/v2\/types\/page"}],"author":[{"embeddable":true,"href":"https:\/\/niuxtech.lt\/ru\/wp-json\/wp\/v2\/users\/1"}],"replies":[{"embeddable":true,"href":"https:\/\/niuxtech.lt\/ru\/wp-json\/wp\/v2\/comments?post=119"}],"version-history":[{"count":0,"href":"https:\/\/niuxtech.lt\/ru\/wp-json\/wp\/v2\/pages\/119\/revisions"}],"wp:attachment":[{"href":"https:\/\/niuxtech.lt\/ru\/wp-json\/wp\/v2\/media?parent=119"}],"curies":[{"name":"WP","href":"https:\/\/api.w.org\/{rel}","templated":true}]}}