{"id":103,"date":"2023-01-03T14:06:49","date_gmt":"2023-01-03T12:06:49","guid":{"rendered":"https:\/\/niuxtech.lt\/?page_id=103"},"modified":"2024-09-22T20:45:54","modified_gmt":"2024-09-22T17:45:54","slug":"skidki","status":"publish","type":"page","link":"https:\/\/niuxtech.lt\/ru\/skidki\/","title":{"rendered":"\u0421\u043a\u0438\u0434\u043a\u0438"},"content":{"rendered":"<p style=\"\"><\/p>\n<p style=\"\"><p class=\"niuxtech_post_modified_date\">2023-01-03<\/p><\/p>\n<h2 style=\"\"><span data-attr-link=\"0\" data-attr-rel=\"0\" data-attr-target=\"0\" data-extra_key=\"\" data-option-inline=\"1\" data-shortcode=\"tcb_post_title\" data-shortcode-name=\"Post title\" style=\"\">3D-\u043f\u0440\u0438\u043d\u0442\u0435\u0440 Creality Ender-3 V3 KE \u0441 \u0431\u044b\u0441\u0442\u0440\u043e\u0439 \u0434\u043e\u0441\u0442\u0430\u0432\u043a\u043e\u0439 \u0441\u043e \u0441\u043a\u043b\u0430\u0434\u0430 \u0432 \u0415\u0421 \u0432\u0441\u0435\u0433\u043e 234 \u0435\u0432\u0440\u043e.<\/span> <\/h2>\n<p style=\"\"><\/p>\n<p style=\"\"><p class=\"niuxtech_post_modified_date\">2023-01-03<\/p><\/p>\n<h2 style=\"\"><span data-attr-link=\"0\" data-attr-rel=\"0\" data-attr-target=\"0\" data-extra_key=\"\" data-option-inline=\"1\" data-shortcode=\"tcb_post_title\" data-shortcode-name=\"Post title\" style=\"\">\u042d\u043b\u0435\u043a\u0442\u0440\u0438\u0447\u0435\u0441\u043a\u0438\u0439 \u043e\u0434\u043d\u043e\u043a\u043e\u043b\u0435\u0441\u043d\u044b\u0439 \u0432\u0435\u043b\u043e\u0441\u0438\u043f\u0435\u0434 KingSong S16 Pro \u0441 \u0430\u043a\u043a\u0443\u043c\u0443\u043b\u044f\u0442\u043e\u0440\u043e\u043c Samsung 50S \u0438 \u043c\u0433\u043d\u043e\u0432\u0435\u043d\u043d\u043e\u0439 \u043c\u043e\u0449\u043d\u043e\u0441\u0442\u044c\u044e 5000 \u0412\u0442<\/span> <\/h2>\n<p style=\"\"><\/p>\n<p style=\"\"><p class=\"niuxtech_post_modified_date\">2023-01-03<\/p><\/p>\n<h2 style=\"\"><span data-attr-link=\"0\" data-attr-rel=\"0\" data-attr-target=\"0\" data-extra_key=\"\" data-option-inline=\"1\" data-shortcode=\"tcb_post_title\" data-shortcode-name=\"Post title\" style=\"\">\u041c\u043e\u0431\u0438\u043b\u044c\u043d\u0430\u044f \u044d\u043b\u0435\u043a\u0442\u0440\u043e\u0441\u0442\u0430\u043d\u0446\u0438\u044f FOSSiBOT F3600 Pro \u043c\u043e\u0449\u043d\u043e\u0441\u0442\u044c\u044e 3600 \u0412\u0442 \u0438 \u0430\u043a\u043a\u0443\u043c\u0443\u043b\u044f\u0442\u043e\u0440\u043e\u043c LiFePO4 \u0435\u043c\u043a\u043e\u0441\u0442\u044c\u044e 3840 \u0412\u0442\u0447.<\/span> <\/h2>\n<p style=\"\"><\/p>\n<p style=\"\"><p class=\"niuxtech_post_modified_date\">2023-01-03<\/p><\/p>\n<h2 style=\"\"><span data-attr-link=\"0\" data-attr-rel=\"0\" data-attr-target=\"0\" data-extra_key=\"\" data-option-inline=\"1\" data-shortcode=\"tcb_post_title\" data-shortcode-name=\"Post title\" style=\"\">\u0412\u0441\u0435\u0433\u043e 49 \u0435\u0432\u0440\u043e \u0437\u0430 \u0441\u043c\u0430\u0440\u0442-\u0431\u0440\u0430\u0441\u043b\u0435\u0442 Xiaomi Band 8 Pro \u0441 \u044d\u043a\u0440\u0430\u043d\u043e\u043c AMOLED 1,74 \u0434\u044e\u0439\u043c\u0430 \u0438 \u0432\u0441\u0442\u0440\u043e\u0435\u043d\u043d\u044b\u043c GPS.<\/span> <\/h2>\n<p style=\"\"><\/p>\n<p style=\"\"><p class=\"niuxtech_post_modified_date\">2023-01-03<\/p><\/p>\n<h2 style=\"\"><span data-attr-link=\"0\" data-attr-rel=\"0\" data-attr-target=\"0\" data-extra_key=\"\" data-option-inline=\"1\" data-shortcode=\"tcb_post_title\" data-shortcode-name=\"Post title\" style=\"\">\u0420\u0430\u0434\u0438\u043e\u0443\u043f\u0440\u0430\u0432\u043b\u044f\u0435\u043c\u0430\u044f \u043c\u0430\u0448\u0438\u043d\u0430 Wltoys 144001 \u0441 \u0431\u044b\u0441\u0442\u0440\u043e\u0439 \u0434\u043e\u0441\u0442\u0430\u0432\u043a\u043e\u0439 \u0438\u0437 \u0415\u0421 \u0437\u0430 78 \u0435\u0432\u0440\u043e<\/span> <\/h2>\n<p style=\"\"><\/p>\n<p style=\"\"><p class=\"niuxtech_post_modified_date\">2023-01-03<\/p><\/p>\n<h2 style=\"\"><span data-attr-link=\"0\" data-attr-rel=\"0\" data-attr-target=\"0\" data-extra_key=\"\" data-option-inline=\"1\" data-shortcode=\"tcb_post_title\" data-shortcode-name=\"Post title\" style=\"\">\u0422\u0435\u043b\u0435\u0444\u043e\u043d Redmi Note 13 Pro+ \u0441 \u043a\u0430\u043c\u0435\u0440\u043e\u0439 200 \u041c\u043f, 12+512 \u0413\u0411 \u043f\u0430\u043c\u044f\u0442\u0438, IP68 \u0438 \u0437\u0430\u0440\u044f\u0434\u043a\u043e\u0439 120 \u0412\u0442 \u0437\u0430 304 \u0435\u0432\u0440\u043e<\/span> <\/h2>\n<p style=\"\"><\/p>\n<p style=\"\"><p class=\"niuxtech_post_modified_date\">2023-01-03<\/p><\/p>\n<h2 style=\"\"><span data-attr-link=\"0\" data-attr-rel=\"0\" data-attr-target=\"0\" data-extra_key=\"\" data-option-inline=\"1\" data-shortcode=\"tcb_post_title\" data-shortcode-name=\"Post title\" style=\"\">\u042d\u043a\u0448\u043d-\u043a\u0430\u043c\u0435\u0440\u0430 Insta360 X4 \u0441 \u0440\u0430\u0437\u0440\u0435\u0448\u0435\u043d\u0438\u0435\u043c 8K \u0438 \u043f\u0430\u043d\u043e\u0440\u0430\u043c\u043d\u043e\u0439 \u0441\u044a\u0435\u043c\u043a\u043e\u0439 \u043d\u0430 360\u00b0 \u0437\u0430 493 \u0435\u0432\u0440\u043e.<\/span> <\/h2>\n<p style=\"\"><\/p>\n<p style=\"\"><p class=\"niuxtech_post_modified_date\">2023-01-03<\/p><\/p>\n<h2 style=\"\"><span data-attr-link=\"0\" data-attr-rel=\"0\" data-attr-target=\"0\" data-extra_key=\"\" data-option-inline=\"1\" data-shortcode=\"tcb_post_title\" data-shortcode-name=\"Post title\" style=\"\">\u041f\u043b\u0430\u043d\u0448\u0435\u0442 Xiaomi Redmi Pad SE 8+256 \u0413\u0411 \u0441 \u0431\u044b\u0441\u0442\u0440\u043e\u0439 \u0434\u043e\u0441\u0442\u0430\u0432\u043a\u043e\u0439 \u0441\u043e \u0441\u043a\u043b\u0430\u0434\u0430 \u0432 \u0415\u0421 \u0432\u0441\u0435\u0433\u043e \u0437\u0430 150 \u0435\u0432\u0440\u043e<\/span> <\/h2>\n<p style=\"\"><\/p>\n<p style=\"\"><p class=\"niuxtech_post_modified_date\">2023-01-03<\/p><\/p>\n<h2 style=\"\"><span data-attr-link=\"0\" data-attr-rel=\"0\" data-attr-target=\"0\" data-extra_key=\"\" data-option-inline=\"1\" data-shortcode=\"tcb_post_title\" data-shortcode-name=\"Post title\" style=\"\">\u0422\u0435\u043b\u0435\u0444\u043e\u043d POCO X6 Pro 5G \u0441 \u043f\u0430\u043c\u044f\u0442\u044c\u044e 8+256 \u0413\u0411 \u0438 Dimensity 8300-Ultra \u0432\u0441\u0435\u0433\u043e \u0437\u0430 232 \u0435\u0432\u0440\u043e.<\/span> <\/h2>\n<p style=\"\"><\/p>\n<p style=\"\"><p class=\"niuxtech_post_modified_date\">2023-01-03<\/p><\/p>\n<h2 style=\"\"><span data-attr-link=\"0\" data-attr-rel=\"0\" data-attr-target=\"0\" data-extra_key=\"\" data-option-inline=\"1\" data-shortcode=\"tcb_post_title\" data-shortcode-name=\"Post title\" style=\"\">Ninebot MAX G30 \u2014 \u043b\u0443\u0447\u0448\u0438\u0439 \u0433\u043e\u0440\u043e\u0434\u0441\u043a\u043e\u0439 \u044d\u043b\u0435\u043a\u0442\u0440\u043e\u0441\u0430\u043c\u043e\u043a\u0430\u0442 \u0446\u0435\u043d\u0430-\u043a\u0430\u0447\u0435\u0441\u0442\u0432\u043e! \u0426\u0435\u043d\u0430: 478 \u0435\u0432\u0440\u043e.<\/span> <\/h2>\n<p style=\"\"><\/p>\n<p style=\"\"><p class=\"niuxtech_post_modified_date\">2023-01-03<\/p><\/p>\n<h2 style=\"\"><span data-attr-link=\"0\" data-attr-rel=\"0\" data-attr-target=\"0\" data-extra_key=\"\" data-option-inline=\"1\" data-shortcode=\"tcb_post_title\" data-shortcode-name=\"Post title\" style=\"\">\u042d\u043b\u0435\u043a\u0442\u0440\u043e\u043d\u043d\u044b\u0439 \u0432\u0435\u043b\u043e\u0441\u0438\u043f\u0435\u0434 DUOTTS E26 \u0441 \u0434\u0432\u0438\u0433\u0430\u0442\u0435\u043b\u0435\u043c \u043c\u043e\u0449\u043d\u043e\u0441\u0442\u044c\u044e 750 \u0412\u0442, \u0430\u043a\u043a\u0443\u043c\u0443\u043b\u044f\u0442\u043e\u0440\u043e\u043c 48 \u0412, 20 \u0410\u0447 \u0438 \u0441\u043a\u043e\u0440\u043e\u0441\u0442\u044c\u044e 55 \u043a\u043c\/\u0447! \u0426\u0435\u043d\u0430: 1999 \u0435\u0432\u0440\u043e.<\/span> <\/h2>\n<p style=\"\"><\/p>\n<p style=\"\"><p class=\"niuxtech_post_modified_date\">2023-01-03<\/p><\/p>\n<h2 style=\"\"><span data-attr-link=\"0\" data-attr-rel=\"0\" data-attr-target=\"0\" data-extra_key=\"\" data-option-inline=\"1\" data-shortcode=\"tcb_post_title\" data-shortcode-name=\"Post title\" style=\"\">\u041f\u0440\u043e\u0435\u043a\u0442\u043e\u0440 Wanbo DaVinci 1 Pro \u0437\u0430 229 \u0435\u0432\u0440\u043e. \u0420\u0430\u0437\u0440\u0435\u0448\u0435\u043d\u0438\u0435 Full HD, Android TV 11, Netflix 1080P<\/span> <\/h2>\n<p style=\"\"><\/p>\n<p style=\"\"><p class=\"niuxtech_post_modified_date\">2023-01-03<\/p><\/p>\n<h2 style=\"\"><span data-attr-link=\"0\" data-attr-rel=\"0\" data-attr-target=\"0\" data-extra_key=\"\" data-option-inline=\"1\" data-shortcode=\"tcb_post_title\" data-shortcode-name=\"Post title\" style=\"\">\u0414\u0423\u041e\u0422\u0421 C29 e. \u0412\u0435\u043b\u043e\u0441\u0438\u043f\u0435\u0434 \u0441 \u043a\u043e\u043b\u0435\u0441\u0430\u043c\u0438 29 \u0434\u044e\u0439\u043c\u043e\u0432, \u0434\u0432\u0438\u0433\u0430\u0442\u0435\u043b\u0435\u043c \u043c\u043e\u0449\u043d\u043e\u0441\u0442\u044c\u044e 750 \u0412\u0442 \u0438 \u0430\u043a\u043a\u0443\u043c\u0443\u043b\u044f\u0442\u043e\u0440\u043e\u043c 48 \u0412, 15 \u0410\u0447! \u0426\u0435\u043d\u0430: 709 \u0435\u0432\u0440\u043e.<\/span> <\/h2>\n<p style=\"\"><\/p>\n<p style=\"\"><p class=\"niuxtech_post_modified_date\">2023-01-03<\/p><\/p>\n<h2 style=\"\"><span data-attr-link=\"0\" data-attr-rel=\"0\" data-attr-target=\"0\" data-extra_key=\"\" data-option-inline=\"1\" data-shortcode=\"tcb_post_title\" data-shortcode-name=\"Post title\" style=\"\">FIMI X8 Mini 3 \u2014 \u043d\u043e\u0432\u0435\u0439\u0448\u0438\u0439 \u0434\u0440\u043e\u043d \u0441 \u043a\u0430\u043c\u0435\u0440\u043e\u0439 4\u041a \u0438 \u0432\u0440\u0435\u043c\u0435\u043d\u0435\u043c \u043f\u043e\u043b\u0435\u0442\u0430 \u0434\u043e 32 \u043c\u0438\u043d\u0443\u0442 \u0437\u0430 297 \u0435\u0432\u0440\u043e<\/span> <\/h2>\n<p style=\"\"><\/p>\n<p style=\"\"><p class=\"niuxtech_post_modified_date\">2023-01-03<\/p><\/p>\n<h2 style=\"\"><span data-attr-link=\"0\" data-attr-rel=\"0\" data-attr-target=\"0\" data-extra_key=\"\" data-option-inline=\"1\" data-shortcode=\"tcb_post_title\" data-shortcode-name=\"Post title\" style=\"\">\u042d\u043b\u0435\u043a\u0442\u0440\u0438\u0447\u0435\u0441\u043a\u0438\u0439 \u043e\u0434\u043d\u043e\u043a\u043e\u043b\u0435\u0441\u043d\u044b\u0439 \u0432\u0435\u043b\u043e\u0441\u0438\u043f\u0435\u0434 Inmotion V10F EUC \u0441 \u0431\u044b\u0441\u0442\u0440\u043e\u0439 \u0434\u043e\u0441\u0442\u0430\u0432\u043a\u043e\u0439 \u0441\u043e \u0441\u043a\u043b\u0430\u0434\u0430 \u0432 \u0415\u0421 \u0437\u0430 767 \u0435\u0432\u0440\u043e.<\/span> <\/h2>\n<p style=\"\"><\/p>\n<p style=\"\"><p class=\"niuxtech_post_modified_date\">2023-01-03<\/p><\/p>\n<h2 style=\"\"><span data-attr-link=\"0\" data-attr-rel=\"0\" data-attr-target=\"0\" data-extra_key=\"\" data-option-inline=\"1\" data-shortcode=\"tcb_post_title\" data-shortcode-name=\"Post title\" style=\"\">\u0412\u0441\u0435\u0433\u043e 579 \u0435\u0432\u0440\u043e \u0437\u0430 \u0441\u0430\u043c\u043e\u043a\u0430\u0442 Segway Ninebot MAX G2 \u0441 \u043c\u0433\u043d\u043e\u0432\u0435\u043d\u043d\u043e\u0439 \u043c\u043e\u0449\u043d\u043e\u0441\u0442\u044c\u044e 1000 \u0412\u0442 \u0438 \u043c\u0430\u043a\u0441\u0438\u043c\u0430\u043b\u044c\u043d\u043e\u0439 \u0441\u043a\u043e\u0440\u043e\u0441\u0442\u044c\u044e 35 \u043a\u043c\/\u0447.<\/span> <\/h2>\n<p style=\"\"><\/p>\n<p style=\"\"><p class=\"niuxtech_post_modified_date\">2023-01-03<\/p><\/p>\n<h2 style=\"\"><span data-attr-link=\"0\" data-attr-rel=\"0\" data-attr-target=\"0\" data-extra_key=\"\" data-option-inline=\"1\" data-shortcode=\"tcb_post_title\" data-shortcode-name=\"Post title\" style=\"\">\u0420\u043e\u0431\u043e\u0442-\u043d\u0430\u0441\u043e\u0441 Narwal Freo Z Ultra \u0441 \u043c\u043e\u0449\u043d\u043e\u0441\u0442\u044c\u044e \u0432\u0441\u0430\u0441\u044b\u0432\u0430\u043d\u0438\u044f 12 000 \u041f\u0430 + \u0441\u0442\u0430\u043d\u0446\u0438\u044f \u043e\u0447\u0438\u0441\u0442\u043a\u0438<\/span> <\/h2>\n<p style=\"\"><\/p>\n<p style=\"\"><p class=\"niuxtech_post_modified_date\">2023-01-03<\/p><\/p>\n<h2 style=\"\"><span data-attr-link=\"0\" data-attr-rel=\"0\" data-attr-target=\"0\" data-extra_key=\"\" data-option-inline=\"1\" data-shortcode=\"tcb_post_title\" data-shortcode-name=\"Post title\" style=\"\">\u0421\u0438\u0441\u0442\u0435\u043c\u0430 \u0434\u043e\u043c\u0430\u0448\u043d\u0435\u0433\u043e \u043a\u0438\u043d\u043e\u0442\u0435\u0430\u0442\u0440\u0430 ULTIMEA Nova S70 3.1.2 \u0441 \u0431\u044b\u0441\u0442\u0440\u043e\u0439 \u0434\u043e\u0441\u0442\u0430\u0432\u043a\u043e\u0439 \u0441\u043e \u0441\u043a\u043b\u0430\u0434\u0430 \u0432 \u0415\u0421 \u0432\u0441\u0435\u0433\u043e \u0437\u0430 148 \u0435\u0432\u0440\u043e.<\/span> <\/h2>\n<p style=\"\"><\/p>\n<p style=\"\"><p class=\"niuxtech_post_modified_date\">2023-01-03<\/p><\/p>\n<h2 style=\"\"><span data-attr-link=\"0\" data-attr-rel=\"0\" data-attr-target=\"0\" data-extra_key=\"\" data-option-inline=\"1\" data-shortcode=\"tcb_post_title\" data-shortcode-name=\"Post title\" style=\"\">\u0415\u0448\u044c\u0442\u0435 \u0437\u0434\u043e\u0440\u043e\u0432\u0435\u0435! \u0424\u0440\u0438\u0442\u044e\u0440\u043d\u0438\u0446\u0430 Proscenic T22 \u0441 \u0431\u044b\u0441\u0442\u0440\u043e\u0439 \u0434\u043e\u0441\u0442\u0430\u0432\u043a\u043e\u0439 \u0437\u0430 77 \u0435\u0432\u0440\u043e<\/span> <\/h2>\n<p style=\"\"><\/p>\n<p style=\"\"><p class=\"niuxtech_post_modified_date\">2023-01-03<\/p><\/p>\n<h2 style=\"\"><span data-attr-link=\"0\" data-attr-rel=\"0\" data-attr-target=\"0\" data-extra_key=\"\" data-option-inline=\"1\" data-shortcode=\"tcb_post_title\" data-shortcode-name=\"Post title\" style=\"\">\u0412\u0441\u0435\u0433\u043e 543 \u0435\u0432\u0440\u043e \u0437\u0430 \u043d\u043e\u0443\u0442\u0431\u0443\u043a Ninkear N16 Pro \u0441 \u043f\u0440\u043e\u0446\u0435\u0441\u0441\u043e\u0440\u043e\u043c Intel Core i7-13620H \u0438 32 \u0413\u0411 + 1 \u0422\u0411<\/span> <\/h2>\n<p style=\"\"><\/p>\n<p style=\"\"><p class=\"niuxtech_post_modified_date\">2023-01-03<\/p><\/p>\n<h2 style=\"\"><span data-attr-link=\"0\" data-attr-rel=\"0\" data-attr-target=\"0\" data-extra_key=\"\" data-option-inline=\"1\" data-shortcode=\"tcb_post_title\" data-shortcode-name=\"Post title\" style=\"\">233 \u0435\u0432\u0440\u043e \u0437\u0430 \u0438\u0433\u0440\u043e\u0432\u0443\u044e \u043a\u043e\u043d\u0441\u043e\u043b\u044c Nintendo Switch \u0441 256 \u0413\u0411 \u043f\u0430\u043c\u044f\u0442\u0438 + \u0441\u043e\u0445\u0440\u0430\u043d\u0435\u043d\u043d\u044b\u0435 \u0438\u0433\u0440\u044b (\u0432\u043e\u0441\u0441\u0442\u0430\u043d\u043e\u0432\u043b\u0435\u043d\u043d\u0443\u044e\/\u0431\u044b\u0432\u0448\u0443\u044e \u0432 \u0443\u043f\u043e\u0442\u0440\u0435\u0431\u043b\u0435\u043d\u0438\u0438)<\/span> <\/h2>\n<p style=\"\"><\/p>\n<p style=\"\"><p class=\"niuxtech_post_modified_date\">2023-01-03<\/p><\/p>\n<h2 style=\"\"><span data-attr-link=\"0\" data-attr-rel=\"0\" data-attr-target=\"0\" data-extra_key=\"\" data-option-inline=\"1\" data-shortcode=\"tcb_post_title\" data-shortcode-name=\"Post title\" style=\"\">\u0415\u0448\u044c\u0442\u0435 \u0437\u0434\u043e\u0440\u043e\u0432\u0435\u0435! \u0424\u0440\u0438\u0442\u044e\u0440\u043d\u0438\u0446\u0430 \u0441 \u0433\u043e\u0440\u044f\u0447\u0438\u043c \u0432\u043e\u0437\u0434\u0443\u0445\u043e\u043c Chefree AFW01 \u0441 \u0431\u044b\u0441\u0442\u0440\u043e\u0439 \u0434\u043e\u0441\u0442\u0430\u0432\u043a\u043e\u0439 \u0432\u0441\u0435\u0433\u043e \u0437\u0430 64 \u0435\u0432\u0440\u043e.<\/span> <\/h2>\n<p style=\"\"><\/p>\n<p style=\"\"><p class=\"niuxtech_post_modified_date\">2023-01-03<\/p><\/p>\n<h2 style=\"\"><span data-attr-link=\"0\" data-attr-rel=\"0\" data-attr-target=\"0\" data-extra_key=\"\" data-option-inline=\"1\" data-shortcode=\"tcb_post_title\" data-shortcode-name=\"Post title\" style=\"\">Proscenic BM300 \u2013 \u043a\u0430\u043c\u0435\u0440\u0430 \u043d\u0430\u0431\u043b\u044e\u0434\u0435\u043d\u0438\u044f \u0437\u0430 \u0434\u0435\u0442\u044c\u043c\u0438 \u0441 \u044d\u043a\u0440\u0430\u043d\u043e\u043c 5 \u0434\u044e\u0439\u043c\u043e\u0432 \u0432 \u043a\u043e\u043c\u043f\u043b\u0435\u043a\u0442\u0435 \u0437\u0430 85 \u0435\u0432\u0440\u043e.<\/span> <\/h2>\n<p style=\"\"><\/p>\n<p style=\"\"><p class=\"niuxtech_post_modified_date\">2023-01-03<\/p><\/p>\n<h2 style=\"\"><span data-attr-link=\"0\" data-attr-rel=\"0\" data-attr-target=\"0\" data-extra_key=\"\" data-option-inline=\"1\" data-shortcode=\"tcb_post_title\" data-shortcode-name=\"Post title\" style=\"\">\u0421\u043c\u0430\u0440\u0442\u0444\u043e\u043d Google Pixel 7a 8+128 \u0413\u0411 \u0441 \u043a\u0443\u043f\u043e\u043d\u043e\u043c \u043d\u0430 \u0441\u043a\u0438\u0434\u043a\u0443 \u0442\u0435\u043f\u0435\u0440\u044c \u0437\u0430 287 \u0435\u0432\u0440\u043e<\/span> <\/h2>\n<p> <a href=\"javascript:void(0)\"><span style=\"\"><span style=\"\">\u0411\u043e\u043b\u044c\u0448\u0435 \u043f\u0440\u0435\u0434\u043b\u043e\u0436\u0435\u043d\u0438\u0439<\/span><\/span><\/a><\/p>","protected":false},"excerpt":{"rendered":"<p>3D spausdintuvas Creality Ender-3 V3 KE su greitu pristatymu i\u0161 EU sand\u0117lio tik \u20ac234 KingSong S16 Pro elektrinis vienaratis su Samsung 50S baterija ir 5000W momentine galia FOSSiBOT F3600 Pro mobili energijos stotel\u0117 su 3600W galia ir 3840Wh LiFePO4 baterija Tik \u20ac49 u\u017e Xiaomi Band 8 Pro i\u0161mani\u0105j\u0105 apyrank\u0119 su 1.74&#8221; AMOLED ekranu ir integruotu [&hellip;]<\/p>\n","protected":false},"author":1,"featured_media":0,"parent":0,"menu_order":0,"comment_status":"closed","ping_status":"closed","template":"","meta":{"footnotes":""},"class_list":["post-103","page","type-page","status-publish","hentry","post-wrapper","thrv_wrapper"],"meta_box":{"duk_temos":[],"puslapio_izanga":"Geriausios nuolaidos ir kuponai \u012fvairioms prek\u0117ms \u2013 telefonams, laikrod\u017eiams, i\u0161maniesiems nam\u0173 \u012frenginiams, dulki\u0173 siurbliams, paspirtukams ir kt."},"_links":{"self":[{"href":"https:\/\/niuxtech.lt\/ru\/wp-json\/wp\/v2\/pages\/103","targetHints":{"allow":["GET"]}}],"collection":[{"href":"https:\/\/niuxtech.lt\/ru\/wp-json\/wp\/v2\/pages"}],"about":[{"href":"https:\/\/niuxtech.lt\/ru\/wp-json\/wp\/v2\/types\/page"}],"author":[{"embeddable":true,"href":"https:\/\/niuxtech.lt\/ru\/wp-json\/wp\/v2\/users\/1"}],"replies":[{"embeddable":true,"href":"https:\/\/niuxtech.lt\/ru\/wp-json\/wp\/v2\/comments?post=103"}],"version-history":[{"count":0,"href":"https:\/\/niuxtech.lt\/ru\/wp-json\/wp\/v2\/pages\/103\/revisions"}],"wp:attachment":[{"href":"https:\/\/niuxtech.lt\/ru\/wp-json\/wp\/v2\/media?parent=103"}],"curies":[{"name":"WP","href":"https:\/\/api.w.org\/{rel}","templated":true}]}}