{"id":73,"date":"2023-01-02T21:35:25","date_gmt":"2023-01-02T19:35:25","guid":{"rendered":"https:\/\/niuxtech.lt\/?page_id=73"},"modified":"2023-04-01T21:08:31","modified_gmt":"2023-04-01T18:08:31","slug":"contacts","status":"publish","type":"page","link":"https:\/\/niuxtech.lt\/en\/contacts\/","title":{"rendered":"Contacts"},"content":{"rendered":"<h2 style=\"\">Frequently asked questions<\/h2>\n<p style=\"\">Before contacting us, we recommend that you review the detailed information about ordering goods, entering a discount code, delivery and warranty <a href=\"https:\/\/niuxtech.lt\/en\/frequently-asked-questions-2\/\" style=\"outline: none;\"><strong>on the frequently asked questions page<\/strong><\/a>. In this way, you will find out the answer to the question you are concerned about the fastest. For other questions, consultation, cooperation opportunities - contact us in a way that is convenient for you.<\/p>\n<h2 style=\"\">Contacts<\/h2>\n<p><a href=\"mailto:info@niuxtech.lt\"><span><img data-lazyloaded=\"1\" data-placeholder-resp=\"55x86\" src=\"https:\/\/niuxtech.lt\/wp-content\/uploads\/2023\/01\/email.png\" decoding=\"async\" alt=\"\" data-id=\"324\" data-init-width=\"112\" data-init-height=\"86\" title=\"\" data-src=\"https:\/\/niuxtech.lt\/wp-content\/uploads\/2023\/01\/email.png\" data-width=\"55\" loading=\"lazy\" width=\"55\" data-ll-status=\"loaded\"><\/span><\/p>\n<p style=\"font-size: 18px !important; line-height: 1.1em !important;\">E-mail<\/p>\n<p style=\"line-height: 1.25em !important;\">info@niuxtech.lt<\/p>\n<p><\/a><span><img data-lazyloaded=\"1\" data-placeholder-resp=\"55x112\" src=\"https:\/\/niuxtech.lt\/wp-content\/uploads\/2023\/01\/messenger.png\" decoding=\"async\" alt=\"\" data-id=\"323\" data-init-width=\"122\" data-init-height=\"112\" title=\"messenger\" data-src=\"https:\/\/niuxtech.lt\/wp-content\/uploads\/2023\/01\/messenger.png\" data-width=\"55\" loading=\"lazy\" width=\"55\" data-ll-status=\"loaded\"><\/span><\/p>\n<p style=\"font-size: 18px !important; line-height: 1.1em !important;\">Messenger<\/p>\n<p style=\"\">NiuxTech Lithuania<\/p>","protected":false},"excerpt":{"rendered":"<p>Frequently asked questions Before contacting us, we recommend that you review detailed information about ordering goods, entering a discount code, delivery and warranty on the frequently asked questions page. In this way, you will find out the answer to the question you are concerned about the fastest. For other questions, consultation, cooperation opportunities - contact us in a way that is convenient for you. Contacts Email info@niuxtech.lt Messenger NiuxTech Lithuania<\/p>","protected":false},"author":1,"featured_media":0,"parent":0,"menu_order":0,"comment_status":"closed","ping_status":"closed","template":"","meta":{"footnotes":""},"class_list":["post-73","page","type-page","status-publish","hentry","post-wrapper","thrv_wrapper"],"meta_box":{"duk_temos":[],"puslapio_izanga":"Jei jums reikia patarimo renkantis prek\u0119, perkant i\u0161 <br>pardav\u0117jo ar turite klausim\u0173, susisiekite su mumis."},"_links":{"self":[{"href":"https:\/\/niuxtech.lt\/en\/wp-json\/wp\/v2\/pages\/73","targetHints":{"allow":["GET"]}}],"collection":[{"href":"https:\/\/niuxtech.lt\/en\/wp-json\/wp\/v2\/pages"}],"about":[{"href":"https:\/\/niuxtech.lt\/en\/wp-json\/wp\/v2\/types\/page"}],"author":[{"embeddable":true,"href":"https:\/\/niuxtech.lt\/en\/wp-json\/wp\/v2\/users\/1"}],"replies":[{"embeddable":true,"href":"https:\/\/niuxtech.lt\/en\/wp-json\/wp\/v2\/comments?post=73"}],"version-history":[{"count":0,"href":"https:\/\/niuxtech.lt\/en\/wp-json\/wp\/v2\/pages\/73\/revisions"}],"wp:attachment":[{"href":"https:\/\/niuxtech.lt\/en\/wp-json\/wp\/v2\/media?parent=73"}],"curies":[{"name":"wp","href":"https:\/\/api.w.org\/{rel}","templated":true}]}}