{"id":308,"date":"2023-01-09T17:56:56","date_gmt":"2023-01-09T15:56:56","guid":{"rendered":"https:\/\/niuxtech.lt\/?page_id=308"},"modified":"2025-11-19T18:51:37","modified_gmt":"2025-11-19T16:51:37","slug":"our-team","status":"publish","type":"page","link":"https:\/\/niuxtech.lt\/en\/our-team\/","title":{"rendered":"About us"},"content":{"rendered":"<p><img loading=\"lazy\" decoding=\"async\" style=\"aspect-ratio: auto 520 \/ 520;\" title=\"\" src=\"https:\/\/niuxtech.lt\/wp-content\/uploads\/2023\/01\/Roborock-S7-MaxV-Ultra-NiuxTech-3.jpg\" alt=\"\" width=\"506\" height=\"520\" data-id=\"185\" data-init-width=\"520\" data-init-height=\"520\" data-width=\"506\" \/><\/p>\n<h2 style=\"font-size: 22px !important;\">Hello!<\/h2>\n<p>The world of technology is what transports us the most, motivates us, helps us live more fun and smarter. It is our favorite hobby, free time, and at the same time a job that never ends!<\/p>\n<p>Since 2018, we have been sharing our accumulated experience and knowledge with others, because we believe that sharing is caring. We monitor and share technology news, best electronics deals, discount codes, test various products and publish detailed reviews every day.<\/p>\n<p>We are ready to answer all your questions, help you choose a product and find the best price for it. If you are also interested in the world of TECH - join the NiuxTech community, follow our news and save by purchasing various electronic goods at a lower price!<\/p>\n<p style=\"font-size: 22px !important;\"><strong>NELIS<\/strong><\/p>\n<p>Founder of NiuxTech<\/p>\n<p><img loading=\"lazy\" decoding=\"async\" style=\"aspect-ratio: auto 480 \/ 480;\" title=\"edgar-niuxtech\" src=\"https:\/\/niuxtech.lt\/wp-content\/uploads\/2022\/12\/edgaras-niuxtech.jpg\" alt=\"\" width=\"336\" height=\"336\" data-id=\"20166\" data-init-width=\"480\" data-init-height=\"480\" data-width=\"336\" data-height=\"336\" \/><\/p>\n<h2>Edgar<\/h2>\n<p dir=\"ltr\">For a long time I worked together with someone who was part of NiuxTech. When I received his offer, I accepted it without hesitation.<\/p>\n<p><img loading=\"lazy\" decoding=\"async\" style=\"aspect-ratio: auto 480 \/ 480;\" title=\"tomas-niuxtech\" src=\"https:\/\/niuxtech.lt\/wp-content\/uploads\/2022\/12\/tomas-niuxtech.jpg\" alt=\"\" width=\"343\" height=\"343\" data-id=\"20165\" data-init-width=\"480\" data-init-height=\"480\" data-width=\"343\" data-height=\"343\" \/><\/p>\n<h2>Tom<\/h2>\n<p dir=\"ltr\">Nice to meet you, I&#039;m Tom! In life, as in sports, I like to take on challenges, which is why I decided to join NiuxTech.<\/p>\n<p><img loading=\"lazy\" decoding=\"async\" style=\"aspect-ratio: auto 931 \/ 931;\" title=\"NiuxTech-join-the-team\" src=\"https:\/\/niuxtech.lt\/wp-content\/uploads\/2022\/12\/NiuxTech-prisijunk-prie-komandos.png\" alt=\"\" width=\"336\" height=\"336\" data-id=\"35840\" data-init-width=\"931\" data-init-height=\"931\" data-width=\"336\" data-height=\"336\" \/><\/p>\n<h2>Join us too!<\/h2>\n<p dir=\"ltr\">We invite TECH enthusiasts who want to contribute to NiuxTech projects! Product reviews, suggestions, news articles...<\/p>\n<p>Customers served!<span data-anim=\"ticker\" data-refresh-interval=\"10\" data-from=\"2000\" data-formatted-from=\"2.000\" data-to=\"20000\" data-final-number=\"20.000\" data-decimals=\"0\" data-thousand-divider=\".\" data-decimal-character=\".\" data-speed=\"1007\">2000+<\/span><span style=\"font-weight: normal;\">\u00a0visits per month to the website<\/span>Customers served!<span data-anim=\"ticker\" data-refresh-interval=\"10\" data-from=\"1800\" data-formatted-from=\"1.800\" data-to=\"18000\" data-final-number=\"18.000\" data-decimals=\"0\" data-thousand-divider=\".\" data-decimal-character=\".\" data-speed=\"1007\">2000+<\/span><span style=\"font-weight: normal;\"> loyal Facebook fans<\/span>Customers served!<span data-anim=\"ticker\" data-refresh-interval=\"10\" data-from=\"1300\" data-formatted-from=\"1.300\" data-to=\"13000\" data-final-number=\"13.000\" data-decimals=\"0\" data-thousand-divider=\".\" data-decimal-character=\".\" data-speed=\"1007\">2000+<\/span><span style=\"font-weight: normal;\"> YouTube subscribers<\/span>Customers served!<span data-anim=\"ticker\" data-refresh-interval=\"10\" data-from=\"1\" data-formatted-from=\"1.0\" data-to=\"4.9\" data-final-number=\"4.9\" data-decimals=\"1\" data-thousand-divider=\".\" data-decimal-character=\".\" data-speed=\"1007\">2000\/5<\/span><span style=\"font-weight: normal;\"> excellent customer rating<\/span>Customers served!<span data-anim=\"ticker\" data-refresh-interval=\"10\" data-from=\"10\" data-formatted-from=\"10\" data-to=\"100\" data-final-number=\"100\" data-decimals=\"0\" data-thousand-divider=\".\" data-decimal-character=\".\" data-speed=\"1007\">2000+<\/span><span style=\"font-weight: normal;\"> recommendations from customers<\/span>Customers served!<span data-anim=\"ticker\" data-refresh-interval=\"10\" data-from=\"1\" data-formatted-from=\"1\" data-to=\"8\" data-final-number=\"8\" data-decimals=\"0\" data-thousand-divider=\".\" data-decimal-character=\".\" data-speed=\"1007\">2000+<\/span><span style=\"font-weight: normal;\"> years of experience in the TECH field<\/span>Customers served!<span data-anim=\"ticker\" data-refresh-interval=\"10\" data-from=\"1\" data-formatted-from=\"1\" data-to=\"20\" data-final-number=\"20\" data-decimals=\"0\" data-thousand-divider=\".\" data-decimal-character=\".\" data-speed=\"1007\">2000+<\/span><span style=\"font-weight: normal;\"> long-term partners<\/span>Customers served!<span data-anim=\"ticker\" data-refresh-interval=\"10\" data-from=\"10\" data-formatted-from=\"10\" data-to=\"150\" data-final-number=\"150\" data-decimals=\"0\" data-thousand-divider=\".\" data-decimal-character=\".\" data-speed=\"1007\">2000+<\/span><span style=\"font-weight: normal;\"> product reviews<\/span><\/p>\n<h2 style=\"text-align: center;\">Customer reviews<\/h2>\n<p style=\"text-align: center;\">Those who have already taken advantage of our exclusive offers speak for us<\/p>\n<p><img loading=\"lazy\" decoding=\"async\" style=\"aspect-ratio: auto 700 \/ 208;\" title=\"\" src=\"https:\/\/niuxtech.lt\/wp-content\/uploads\/2023\/01\/atsiliepimas-1.png\" alt=\"\" width=\"350\" height=\"208\" data-id=\"379\" data-init-width=\"700\" data-init-height=\"208\" data-width=\"350\" \/><img loading=\"lazy\" decoding=\"async\" style=\"aspect-ratio: auto 526 \/ 209;\" title=\"\" src=\"https:\/\/niuxtech.lt\/wp-content\/uploads\/2022\/12\/Group-66.png\" alt=\"\" width=\"350\" height=\"209\" data-id=\"733\" data-init-width=\"526\" data-init-height=\"209\" data-width=\"350\" \/><img loading=\"lazy\" decoding=\"async\" style=\"aspect-ratio: auto 700 \/ 302;\" title=\"\" src=\"https:\/\/niuxtech.lt\/wp-content\/uploads\/2023\/01\/atsiliepimas-2-1.png\" alt=\"\" width=\"357\" height=\"302\" data-id=\"381\" data-init-width=\"700\" data-init-height=\"302\" data-width=\"357\" \/><img loading=\"lazy\" decoding=\"async\" style=\"aspect-ratio: auto 700 \/ 184;\" title=\"\" src=\"https:\/\/niuxtech.lt\/wp-content\/uploads\/2023\/01\/atsiliepimas-2.png\" alt=\"\" width=\"357\" height=\"184\" data-id=\"380\" data-init-width=\"700\" data-init-height=\"184\" data-width=\"357\" \/><img loading=\"lazy\" decoding=\"async\" style=\"aspect-ratio: auto 700 \/ 222;\" title=\"\" src=\"https:\/\/niuxtech.lt\/wp-content\/uploads\/2023\/01\/atsiliepimas-3.png\" alt=\"\" width=\"357\" height=\"222\" data-id=\"382\" data-init-width=\"700\" data-init-height=\"222\" data-width=\"357\" \/><img loading=\"lazy\" decoding=\"async\" style=\"aspect-ratio: auto 700 \/ 258;\" title=\"\" src=\"https:\/\/niuxtech.lt\/wp-content\/uploads\/2023\/01\/atsiliepimas-4.png\" alt=\"\" width=\"357\" height=\"258\" data-id=\"383\" data-init-width=\"700\" data-init-height=\"258\" data-width=\"357\" \/><\/p>\n<h2 style=\"text-align: center;\">Our partners<\/h2>\n<p style=\"text-align: center;\">Verified and trusted e-mails stores with which we cooperate<\/p>\n<ul class=\"niuxtech_kaip_uzsisakyti_sarasas_logotipai\"><li><img decoding=\"async\" src=\"https:\/\/niuxtech.lt\/wp-content\/uploads\/2022\/12\/Ali-Express-logo.png\"><\/li><li><img decoding=\"async\" src=\"https:\/\/niuxtech.lt\/wp-content\/uploads\/2022\/12\/DHGate-logo.png\"><\/li><li><img decoding=\"async\" src=\"https:\/\/niuxtech.lt\/wp-content\/uploads\/2022\/12\/Banggood-logo-1.png\"><\/li><li><img decoding=\"async\" src=\"https:\/\/niuxtech.lt\/wp-content\/uploads\/2022\/12\/Geekbuying-logo.png\"><\/li><li><img decoding=\"async\" src=\"https:\/\/niuxtech.lt\/wp-content\/uploads\/2022\/12\/GShopper-logo.png\"><\/li><li><img decoding=\"async\" src=\"https:\/\/niuxtech.lt\/wp-content\/uploads\/2022\/12\/trading-shenzhen-logo.png\"><\/li><li><img decoding=\"async\" src=\"https:\/\/niuxtech.lt\/wp-content\/uploads\/2022\/12\/soundcore-logo.png\"><\/li><li><img decoding=\"async\" src=\"https:\/\/niuxtech.lt\/wp-content\/uploads\/2022\/12\/CAFAGOlogo.png\"><\/li><li><img decoding=\"async\" src=\"https:\/\/niuxtech.lt\/wp-content\/uploads\/2022\/12\/tom-top-logo.png\"><\/li><li><img decoding=\"async\" src=\"https:\/\/niuxtech.lt\/wp-content\/uploads\/2022\/12\/ranvee-540x227.png\"><\/li><li><img decoding=\"async\" src=\"https:\/\/niuxtech.lt\/wp-content\/uploads\/2022\/12\/Giztop-logo.png\"><\/li><li><img decoding=\"async\" src=\"https:\/\/niuxtech.lt\/wp-content\/uploads\/2022\/12\/Geekmaxi-logo.png\"><\/li><li><img decoding=\"async\" src=\"https:\/\/niuxtech.lt\/wp-content\/uploads\/2022\/12\/bluetti-540x227.png\"><\/li><li><img decoding=\"async\" src=\"https:\/\/niuxtech.lt\/wp-content\/uploads\/2022\/12\/shift-540x227.png\"><\/li><li><img decoding=\"async\" src=\"https:\/\/niuxtech.lt\/wp-content\/uploads\/2022\/12\/ultimea-540x227.png\"><\/li><li><img decoding=\"async\" src=\"https:\/\/niuxtech.lt\/wp-content\/uploads\/2022\/12\/techzona-1-540x227.png\"><\/li><li><img decoding=\"async\" src=\"https:\/\/niuxtech.lt\/wp-content\/uploads\/2022\/12\/oukitel-540x227.png\"><\/li><li><img decoding=\"async\" src=\"https:\/\/niuxtech.lt\/wp-content\/uploads\/2022\/12\/enguie-1-540x227.png\"><\/li><li><img decoding=\"async\" src=\"https:\/\/niuxtech.lt\/wp-content\/uploads\/2022\/12\/Partneriai-LOGO-Bambu-Lab-NiuxTech.png\"><\/li><li><img decoding=\"async\" src=\"https:\/\/niuxtech.lt\/wp-content\/uploads\/2022\/12\/duotts-540x227.png\"><\/li><\/ul>\n<h2 style=\"text-align: center;\">Choose a topic of interest<\/h2>\n<p style=\"text-align: center;\">At NiuxTech you will find discount coupons, news, product reviews and product comparisons<\/p>\n<p><img loading=\"lazy\" decoding=\"async\" style=\"aspect-ratio: auto 52 \/ 52;\" title=\"\" src=\"https:\/\/niuxtech.lt\/wp-content\/uploads\/2023\/01\/Group-46.png\" alt=\"\" width=\"26\" height=\"52\" data-id=\"168\" data-init-width=\"52\" data-init-height=\"52\" data-width=\"26\" \/><\/p>\n<p>discount codes<\/p>\n<p><img loading=\"lazy\" decoding=\"async\" style=\"aspect-ratio: auto 48 \/ 48;\" title=\"\" src=\"https:\/\/niuxtech.lt\/wp-content\/uploads\/2023\/01\/Group-70.png\" alt=\"\" width=\"24\" height=\"48\" data-id=\"170\" data-init-width=\"48\" data-init-height=\"48\" data-width=\"24\" \/><\/p>\n<p>Product Reviews<\/p>\n<p><img loading=\"lazy\" decoding=\"async\" style=\"aspect-ratio: auto 50 \/ 50;\" title=\"\" src=\"https:\/\/niuxtech.lt\/wp-content\/uploads\/2023\/01\/Group-71.png\" alt=\"\" width=\"23\" height=\"50\" data-id=\"171\" data-init-width=\"50\" data-init-height=\"50\" data-width=\"23\" \/><\/p>\n<p>tips for choosing<\/p>\n<p><img loading=\"lazy\" decoding=\"async\" style=\"aspect-ratio: auto 48 \/ 48;\" title=\"\" src=\"https:\/\/niuxtech.lt\/wp-content\/uploads\/2023\/01\/Group-152.png\" alt=\"\" width=\"24\" height=\"48\" data-id=\"374\" data-init-width=\"48\" data-init-height=\"48\" data-width=\"24\" \/><\/p>\n<p>technology news<\/p>","protected":false},"excerpt":{"rendered":"<p>Labas! Technologij\u0173 pasaulis yra tai, kas mus labiausiai ve\u017ea, motyvuoja, padeda gyventi smagiau ir i\u0161maniau. Tai yra m\u016bs\u0173 m\u0117gstamiausias hobis, laisvalaikis, o tuo pa\u010diu ir darbas, kuris niekada neprailgsta! Nuo 2018 met\u0173 savo sukaupta patirtimi bei \u017einiomis dalinam\u0117s su kitais, nes tikime, jog sharing is caring. Kasdien stebime ir dalinam\u0117s technologij\u0173 naujienomis, geriausiais elektronikos pasi\u016blymais, [&hellip;]<\/p>\n","protected":false},"author":1,"featured_media":0,"parent":0,"menu_order":0,"comment_status":"closed","ping_status":"closed","template":"","meta":{"footnotes":""},"class_list":["post-308","page","type-page","status-publish","hentry","post-wrapper","thrv_wrapper"],"meta_box":{"duk_temos":[],"puslapio_izanga":""},"_links":{"self":[{"href":"https:\/\/niuxtech.lt\/en\/wp-json\/wp\/v2\/pages\/308","targetHints":{"allow":["GET"]}}],"collection":[{"href":"https:\/\/niuxtech.lt\/en\/wp-json\/wp\/v2\/pages"}],"about":[{"href":"https:\/\/niuxtech.lt\/en\/wp-json\/wp\/v2\/types\/page"}],"author":[{"embeddable":true,"href":"https:\/\/niuxtech.lt\/en\/wp-json\/wp\/v2\/users\/1"}],"replies":[{"embeddable":true,"href":"https:\/\/niuxtech.lt\/en\/wp-json\/wp\/v2\/comments?post=308"}],"version-history":[{"count":13,"href":"https:\/\/niuxtech.lt\/en\/wp-json\/wp\/v2\/pages\/308\/revisions"}],"predecessor-version":[{"id":36916,"href":"https:\/\/niuxtech.lt\/en\/wp-json\/wp\/v2\/pages\/308\/revisions\/36916"}],"wp:attachment":[{"href":"https:\/\/niuxtech.lt\/en\/wp-json\/wp\/v2\/media?parent=308"}],"curies":[{"name":"wp","href":"https:\/\/api.w.org\/{rel}","templated":true}]}}