{"id":281,"date":"2023-01-07T20:58:18","date_gmt":"2023-01-07T18:58:18","guid":{"rendered":"https:\/\/niuxtech.lt\/?page_id=281"},"modified":"2023-05-12T20:34:56","modified_gmt":"2023-05-12T17:34:56","slug":"tips","status":"publish","type":"page","link":"https:\/\/niuxtech.lt\/en\/tips\/","title":{"rendered":"Tips"},"content":{"rendered":"<p style=\"\"><p class=\"niuxtech_post_modified_date\">2023-01-07<\/p><\/p>\n<h2 style=\"\"><span data-attr-link=\"0\" data-attr-rel=\"0\" data-attr-target=\"0\" data-extra_key=\"\" data-option-inline=\"1\" data-shortcode=\"tcb_post_title\" data-shortcode-name=\"Post title\" style=\"\">2023 best selling electric bikes under \u20ac1000. We selected and compared the best!<\/span> <\/h2>\n<p style=\"\"><p class=\"niuxtech_post_modified_date\">2023-01-07<\/p><\/p>\n<h2 style=\"\"><span data-attr-link=\"0\" data-attr-rel=\"0\" data-attr-target=\"0\" data-extra_key=\"\" data-option-inline=\"1\" data-shortcode=\"tcb_post_title\" data-shortcode-name=\"Post title\" style=\"\">The best electric scooters of 2023 - by NiuxTech<\/span> <\/h2>\n<p style=\"\"><p class=\"niuxtech_post_modified_date\">2023-01-07<\/p><\/p>\n<h2 style=\"\"><span data-attr-link=\"0\" data-attr-rel=\"0\" data-attr-target=\"0\" data-extra_key=\"\" data-option-inline=\"1\" data-shortcode=\"tcb_post_title\" data-shortcode-name=\"Post title\" style=\"\">APVA compensation after adding a polluting car - get back up to \u20ac1000 for e. bikes!<\/span> <\/h2>\n<p style=\"\"><p class=\"niuxtech_post_modified_date\">2023-01-07<\/p><\/p>\n<h2 style=\"\"><span data-attr-link=\"0\" data-attr-rel=\"0\" data-attr-target=\"0\" data-extra_key=\"\" data-option-inline=\"1\" data-shortcode=\"tcb_post_title\" data-shortcode-name=\"Post title\" style=\"\">Comparison of the best Roborock robot pumps - which model to choose?<\/span> <\/h2>\n<p style=\"\"><p class=\"niuxtech_post_modified_date\">2023-01-07<\/p><\/p>\n<h2 style=\"\"><span data-attr-link=\"0\" data-attr-rel=\"0\" data-attr-target=\"0\" data-extra_key=\"\" data-option-inline=\"1\" data-shortcode=\"tcb_post_title\" data-shortcode-name=\"Post title\" style=\"\">Which scooter is better: Ninebot MAX G30 or Inmotion S1?<\/span> <\/h2>\n<p style=\"\"><p class=\"niuxtech_post_modified_date\">2023-01-07<\/p><\/p>\n<h2 style=\"\"><span data-attr-link=\"0\" data-attr-rel=\"0\" data-attr-target=\"0\" data-extra_key=\"\" data-option-inline=\"1\" data-shortcode=\"tcb_post_title\" data-shortcode-name=\"Post title\" style=\"\">Don&#039;t miss it! Save and prepare for the 2023 riding season in advance!<\/span> <\/h2>\n<p> <a href=\"javascript:void(0)\"><span style=\"\"><span style=\"\">More tips<\/span><\/span><\/a><\/p>","protected":false},"excerpt":{"rendered":"<p>2023 perkamiausi elektriniai dvira\u010diai iki \u20ac1000. Atrinkome ir palyginome geriausius! Geriausi 2023 met\u0173 elektriniai paspirtukai \u2013 by NiuxTech APVA kompensacija pridavus tar\u0161\u0173 automobil\u012f \u2013 atgauk net iki \u20ac1000 u\u017e el. dvira\u010dius! Geriausi\u0173 Roborock robot\u0173 siurbli\u0173 palyginimas \u2013 kur\u012f model\u012f pasirinkti? Kuris paspirtukas geresnis: Ninebot MAX G30 ar Inmotion S1? Nepra\u017eiopsok! Sutaupyk ir pasiruo\u0161k 2023 met\u0173 [&hellip;]<\/p>\n","protected":false},"author":1,"featured_media":0,"parent":0,"menu_order":0,"comment_status":"closed","ping_status":"closed","template":"","meta":{"footnotes":""},"class_list":["post-281","page","type-page","status-publish","hentry","post-wrapper","thrv_wrapper"],"meta_box":{"duk_temos":[],"puslapio_izanga":"Neapsisprendi, kur\u012f produkt\u0105 pasirinkti? \u0160ioje skiltyje rasi pana\u0161i\u0173 produkt\u0173 palyginimus ir patarimus, k\u0105 rinktis"},"_links":{"self":[{"href":"https:\/\/niuxtech.lt\/en\/wp-json\/wp\/v2\/pages\/281","targetHints":{"allow":["GET"]}}],"collection":[{"href":"https:\/\/niuxtech.lt\/en\/wp-json\/wp\/v2\/pages"}],"about":[{"href":"https:\/\/niuxtech.lt\/en\/wp-json\/wp\/v2\/types\/page"}],"author":[{"embeddable":true,"href":"https:\/\/niuxtech.lt\/en\/wp-json\/wp\/v2\/users\/1"}],"replies":[{"embeddable":true,"href":"https:\/\/niuxtech.lt\/en\/wp-json\/wp\/v2\/comments?post=281"}],"version-history":[{"count":0,"href":"https:\/\/niuxtech.lt\/en\/wp-json\/wp\/v2\/pages\/281\/revisions"}],"wp:attachment":[{"href":"https:\/\/niuxtech.lt\/en\/wp-json\/wp\/v2\/media?parent=281"}],"curies":[{"name":"wp","href":"https:\/\/api.w.org\/{rel}","templated":true}]}}