{"id":268,"date":"2023-01-07T20:10:20","date_gmt":"2023-01-07T18:10:20","guid":{"rendered":"https:\/\/niuxtech.lt\/?page_id=268"},"modified":"2023-05-12T20:34:16","modified_gmt":"2023-05-12T17:34:16","slug":"news","status":"publish","type":"page","link":"https:\/\/niuxtech.lt\/en\/news\/","title":{"rendered":"Tech news"},"content":{"rendered":"<p style=\"\"><p class=\"niuxtech_post_modified_date\">2023-01-07<\/p><\/p>\n<h2 style=\"\"><span data-attr-link=\"0\" data-attr-rel=\"0\" data-attr-target=\"0\" data-extra_key=\"\" data-option-inline=\"1\" data-shortcode=\"tcb_post_title\" data-shortcode-name=\"Post title\" style=\"\">POCO F5 and POCO F5 Pro phones officially launched. Find out how much it will cost!<\/span> <\/h2>\n<p style=\"\"><p class=\"niuxtech_post_modified_date\">2023-01-07<\/p><\/p>\n<h2 style=\"\"><span data-attr-link=\"0\" data-attr-rel=\"0\" data-attr-target=\"0\" data-extra_key=\"\" data-option-inline=\"1\" data-shortcode=\"tcb_post_title\" data-shortcode-name=\"Post title\" style=\"\">Official launch of POCO F5 and F5 Pro phones on May 9. What are the expected parameters?<\/span> <\/h2>\n<p style=\"\"><p class=\"niuxtech_post_modified_date\">2023-01-07<\/p><\/p>\n<h2 style=\"\"><span data-attr-link=\"0\" data-attr-rel=\"0\" data-attr-target=\"0\" data-extra_key=\"\" data-option-inline=\"1\" data-shortcode=\"tcb_post_title\" data-shortcode-name=\"Post title\" style=\"\">Xiaomi latest products: Xiaomi Band 8, Xiaomi 13 Ultra, Xiaomi Pad 6 \/ 6 Pro\u2026<\/span> <\/h2>\n<p style=\"\"><p class=\"niuxtech_post_modified_date\">2023-01-07<\/p><\/p>\n<h2 style=\"\"><span data-attr-link=\"0\" data-attr-rel=\"0\" data-attr-target=\"0\" data-extra_key=\"\" data-option-inline=\"1\" data-shortcode=\"tcb_post_title\" data-shortcode-name=\"Post title\" style=\"\">Presentation of Xiaomi Pad 6 \/ 6 Pro and Xiaomi Band 8 already on April 18. What is already known?<\/span> <\/h2>\n<p style=\"\"><p class=\"niuxtech_post_modified_date\">2023-01-07<\/p><\/p>\n<h2 style=\"\"><span data-attr-link=\"0\" data-attr-rel=\"0\" data-attr-target=\"0\" data-extra_key=\"\" data-option-inline=\"1\" data-shortcode=\"tcb_post_title\" data-shortcode-name=\"Post title\" style=\"\">Xiaomi 13 ULTRA will be presented on April 18. What is the expected price and parameters?<\/span> <\/h2>\n<p style=\"\"><p class=\"niuxtech_post_modified_date\">2023-01-07<\/p><\/p>\n<h2 style=\"\"><span data-attr-link=\"0\" data-attr-rel=\"0\" data-attr-target=\"0\" data-extra_key=\"\" data-option-inline=\"1\" data-shortcode=\"tcb_post_title\" data-shortcode-name=\"Post title\" style=\"\">The sale of new generation Roborock S8 robotic pumps has started<\/span> <\/h2>\n<p style=\"\"><p class=\"niuxtech_post_modified_date\">2023-01-07<\/p><\/p>\n<h2 style=\"\"><span data-attr-link=\"0\" data-attr-rel=\"0\" data-attr-target=\"0\" data-extra_key=\"\" data-option-inline=\"1\" data-shortcode=\"tcb_post_title\" data-shortcode-name=\"Post title\" style=\"\">News from Xiaomi: Series 13 phones, Watch S1 Pro, Buds 4 Pro, Scooter 4 Utra<\/span> <\/h2>\n<p style=\"\"><p class=\"niuxtech_post_modified_date\">2023-01-07<\/p><\/p>\n<h2 style=\"\"><span data-attr-link=\"0\" data-attr-rel=\"0\" data-attr-target=\"0\" data-extra_key=\"\" data-option-inline=\"1\" data-shortcode=\"tcb_post_title\" data-shortcode-name=\"Post title\" style=\"\">Xiaomi Mi Scooter 4 ULTRA - the first Xiaomi scooter with shock absorbers!<\/span> <\/h2>\n<p style=\"\"><p class=\"niuxtech_post_modified_date\">2023-01-07<\/p><\/p>\n<h2 style=\"\"><span data-attr-link=\"0\" data-attr-rel=\"0\" data-attr-target=\"0\" data-extra_key=\"\" data-option-inline=\"1\" data-shortcode=\"tcb_post_title\" data-shortcode-name=\"Post title\" style=\"\">New Segway - Ninebot 2023 electric scooters presented! Is it worth the wait?<\/span> <\/h2>\n<p style=\"\"><p class=\"niuxtech_post_modified_date\">2023-01-07<\/p><\/p>\n<h2 style=\"\"><span data-attr-link=\"0\" data-attr-rel=\"0\" data-attr-target=\"0\" data-extra_key=\"\" data-option-inline=\"1\" data-shortcode=\"tcb_post_title\" data-shortcode-name=\"Post title\" style=\"\">Xiaomi &quot;Modena&quot; MS11 electric car sales will start already in 2024!?<\/span> <\/h2>\n<p style=\"\"><p class=\"niuxtech_post_modified_date\">2023-01-07<\/p><\/p>\n<h2 style=\"\"><span data-attr-link=\"0\" data-attr-rel=\"0\" data-attr-target=\"0\" data-extra_key=\"\" data-option-inline=\"1\" data-shortcode=\"tcb_post_title\" data-shortcode-name=\"Post title\" style=\"\">The new Roborock S8 series robot pumps have been introduced! What&#039;s new and how much will it cost?<\/span> <\/h2>\n<p style=\"\"><p class=\"niuxtech_post_modified_date\">2023-01-07<\/p><\/p>\n<h2 style=\"\"><span data-attr-link=\"0\" data-attr-rel=\"0\" data-attr-target=\"0\" data-extra_key=\"\" data-option-inline=\"1\" data-shortcode=\"tcb_post_title\" data-shortcode-name=\"Post title\" style=\"\">Surron Ultra Bee - new electric motorcycle with 12.5kW power and 74V 55Ah battery<\/span> <\/h2>\n<p style=\"\"><p class=\"niuxtech_post_modified_date\">2023-01-07<\/p><\/p>\n<h2 style=\"\"><span data-attr-link=\"0\" data-attr-rel=\"0\" data-attr-target=\"0\" data-extra_key=\"\" data-option-inline=\"1\" data-shortcode=\"tcb_post_title\" data-shortcode-name=\"Post title\" style=\"\">OnePlus 11 phone officially launched! The parameters and prices have become clear<\/span> <\/h2>\n<p> <a href=\"javascript:void(0)\"><span style=\"\"><span style=\"\">MORE news<\/span><\/span><\/a><\/p>","protected":false},"excerpt":{"rendered":"<p>Oficialiai pristatyti POCO F5 ir POCO F5 Pro telefonai. Su\u017einok kiek kainuos! POCO F5 ir F5 Pro telefon\u0173 oficialus pristatymas gegu\u017e\u0117s 9 d. Kokie numatomi parametrai? Xiaomi naujausi produktai: Xiaomi Band 8, Xiaomi 13 Ultra, Xiaomi Pad 6 \/ 6 Pro&#8230; Xiaomi Pad 6 \/ 6 Pro ir Xiaomi Band 8 pristatymas jau baland\u017eio 18 [&hellip;]<\/p>\n","protected":false},"author":1,"featured_media":0,"parent":0,"menu_order":0,"comment_status":"closed","ping_status":"closed","template":"","meta":{"footnotes":""},"class_list":["post-268","page","type-page","status-publish","hentry","post-wrapper","thrv_wrapper"],"meta_box":{"duk_temos":[],"puslapio_izanga":"Technologij\u0173 ir elektronikos pasaulio produkt\u0173 naujienos"},"_links":{"self":[{"href":"https:\/\/niuxtech.lt\/en\/wp-json\/wp\/v2\/pages\/268","targetHints":{"allow":["GET"]}}],"collection":[{"href":"https:\/\/niuxtech.lt\/en\/wp-json\/wp\/v2\/pages"}],"about":[{"href":"https:\/\/niuxtech.lt\/en\/wp-json\/wp\/v2\/types\/page"}],"author":[{"embeddable":true,"href":"https:\/\/niuxtech.lt\/en\/wp-json\/wp\/v2\/users\/1"}],"replies":[{"embeddable":true,"href":"https:\/\/niuxtech.lt\/en\/wp-json\/wp\/v2\/comments?post=268"}],"version-history":[{"count":0,"href":"https:\/\/niuxtech.lt\/en\/wp-json\/wp\/v2\/pages\/268\/revisions"}],"wp:attachment":[{"href":"https:\/\/niuxtech.lt\/en\/wp-json\/wp\/v2\/media?parent=268"}],"curies":[{"name":"wp","href":"https:\/\/api.w.org\/{rel}","templated":true}]}}