{"id":20918,"date":"2024-10-27T12:24:18","date_gmt":"2024-10-27T10:24:18","guid":{"rendered":"https:\/\/niuxtech.lt\/?page_id=20918"},"modified":"2024-10-27T12:24:32","modified_gmt":"2024-10-27T10:24:32","slug":"reviews-5","status":"publish","type":"page","link":"https:\/\/niuxtech.lt\/en\/reviews-5\/","title":{"rendered":"Product Reviews: Edgaras"},"content":{"rendered":"<p style=\"\"><\/p>\n<p style=\"\"><p class=\"niuxtech_post_modified_date\">2024-10-27<\/p><\/p>\n<h2 style=\"\"><span data-attr-link=\"0\" data-attr-rel=\"0\" data-attr-target=\"0\" data-extra_key=\"\" data-option-inline=\"1\" data-shortcode=\"tcb_post_title\" data-shortcode-name=\"Post title\" style=\"\">ANGWATT CS1 electric scooter - a lamb in wolf&#039;s clothing?!<\/span> <\/h2>\n<p style=\"\"><\/p>\n<p style=\"\"><p class=\"niuxtech_post_modified_date\">2024-10-27<\/p><\/p>\n<h2 style=\"\"><span data-attr-link=\"0\" data-attr-rel=\"0\" data-attr-target=\"0\" data-extra_key=\"\" data-option-inline=\"1\" data-shortcode=\"tcb_post_title\" data-shortcode-name=\"Post title\" style=\"\">Hot air fryer Chefree AFW01: the ability to enjoy dinner in 15 minutes?<\/span> <\/h2>\n<p style=\"\"><\/p>\n<p style=\"\"><p class=\"niuxtech_post_modified_date\">2024-10-27<\/p><\/p>\n<h2 style=\"\"><span data-attr-link=\"0\" data-attr-rel=\"0\" data-attr-target=\"0\" data-extra_key=\"\" data-option-inline=\"1\" data-shortcode=\"tcb_post_title\" data-shortcode-name=\"Post title\" style=\"\">The almighty OnePlus Pad 2 - for each and every one?<\/span> <\/h2>\n<p style=\"\"><\/p>\n<p style=\"\"><p class=\"niuxtech_post_modified_date\">2024-10-27<\/p><\/p>\n<h2 style=\"\"><span data-attr-link=\"0\" data-attr-rel=\"0\" data-attr-target=\"0\" data-extra_key=\"\" data-option-inline=\"1\" data-shortcode=\"tcb_post_title\" data-shortcode-name=\"Post title\" style=\"\">Kaabo Mantis KING GT - is the &quot;king&quot; status still maintained in 2024?<\/span> <\/h2>\n<p> <a href=\"javascript:void(0)\"><span style=\"\"><span style=\"\">More reviews<\/span><\/span><\/a><\/p>","protected":false},"excerpt":{"rendered":"<p>ANGWATT CS1 electric scooter \u2013 a lamb in wolf&#039;s clothing?! Chefree AFW01 hot air fryer: the opportunity to enjoy dinner in 15 minutes? The almighty OnePlus Pad 2 \u2013 for everyone? Kaabo Mantis KING GT \u2013 is the status of &quot;king&quot; still maintained in 2024? More reviews<\/p>","protected":false},"author":2,"featured_media":0,"parent":0,"menu_order":0,"comment_status":"closed","ping_status":"closed","template":"","meta":{"footnotes":""},"class_list":["post-20918","page","type-page","status-publish","hentry","post-wrapper","thrv_wrapper"],"meta_box":{"duk_temos":[],"puslapio_izanga":"Tech ir elektronikos produkt\u0173 ap\u017evalgos - pirmieji \u012fsp\u016bd\u017eiai ir \u012fvertinimai"},"_links":{"self":[{"href":"https:\/\/niuxtech.lt\/en\/wp-json\/wp\/v2\/pages\/20918","targetHints":{"allow":["GET"]}}],"collection":[{"href":"https:\/\/niuxtech.lt\/en\/wp-json\/wp\/v2\/pages"}],"about":[{"href":"https:\/\/niuxtech.lt\/en\/wp-json\/wp\/v2\/types\/page"}],"author":[{"embeddable":true,"href":"https:\/\/niuxtech.lt\/en\/wp-json\/wp\/v2\/users\/2"}],"replies":[{"embeddable":true,"href":"https:\/\/niuxtech.lt\/en\/wp-json\/wp\/v2\/comments?post=20918"}],"version-history":[{"count":0,"href":"https:\/\/niuxtech.lt\/en\/wp-json\/wp\/v2\/pages\/20918\/revisions"}],"wp:attachment":[{"href":"https:\/\/niuxtech.lt\/en\/wp-json\/wp\/v2\/media?parent=20918"}],"curies":[{"name":"wp","href":"https:\/\/api.w.org\/{rel}","templated":true}]}}