{"id":20914,"date":"2024-10-27T12:22:32","date_gmt":"2024-10-27T10:22:32","guid":{"rendered":"https:\/\/niuxtech.lt\/?page_id=20914"},"modified":"2024-10-27T12:23:11","modified_gmt":"2024-10-27T10:23:11","slug":"reviews-4","status":"publish","type":"page","link":"https:\/\/niuxtech.lt\/en\/reviews-4\/","title":{"rendered":"Product Reviews: Volume"},"content":{"rendered":"<p style=\"\"><\/p>\n<p style=\"\"><p class=\"niuxtech_post_modified_date\">2024-10-27<\/p><\/p>\n<h2 style=\"\"><span data-attr-link=\"0\" data-attr-rel=\"0\" data-attr-target=\"0\" data-extra_key=\"\" data-option-inline=\"1\" data-shortcode=\"tcb_post_title\" data-shortcode-name=\"Post title\" style=\"\">Video recorder 70mai Dash Cam 4K A810 - the guarantor of travel safety?<\/span> <\/h2>\n<p style=\"\"><\/p>\n<p style=\"\"><p class=\"niuxtech_post_modified_date\">2024-10-27<\/p><\/p>\n<h2 style=\"\"><span data-attr-link=\"0\" data-attr-rel=\"0\" data-attr-target=\"0\" data-extra_key=\"\" data-option-inline=\"1\" data-shortcode=\"tcb_post_title\" data-shortcode-name=\"Post title\" style=\"\">IMILAB EC6 and EC6 Dual smart surveillance camera competition. Which one to choose?<\/span> <\/h2>\n<p style=\"\"><\/p>\n<p style=\"\"><p class=\"niuxtech_post_modified_date\">2024-10-27<\/p><\/p>\n<h2 style=\"\"><span data-attr-link=\"0\" data-attr-rel=\"0\" data-attr-target=\"0\" data-extra_key=\"\" data-option-inline=\"1\" data-shortcode=\"tcb_post_title\" data-shortcode-name=\"Post title\" style=\"\">Wanbo DaVinci 1 Pro - What does this budget projector do? We compared it with Wanbo Mozart 1<\/span> <\/h2>\n<p> <a href=\"javascript:void(0)\"><span style=\"\"><span style=\"\">More reviews<\/span><\/span><\/a><\/p>","protected":false},"excerpt":{"rendered":"<p>Video recorder 70mai Dash Cam 4K A810 \u2013 a guarantee of travel safety? IMILAB EC6 and EC6 Dual smart surveillance camera competition. Which one to choose? Wanbo DaVinci 1 Pro \u2013 what is this budget projector capable of? Compared with Wanbo Mozart 1 More reviews<\/p>","protected":false},"author":2,"featured_media":0,"parent":0,"menu_order":0,"comment_status":"closed","ping_status":"closed","template":"","meta":{"footnotes":""},"class_list":["post-20914","page","type-page","status-publish","hentry","post-wrapper","thrv_wrapper"],"meta_box":{"duk_temos":[],"puslapio_izanga":"Tech ir elektronikos produkt\u0173 ap\u017evalgos - pirmieji \u012fsp\u016bd\u017eiai ir \u012fvertinimai"},"_links":{"self":[{"href":"https:\/\/niuxtech.lt\/en\/wp-json\/wp\/v2\/pages\/20914","targetHints":{"allow":["GET"]}}],"collection":[{"href":"https:\/\/niuxtech.lt\/en\/wp-json\/wp\/v2\/pages"}],"about":[{"href":"https:\/\/niuxtech.lt\/en\/wp-json\/wp\/v2\/types\/page"}],"author":[{"embeddable":true,"href":"https:\/\/niuxtech.lt\/en\/wp-json\/wp\/v2\/users\/2"}],"replies":[{"embeddable":true,"href":"https:\/\/niuxtech.lt\/en\/wp-json\/wp\/v2\/comments?post=20914"}],"version-history":[{"count":0,"href":"https:\/\/niuxtech.lt\/en\/wp-json\/wp\/v2\/pages\/20914\/revisions"}],"wp:attachment":[{"href":"https:\/\/niuxtech.lt\/en\/wp-json\/wp\/v2\/media?parent=20914"}],"curies":[{"name":"wp","href":"https:\/\/api.w.org\/{rel}","templated":true}]}}