{"id":103,"date":"2023-01-03T14:06:49","date_gmt":"2023-01-03T12:06:49","guid":{"rendered":"https:\/\/niuxtech.lt\/?page_id=103"},"modified":"2024-09-22T20:45:54","modified_gmt":"2024-09-22T17:45:54","slug":"discounts","status":"publish","type":"page","link":"https:\/\/niuxtech.lt\/en\/discounts\/","title":{"rendered":"Discounts"},"content":{"rendered":"<p style=\"\"><\/p>\n<p style=\"\"><p class=\"niuxtech_post_modified_date\">2023-01-03<\/p><\/p>\n<h2 style=\"\"><span data-attr-link=\"0\" data-attr-rel=\"0\" data-attr-target=\"0\" data-extra_key=\"\" data-option-inline=\"1\" data-shortcode=\"tcb_post_title\" data-shortcode-name=\"Post title\" style=\"\">3D printer Creality Ender-3 V3 KE with fast delivery from EU warehouse only \u20ac234<\/span> <\/h2>\n<p style=\"\"><\/p>\n<p style=\"\"><p class=\"niuxtech_post_modified_date\">2023-01-03<\/p><\/p>\n<h2 style=\"\"><span data-attr-link=\"0\" data-attr-rel=\"0\" data-attr-target=\"0\" data-extra_key=\"\" data-option-inline=\"1\" data-shortcode=\"tcb_post_title\" data-shortcode-name=\"Post title\" style=\"\">KingSong S16 Pro Electric Unicycle with Samsung 50S Battery and 5000W Instant Power<\/span> <\/h2>\n<p style=\"\"><\/p>\n<p style=\"\"><p class=\"niuxtech_post_modified_date\">2023-01-03<\/p><\/p>\n<h2 style=\"\"><span data-attr-link=\"0\" data-attr-rel=\"0\" data-attr-target=\"0\" data-extra_key=\"\" data-option-inline=\"1\" data-shortcode=\"tcb_post_title\" data-shortcode-name=\"Post title\" style=\"\">FOSSiBOT F3600 Pro mobile power station with 3600W power and 3840Wh LiFePO4 battery<\/span> <\/h2>\n<p style=\"\"><\/p>\n<p style=\"\"><p class=\"niuxtech_post_modified_date\">2023-01-03<\/p><\/p>\n<h2 style=\"\"><span data-attr-link=\"0\" data-attr-rel=\"0\" data-attr-target=\"0\" data-extra_key=\"\" data-option-inline=\"1\" data-shortcode=\"tcb_post_title\" data-shortcode-name=\"Post title\" style=\"\">Only \u20ac49 for Xiaomi Band 8 Pro smart bracelet with 1.74\u201d AMOLED screen and integrated GPS<\/span> <\/h2>\n<p style=\"\"><\/p>\n<p style=\"\"><p class=\"niuxtech_post_modified_date\">2023-01-03<\/p><\/p>\n<h2 style=\"\"><span data-attr-link=\"0\" data-attr-rel=\"0\" data-attr-target=\"0\" data-extra_key=\"\" data-option-inline=\"1\" data-shortcode=\"tcb_post_title\" data-shortcode-name=\"Post title\" style=\"\">Wltoys 144001 Radio Controlled Car with fast delivery from EU for \u20ac78<\/span> <\/h2>\n<p style=\"\"><\/p>\n<p style=\"\"><p class=\"niuxtech_post_modified_date\">2023-01-03<\/p><\/p>\n<h2 style=\"\"><span data-attr-link=\"0\" data-attr-rel=\"0\" data-attr-target=\"0\" data-extra_key=\"\" data-option-inline=\"1\" data-shortcode=\"tcb_post_title\" data-shortcode-name=\"Post title\" style=\"\">Redmi Note 13 Pro+ phone with 200MP camera, 12+512GB, IP68 and 120W charging for \u20ac304<\/span> <\/h2>\n<p style=\"\"><\/p>\n<p style=\"\"><p class=\"niuxtech_post_modified_date\">2023-01-03<\/p><\/p>\n<h2 style=\"\"><span data-attr-link=\"0\" data-attr-rel=\"0\" data-attr-target=\"0\" data-extra_key=\"\" data-option-inline=\"1\" data-shortcode=\"tcb_post_title\" data-shortcode-name=\"Post title\" style=\"\">Insta360 X4 action camera with 8K resolution and 360\u00b0 panoramic filming for \u20ac493<\/span> <\/h2>\n<p style=\"\"><\/p>\n<p style=\"\"><p class=\"niuxtech_post_modified_date\">2023-01-03<\/p><\/p>\n<h2 style=\"\"><span data-attr-link=\"0\" data-attr-rel=\"0\" data-attr-target=\"0\" data-extra_key=\"\" data-option-inline=\"1\" data-shortcode=\"tcb_post_title\" data-shortcode-name=\"Post title\" style=\"\">Xiaomi Redmi Pad SE 8+256GB tablet with fast delivery from EU warehouse for only \u20ac150<\/span> <\/h2>\n<p style=\"\"><\/p>\n<p style=\"\"><p class=\"niuxtech_post_modified_date\">2023-01-03<\/p><\/p>\n<h2 style=\"\"><span data-attr-link=\"0\" data-attr-rel=\"0\" data-attr-target=\"0\" data-extra_key=\"\" data-option-inline=\"1\" data-shortcode=\"tcb_post_title\" data-shortcode-name=\"Post title\" style=\"\">POCO X6 Pro 5G phone with 8+256GB memory and Dimensity 8300-Ultra only \u20ac232<\/span> <\/h2>\n<p style=\"\"><\/p>\n<p style=\"\"><p class=\"niuxtech_post_modified_date\">2023-01-03<\/p><\/p>\n<h2 style=\"\"><span data-attr-link=\"0\" data-attr-rel=\"0\" data-attr-target=\"0\" data-extra_key=\"\" data-option-inline=\"1\" data-shortcode=\"tcb_post_title\" data-shortcode-name=\"Post title\" style=\"\">Ninebot MAX G30 - the best price-quality urban electric scooter! Price: \u20ac478<\/span> <\/h2>\n<p style=\"\"><\/p>\n<p style=\"\"><p class=\"niuxtech_post_modified_date\">2023-01-03<\/p><\/p>\n<h2 style=\"\"><span data-attr-link=\"0\" data-attr-rel=\"0\" data-attr-target=\"0\" data-extra_key=\"\" data-option-inline=\"1\" data-shortcode=\"tcb_post_title\" data-shortcode-name=\"Post title\" style=\"\">DUOTTS E26 e-bike with 750W motor, 48V 20Ah battery and 55km\/h speed! Price: \u20ac1999<\/span> <\/h2>\n<p style=\"\"><\/p>\n<p style=\"\"><p class=\"niuxtech_post_modified_date\">2023-01-03<\/p><\/p>\n<h2 style=\"\"><span data-attr-link=\"0\" data-attr-rel=\"0\" data-attr-target=\"0\" data-extra_key=\"\" data-option-inline=\"1\" data-shortcode=\"tcb_post_title\" data-shortcode-name=\"Post title\" style=\"\">Wanbo DaVinci 1 Pro projector for \u20ac229. Full HD resolution, Android TV 11, Netflix 1080P<\/span> <\/h2>\n<p style=\"\"><\/p>\n<p style=\"\"><p class=\"niuxtech_post_modified_date\">2023-01-03<\/p><\/p>\n<h2 style=\"\"><span data-attr-link=\"0\" data-attr-rel=\"0\" data-attr-target=\"0\" data-extra_key=\"\" data-option-inline=\"1\" data-shortcode=\"tcb_post_title\" data-shortcode-name=\"Post title\" style=\"\">DUOTTS C29 e. bicycle with 29\u2033 wheels, 750W motor and 48V 15Ah battery! Price: \u20ac709<\/span> <\/h2>\n<p style=\"\"><\/p>\n<p style=\"\"><p class=\"niuxtech_post_modified_date\">2023-01-03<\/p><\/p>\n<h2 style=\"\"><span data-attr-link=\"0\" data-attr-rel=\"0\" data-attr-target=\"0\" data-extra_key=\"\" data-option-inline=\"1\" data-shortcode=\"tcb_post_title\" data-shortcode-name=\"Post title\" style=\"\">FIMI X8 Mini 3 - the latest drone with a 4K camera and up to 32 min of flight time for \u20ac297<\/span> <\/h2>\n<p style=\"\"><\/p>\n<p style=\"\"><p class=\"niuxtech_post_modified_date\">2023-01-03<\/p><\/p>\n<h2 style=\"\"><span data-attr-link=\"0\" data-attr-rel=\"0\" data-attr-target=\"0\" data-extra_key=\"\" data-option-inline=\"1\" data-shortcode=\"tcb_post_title\" data-shortcode-name=\"Post title\" style=\"\">Inmotion V10F EUC Electric Unicycle with fast delivery from EU warehouse for \u20ac767<\/span> <\/h2>\n<p style=\"\"><\/p>\n<p style=\"\"><p class=\"niuxtech_post_modified_date\">2023-01-03<\/p><\/p>\n<h2 style=\"\"><span data-attr-link=\"0\" data-attr-rel=\"0\" data-attr-target=\"0\" data-extra_key=\"\" data-option-inline=\"1\" data-shortcode=\"tcb_post_title\" data-shortcode-name=\"Post title\" style=\"\">Only \u20ac579 for Segway Ninebot MAX G2 scooter with 1000W instantaneous power and 35km\/h max.<\/span> <\/h2>\n<p style=\"\"><\/p>\n<p style=\"\"><p class=\"niuxtech_post_modified_date\">2023-01-03<\/p><\/p>\n<h2 style=\"\"><span data-attr-link=\"0\" data-attr-rel=\"0\" data-attr-target=\"0\" data-extra_key=\"\" data-option-inline=\"1\" data-shortcode=\"tcb_post_title\" data-shortcode-name=\"Post title\" style=\"\">Robot pump Narwal Freo Z Ultra with 12,000Pa suction power + cleaning station<\/span> <\/h2>\n<p style=\"\"><\/p>\n<p style=\"\"><p class=\"niuxtech_post_modified_date\">2023-01-03<\/p><\/p>\n<h2 style=\"\"><span data-attr-link=\"0\" data-attr-rel=\"0\" data-attr-target=\"0\" data-extra_key=\"\" data-option-inline=\"1\" data-shortcode=\"tcb_post_title\" data-shortcode-name=\"Post title\" style=\"\">ULTIMEA Nova S70 Home Theater System 3.1.2 with fast delivery from EU warehouse only \u20ac148<\/span> <\/h2>\n<p style=\"\"><\/p>\n<p style=\"\"><p class=\"niuxtech_post_modified_date\">2023-01-03<\/p><\/p>\n<h2 style=\"\"><span data-attr-link=\"0\" data-attr-rel=\"0\" data-attr-target=\"0\" data-extra_key=\"\" data-option-inline=\"1\" data-shortcode=\"tcb_post_title\" data-shortcode-name=\"Post title\" style=\"\">Eat healthier! Proscenic T22 hot air fryer with fast delivery for \u20ac77<\/span> <\/h2>\n<p style=\"\"><\/p>\n<p style=\"\"><p class=\"niuxtech_post_modified_date\">2023-01-03<\/p><\/p>\n<h2 style=\"\"><span data-attr-link=\"0\" data-attr-rel=\"0\" data-attr-target=\"0\" data-extra_key=\"\" data-option-inline=\"1\" data-shortcode=\"tcb_post_title\" data-shortcode-name=\"Post title\" style=\"\">Only \u20ac543 for Ninkear N16 Pro Laptop with Intel Core i7-13620H and 32GB+1TB<\/span> <\/h2>\n<p style=\"\"><\/p>\n<p style=\"\"><p class=\"niuxtech_post_modified_date\">2023-01-03<\/p><\/p>\n<h2 style=\"\"><span data-attr-link=\"0\" data-attr-rel=\"0\" data-attr-target=\"0\" data-extra_key=\"\" data-option-inline=\"1\" data-shortcode=\"tcb_post_title\" data-shortcode-name=\"Post title\" style=\"\">\u20ac233 for a Nintendo Switch game console with 256GB + saved games (refurbished\/used)<\/span> <\/h2>\n<p style=\"\"><\/p>\n<p style=\"\"><p class=\"niuxtech_post_modified_date\">2023-01-03<\/p><\/p>\n<h2 style=\"\"><span data-attr-link=\"0\" data-attr-rel=\"0\" data-attr-target=\"0\" data-extra_key=\"\" data-option-inline=\"1\" data-shortcode=\"tcb_post_title\" data-shortcode-name=\"Post title\" style=\"\">Eat healthier! Chefree AFW01 hot air fryer with fast delivery only \u20ac64<\/span> <\/h2>\n<p style=\"\"><\/p>\n<p style=\"\"><p class=\"niuxtech_post_modified_date\">2023-01-03<\/p><\/p>\n<h2 style=\"\"><span data-attr-link=\"0\" data-attr-rel=\"0\" data-attr-target=\"0\" data-extra_key=\"\" data-option-inline=\"1\" data-shortcode=\"tcb_post_title\" data-shortcode-name=\"Post title\" style=\"\">Proscenic BM300 \u2013 a child monitoring camera with a 5\u2033 screen in a set for \u20ac85<\/span> <\/h2>\n<p style=\"\"><\/p>\n<p style=\"\"><p class=\"niuxtech_post_modified_date\">2023-01-03<\/p><\/p>\n<h2 style=\"\"><span data-attr-link=\"0\" data-attr-rel=\"0\" data-attr-target=\"0\" data-extra_key=\"\" data-option-inline=\"1\" data-shortcode=\"tcb_post_title\" data-shortcode-name=\"Post title\" style=\"\">Google Pixel 7a smartphone 8+128GB with discount coupon now for \u20ac287<\/span> <\/h2>\n<p> <a href=\"javascript:void(0)\"><span style=\"\"><span style=\"\">More offers<\/span><\/span><\/a><\/p>","protected":false},"excerpt":{"rendered":"<p>3D spausdintuvas Creality Ender-3 V3 KE su greitu pristatymu i\u0161 EU sand\u0117lio tik \u20ac234 KingSong S16 Pro elektrinis vienaratis su Samsung 50S baterija ir 5000W momentine galia FOSSiBOT F3600 Pro mobili energijos stotel\u0117 su 3600W galia ir 3840Wh LiFePO4 baterija Tik \u20ac49 u\u017e Xiaomi Band 8 Pro i\u0161mani\u0105j\u0105 apyrank\u0119 su 1.74&#8221; AMOLED ekranu ir integruotu [&hellip;]<\/p>\n","protected":false},"author":1,"featured_media":0,"parent":0,"menu_order":0,"comment_status":"closed","ping_status":"closed","template":"","meta":{"footnotes":""},"class_list":["post-103","page","type-page","status-publish","hentry","post-wrapper","thrv_wrapper"],"meta_box":{"duk_temos":[],"puslapio_izanga":"Geriausios nuolaidos ir kuponai \u012fvairioms prek\u0117ms \u2013 telefonams, laikrod\u017eiams, i\u0161maniesiems nam\u0173 \u012frenginiams, dulki\u0173 siurbliams, paspirtukams ir kt."},"_links":{"self":[{"href":"https:\/\/niuxtech.lt\/en\/wp-json\/wp\/v2\/pages\/103","targetHints":{"allow":["GET"]}}],"collection":[{"href":"https:\/\/niuxtech.lt\/en\/wp-json\/wp\/v2\/pages"}],"about":[{"href":"https:\/\/niuxtech.lt\/en\/wp-json\/wp\/v2\/types\/page"}],"author":[{"embeddable":true,"href":"https:\/\/niuxtech.lt\/en\/wp-json\/wp\/v2\/users\/1"}],"replies":[{"embeddable":true,"href":"https:\/\/niuxtech.lt\/en\/wp-json\/wp\/v2\/comments?post=103"}],"version-history":[{"count":0,"href":"https:\/\/niuxtech.lt\/en\/wp-json\/wp\/v2\/pages\/103\/revisions"}],"wp:attachment":[{"href":"https:\/\/niuxtech.lt\/en\/wp-json\/wp\/v2\/media?parent=103"}],"curies":[{"name":"wp","href":"https:\/\/api.w.org\/{rel}","templated":true}]}}